{"id":945,"date":"2017-07-31T17:35:31","date_gmt":"2017-07-31T17:35:31","guid":{"rendered":"http:\/\/maedagua.pt\/?page_id=945"},"modified":"2017-08-05T10:47:42","modified_gmt":"2017-08-05T10:47:42","slug":"areas-de-trabalho-2","status":"publish","type":"page","link":"https:\/\/maedagua.pt\/?page_id=945","title":{"rendered":"\u00c1reas de trabalho"},"content":{"rendered":"<p>[et_pb_section bb_built=&#8221;1&#8243; custom_padding=&#8221;49.0341px|0px|49.0341px|0px&#8221; _builder_version=&#8221;3.0.65&#8243;][et_pb_row background_position_1=&#8221;top_left&#8221; background_position_2=&#8221;top_left&#8221; background_repeat_1=&#8221;no-repeat&#8221; background_repeat_2=&#8221;no-repeat&#8221; _builder_version=&#8221;3.0.63&#8243; background_size=&#8221;initial&#8221; background_position=&#8221;top_left&#8221; background_repeat=&#8221;repeat&#8221;][et_pb_column type=&#8221;4_4&#8243;][et_pb_text admin_label=&#8221;TITULO&#8221; _builder_version=&#8221;3.0.65&#8243; text_font=&#8221;|on|||&#8221; text_font_size=&#8221;25px&#8221; text_text_color=&#8221;#222222&#8243; text_line_height=&#8221;1em&#8221; header_font_size=&#8221;15px&#8221; saved_tabs=&#8221;all&#8221;] \u00c1reas de trabalho [\/et_pb_text][\/et_pb_column][\/et_pb_row][et_pb_row _builder_version=&#8221;3.0.47&#8243; background_size=&#8221;initial&#8221; background_position=&#8221;top_left&#8221; background_repeat=&#8221;repeat&#8221;][et_pb_column type=&#8221;1_3&#8243;][et_pb_image src=&#8221;https:\/\/maedagua.pt\/wp-content\/uploads\/2017\/07\/Alvaiazere-1.jpg&#8221; _builder_version=&#8221;3.0.65&#8243; \/][\/et_pb_column][et_pb_column type=&#8221;2_3&#8243;][et_pb_blurb admin_label=&#8221;texto&#8221; _builder_version=&#8221;3.0.65&#8243; header_font=&#8221;Verdana||||&#8221; header_font_size=&#8221;15px&#8221; body_font_size=&#8221;15px&#8221; body_line_height=&#8221;1.6em&#8221; custom_margin=&#8221;|||&#8221; custom_padding=&#8221;|||&#8221; saved_tabs=&#8221;all&#8221; url_new_window=&#8221;off&#8221; use_icon=&#8221;off&#8221; use_circle=&#8221;off&#8221; use_circle_border=&#8221;off&#8221; icon_placement=&#8221;top&#8221; use_icon_font_size=&#8221;off&#8221; background_layout=&#8221;light&#8221; border_style=&#8221;solid&#8221; animation=&#8221;top&#8221;]<\/p>\n<p>&nbsp;<\/p>\n<p><span style=\"color: #333333;\">A <a href=\"https:\/\/maedagua.pt\/?page_id=754\"><strong>consultoria ambiental<\/strong><\/a>, o\u00a0<\/span><span style=\"color: #333333; font-size: 15px;\">\u00a0<\/span><strong style=\"font-size: 15px;\"><a style=\"font-size: 15px;\" href=\"https:\/\/maedagua.pt\/?page_id=1251\">patrim\u00f3nio natural<\/a><\/strong><span style=\"color: #333333; font-size: 15px;\">, a <a href=\"https:\/\/maedagua.pt\/?page_id=1266\"><strong>conserva\u00e7\u00e3o da natureza<\/strong><\/a> e a sua <a href=\"https:\/\/maedagua.pt\/?page_id=1273\"><strong>divulga\u00e7\u00e3o e interpreta\u00e7\u00e3o<\/strong><\/a> constituem as nossas \u00e1reas de especialidade.<\/span><\/p>\n<p><span style=\"color: #333333;\">Prestamos servi\u00e7os de consultoria nas diversas fases de desenvolvimento de projectos de investimento, encontramos solu\u00e7\u00f5es para a minimiza\u00e7\u00e3o dos seus efeitos e contribu\u00edmos para a divulga\u00e7\u00e3o e frui\u00e7\u00e3o de valores de relevo.<\/span><\/p>\n<p><span style=\"color: #333333;\">Com o apoio dos nossos parceiros a nossa actividade alarga-se para dom\u00ednios complementares como o design gr\u00e1fico e de equipamentos, a consultoria florestal e a instala\u00e7\u00e3o de equipamentos por n\u00f3s projectados.<\/span><\/p>\n<p>&nbsp;<\/p>\n<p>[\/et_pb_blurb][\/et_pb_column][\/et_pb_row][et_pb_row _builder_version=&#8221;3.0.65&#8243; background_size=&#8221;initial&#8221; background_position=&#8221;top_left&#8221; background_repeat=&#8221;repeat&#8221; background_position_1=&#8221;top_left&#8221; background_repeat_1=&#8221;no-repeat&#8221; background_position_2=&#8221;top_left&#8221; background_repeat_2=&#8221;no-repeat&#8221; background_position_3=&#8221;top_left&#8221; background_repeat_3=&#8221;no-repeat&#8221; background_position_4=&#8221;top_left&#8221; background_repeat_4=&#8221;no-repeat&#8221; disabled=&#8221;off&#8221; disabled_on=&#8221;on|on|&#8221;][et_pb_column type=&#8221;1_4&#8243;][et_pb_text _builder_version=&#8221;3.0.65&#8243; text_font_size=&#8221;18px&#8221; text_line_height=&#8221;1em&#8221; background_layout=&#8221;light&#8221; text_orientation=&#8221;left&#8221; border_style=&#8221;solid&#8221;]<\/p>\n<p><a href=\"https:\/\/maedagua.pt\/?page_id=754\"> <span style=\"color: #333333;\">Consultoria Ambiental<\/span> <\/a><\/p>\n<p>[\/et_pb_text][et_pb_image src=&#8221;https:\/\/maedagua.pt\/wp-content\/uploads\/2017\/08\/EP-Campo-Maior_figura04_Mort.jpg&#8221; _builder_version=&#8221;3.0.65&#8243; show_in_lightbox=&#8221;off&#8221; url=&#8221;https:\/\/maedagua.pt\/?page_id=754&#8243; url_new_window=&#8221;off&#8221; use_overlay=&#8221;off&#8221; sticky=&#8221;off&#8221; align=&#8221;left&#8221; always_center_on_mobile=&#8221;on&#8221; border_style=&#8221;solid&#8221; force_fullwidth=&#8221;off&#8221; \/][\/et_pb_column][et_pb_column type=&#8221;1_4&#8243;][et_pb_image src=&#8221;https:\/\/maedagua.pt\/wp-content\/uploads\/2017\/08\/AH-Lauca_4.jpg&#8221; _builder_version=&#8221;3.0.65&#8243; show_in_lightbox=&#8221;off&#8221; url=&#8221;https:\/\/maedagua.pt\/?page_id=1251&#8243; url_new_window=&#8221;off&#8221; use_overlay=&#8221;off&#8221; sticky=&#8221;off&#8221; align=&#8221;left&#8221; always_center_on_mobile=&#8221;on&#8221; border_style=&#8221;solid&#8221; force_fullwidth=&#8221;off&#8221; \/][et_pb_text _builder_version=&#8221;3.0.65&#8243; text_font_size=&#8221;18px&#8221; text_line_height=&#8221;1em&#8221; background_layout=&#8221;light&#8221; text_orientation=&#8221;left&#8221; border_style=&#8221;solid&#8221;]<\/p>\n<p><a href=\"https:\/\/maedagua.pt\/?page_id=1251\"><span style=\"color: #333333;\">Patrim\u00f3nio Natural<\/span><\/a><\/p>\n<p>[\/et_pb_text][\/et_pb_column][et_pb_column type=&#8221;1_4&#8243;][et_pb_text _builder_version=&#8221;3.0.65&#8243; text_font_size=&#8221;18px&#8221; text_line_height=&#8221;1em&#8221; background_layout=&#8221;light&#8221; text_orientation=&#8221;left&#8221; border_style=&#8221;solid&#8221;]<\/p>\n<p><a href=\"https:\/\/maedagua.pt\/?page_id=1266\"><span style=\"color: #333333;\">Conserva\u00e7\u00e3o da Natureza<\/span><\/a><\/p>\n<p>[\/et_pb_text][et_pb_image src=&#8221;https:\/\/maedagua.pt\/wp-content\/uploads\/2017\/08\/ITIs-3.jpg&#8221; _builder_version=&#8221;3.0.65&#8243; show_in_lightbox=&#8221;off&#8221; url=&#8221;https:\/\/maedagua.pt\/?page_id=1266&#8243; url_new_window=&#8221;off&#8221; use_overlay=&#8221;off&#8221; sticky=&#8221;off&#8221; align=&#8221;left&#8221; always_center_on_mobile=&#8221;on&#8221; border_style=&#8221;solid&#8221; force_fullwidth=&#8221;off&#8221; \/][\/et_pb_column][et_pb_column type=&#8221;1_4&#8243;][et_pb_image src=&#8221;https:\/\/maedagua.pt\/wp-content\/uploads\/2017\/07\/CIB-Segura_Paineis-Balcao-Informacaob.jpg&#8221; _builder_version=&#8221;3.0.65&#8243; show_in_lightbox=&#8221;off&#8221; url=&#8221;https:\/\/maedagua.pt\/?page_id=1273&#8243; url_new_window=&#8221;off&#8221; use_overlay=&#8221;off&#8221; sticky=&#8221;off&#8221; align=&#8221;left&#8221; always_center_on_mobile=&#8221;on&#8221; border_style=&#8221;solid&#8221; force_fullwidth=&#8221;off&#8221; \/][et_pb_text _builder_version=&#8221;3.0.65&#8243; text_font_size=&#8221;18px&#8221; text_line_height=&#8221;1em&#8221; background_layout=&#8221;light&#8221; text_orientation=&#8221;left&#8221; border_style=&#8221;solid&#8221;]<\/p>\n<p><a href=\"https:\/\/maedagua.pt\/?page_id=1273\"><span style=\"color: #333333;\">Divulga\u00e7\u00e3o e Interpreta\u00e7\u00e3o<\/span><\/a><\/p>\n<p>[\/et_pb_text][\/et_pb_column][\/et_pb_row][\/et_pb_section]<\/p>\n","protected":false},"excerpt":{"rendered":"<p>[et_pb_section bb_built=&#8221;1&#8243; custom_padding=&#8221;49.0341px|0px|49.0341px|0px&#8221; _builder_version=&#8221;3.0.65&#8243;][et_pb_row background_position_1=&#8221;top_left&#8221; background_position_2=&#8221;top_left&#8221; background_repeat_1=&#8221;no-repeat&#8221; background_repeat_2=&#8221;no-repeat&#8221; _builder_version=&#8221;3.0.63&#8243; background_size=&#8221;initial&#8221; background_position=&#8221;top_left&#8221; background_repeat=&#8221;repeat&#8221;][et_pb_column type=&#8221;4_4&#8243;][et_pb_text admin_label=&#8221;TITULO&#8221; _builder_version=&#8221;3.0.65&#8243; text_font=&#8221;|on|||&#8221; text_font_size=&#8221;25px&#8221; text_text_color=&#8221;#222222&#8243; text_line_height=&#8221;1em&#8221; header_font_size=&#8221;15px&#8221; saved_tabs=&#8221;all&#8221;] \u00c1reas de trabalho [\/et_pb_text][\/et_pb_column][\/et_pb_row][et_pb_row _builder_version=&#8221;3.0.47&#8243; background_size=&#8221;initial&#8221; background_position=&#8221;top_left&#8221; background_repeat=&#8221;repeat&#8221;][et_pb_column type=&#8221;1_3&#8243;][et_pb_image src=&#8221;https:\/\/maedagua.pt\/wp-content\/uploads\/2017\/07\/Alvaiazere-1.jpg&#8221; _builder_version=&#8221;3.0.65&#8243; \/][\/et_pb_column][et_pb_column type=&#8221;2_3&#8243;][et_pb_blurb admin_label=&#8221;texto&#8221; _builder_version=&#8221;3.0.65&#8243; header_font=&#8221;Verdana||||&#8221; header_font_size=&#8221;15px&#8221; body_font_size=&#8221;15px&#8221; body_line_height=&#8221;1.6em&#8221; custom_margin=&#8221;|||&#8221; custom_padding=&#8221;|||&#8221; saved_tabs=&#8221;all&#8221; url_new_window=&#8221;off&#8221; use_icon=&#8221;off&#8221; use_circle=&#8221;off&#8221; use_circle_border=&#8221;off&#8221; icon_placement=&#8221;top&#8221; use_icon_font_size=&#8221;off&#8221; background_layout=&#8221;light&#8221; border_style=&#8221;solid&#8221; animation=&#8221;top&#8221;] &nbsp; A consultoria [&hellip;]<\/p>\n","protected":false},"author":1,"featured_media":0,"parent":0,"menu_order":0,"comment_status":"closed","ping_status":"closed","template":"","meta":{"_et_pb_use_builder":"on","_et_pb_old_content":"","_et_gb_content_width":"","_mi_skip_tracking":false,"footnotes":""},"class_list":["post-945","page","type-page","status-publish","hentry"],"_links":{"self":[{"href":"https:\/\/maedagua.pt\/index.php?rest_route=\/wp\/v2\/pages\/945","targetHints":{"allow":["GET"]}}],"collection":[{"href":"https:\/\/maedagua.pt\/index.php?rest_route=\/wp\/v2\/pages"}],"about":[{"href":"https:\/\/maedagua.pt\/index.php?rest_route=\/wp\/v2\/types\/page"}],"author":[{"embeddable":true,"href":"https:\/\/maedagua.pt\/index.php?rest_route=\/wp\/v2\/users\/1"}],"replies":[{"embeddable":true,"href":"https:\/\/maedagua.pt\/index.php?rest_route=%2Fwp%2Fv2%2Fcomments&post=945"}],"version-history":[{"count":41,"href":"https:\/\/maedagua.pt\/index.php?rest_route=\/wp\/v2\/pages\/945\/revisions"}],"predecessor-version":[{"id":1476,"href":"https:\/\/maedagua.pt\/index.php?rest_route=\/wp\/v2\/pages\/945\/revisions\/1476"}],"wp:attachment":[{"href":"https:\/\/maedagua.pt\/index.php?rest_route=%2Fwp%2Fv2%2Fmedia&parent=945"}],"curies":[{"name":"wp","href":"https:\/\/api.w.org\/{rel}","templated":true}]}}