{"id":754,"date":"2017-07-18T19:50:12","date_gmt":"2017-07-18T19:50:12","guid":{"rendered":"http:\/\/maedagua.pt\/?page_id=754"},"modified":"2017-08-05T10:50:50","modified_gmt":"2017-08-05T10:50:50","slug":"areas-de-trabalho","status":"publish","type":"page","link":"https:\/\/maedagua.pt\/?page_id=754","title":{"rendered":"Consultoria ambiental"},"content":{"rendered":"<p>[et_pb_section bb_built=&#8221;1&#8243; _builder_version=&#8221;3.0.65&#8243;][et_pb_row _builder_version=&#8221;3.0.47&#8243; background_size=&#8221;initial&#8221; background_position=&#8221;top_left&#8221; background_repeat=&#8221;repeat&#8221;][et_pb_column type=&#8221;4_4&#8243;][et_pb_text _builder_version=&#8221;3.0.65&#8243; text_font=&#8221;|on|||&#8221; text_font_size=&#8221;25px&#8221;] <span style=\"color: #333333;\">\u00c1reas de trabalho<\/span> [\/et_pb_text][\/et_pb_column][\/et_pb_row][et_pb_row admin_label=&#8221;barra de volta a cada projecto em destaque&#8221; background_position_1=&#8221;top_left&#8221; background_position_2=&#8221;top_left&#8221; background_position_3=&#8221;top_left&#8221; background_position_4=&#8221;top_left&#8221; background_repeat_1=&#8221;no-repeat&#8221; background_repeat_2=&#8221;no-repeat&#8221; background_repeat_3=&#8221;no-repeat&#8221; background_repeat_4=&#8221;no-repeat&#8221; _builder_version=&#8221;3.0.63&#8243;][et_pb_column type=&#8221;1_4&#8243;][et_pb_button admin_label=&#8221;divulga\u00e7\u00e3o&#8221; button_url=&#8221;https:\/\/maedagua.pt\/?page_id=754&#8243; button_text=&#8221;Consultoria Ambiental&#8221; button_alignment=&#8221;left&#8221; _builder_version=&#8221;3.0.65&#8243; custom_button=&#8221;on&#8221; button_text_size=&#8221;15px&#8221; button_text_color=&#8221;#222222&#8243; button_bg_color=&#8221;#ffffff&#8221; button_border_width=&#8221;0&#8243; button_on_hover=&#8221;off&#8221; button_border_radius_hover=&#8221;0&#8243; saved_tabs=&#8221;all&#8221; background_color=&#8221;#7EBEC5&#8243; \/][\/et_pb_column][et_pb_column type=&#8221;1_4&#8243;][et_pb_button admin_label=&#8221;med compen&#8221; button_url=&#8221;https:\/\/maedagua.pt\/?page_id=1251&#8243; button_text=&#8221;Patrim\u00f3nio Natural&#8221; button_alignment=&#8221;left&#8221; _builder_version=&#8221;3.0.65&#8243; custom_button=&#8221;on&#8221; button_text_size=&#8221;12&#8243; button_text_color=&#8221;#bababa&#8221; button_bg_color=&#8221;#ffffff&#8221; button_border_width=&#8221;0&#8243; button_text_color_hover=&#8221;#222222&#8243; saved_tabs=&#8221;all&#8221; background_color=&#8221;#7EBEC5&#8243; \/][\/et_pb_column][et_pb_column type=&#8221;1_4&#8243;][et_pb_button admin_label=&#8221;monit&#8221; button_url=&#8221;https:\/\/maedagua.pt\/?page_id=1266&#8243; button_text=&#8221;Conserva\u00e7\u00e3o da Natureza&#8221; button_alignment=&#8221;left&#8221; _builder_version=&#8221;3.0.65&#8243; custom_button=&#8221;on&#8221; button_text_size=&#8221;12px&#8221; button_text_color=&#8221;#bababa&#8221; button_bg_color=&#8221;#ffffff&#8221; button_border_width=&#8221;0&#8243; button_text_color_hover=&#8221;#222222&#8243; saved_tabs=&#8221;all&#8221; background_color=&#8221;#7EBEC5&#8243; \/][\/et_pb_column][et_pb_column type=&#8221;1_4&#8243;][et_pb_button admin_label=&#8221;EIA&#8221; button_url=&#8221;https:\/\/maedagua.pt\/?page_id=1273&#8243; button_text=&#8221;Divulga\u00e7\u00e3o e Interpreta\u00e7\u00e3o Ambiental&#8221; button_alignment=&#8221;left&#8221; _builder_version=&#8221;3.0.65&#8243; custom_button=&#8221;on&#8221; button_text_size=&#8221;12px&#8221; button_text_color=&#8221;#bababa&#8221; button_bg_color=&#8221;#ffffff&#8221; button_border_width=&#8221;0&#8243; button_text_color_hover=&#8221;#222222&#8243; saved_tabs=&#8221;all&#8221; background_color=&#8221;#7EBEC5&#8243; \/][\/et_pb_column][\/et_pb_row][et_pb_row _builder_version=&#8221;3.0.63&#8243; background_size=&#8221;initial&#8221; background_position=&#8221;top_left&#8221; background_repeat=&#8221;repeat&#8221;][et_pb_column type=&#8221;1_3&#8243;][et_pb_image src=&#8221;https:\/\/maedagua.pt\/wp-content\/uploads\/2017\/08\/06-10-08-028.jpg&#8221; force_fullwidth=&#8221;on&#8221; _builder_version=&#8221;3.0.65&#8243; \/][\/et_pb_column][et_pb_column type=&#8221;2_3&#8243;][et_pb_blurb admin_label=&#8221;projecto em destaque&#8221; title=&#8221;Avalia\u00e7\u00e3o de Impacte Ambiental e Monitoriza\u00e7\u00e3o&#8221; _builder_version=&#8221;3.0.65&#8243; header_font=&#8221;Verdana||||&#8221; header_font_size=&#8221;20px&#8221; body_font_size=&#8221;1px&#8221; body_line_height=&#8221;1em&#8221; custom_margin=&#8221;|||&#8221; custom_padding=&#8221;|||&#8221; \/][et_pb_blurb admin_label=&#8221;projecto em destaque&#8221; _builder_version=&#8221;3.0.65&#8243; header_font=&#8221;Verdana||||&#8221; header_font_size=&#8221;25px&#8221; body_font_size=&#8221;15px&#8221; body_line_height=&#8221;1.5em&#8221; custom_margin=&#8221;|||&#8221; custom_padding=&#8221;|||&#8221;]<\/p>\n<p><span style=\"color: #333333;\">Agrupam-se aqui os trabalhos que est\u00e3o mais directamente ligados aos processos de Avalia\u00e7\u00e3o de Impacte Ambiental, sejam os estudos a desenvolver em fase de projecto (EIA e EincA) e as monitoriza\u00e7\u00f5es que s\u00e3o solicitadas em fase de AIA tanto para a fase de obra como para a fase de explora\u00e7\u00e3o.<\/span><\/p>\n<p><span style=\"color: #333333;\"> Incluiram-se ainda os trabalhos relativos a uma escala superior \u00e0 dos projectos, designadamente os Planos de diferentes tipos, para os quais a legisla\u00e7\u00e3o exige a realiza\u00e7\u00e3o de Avalia\u00e7\u00f5es Ambientais Estrat\u00e9gicas.<\/span><\/p>\n<p><span style=\"color: #333333;\">Finalmente, incluiram-se igualmente neste grupo os trabalhos de acompanhamento ambiental em fase de obra.<\/span><\/p>\n<p>[\/et_pb_blurb][\/et_pb_column][\/et_pb_row][et_pb_row _builder_version=&#8221;3.0.47&#8243; background_size=&#8221;initial&#8221; background_position=&#8221;top_left&#8221; background_repeat=&#8221;repeat&#8221;][et_pb_column type=&#8221;4_4&#8243;][et_pb_toggle title=&#8221;Acompanhamento Ambiental&#8221; _builder_version=&#8221;3.0.65&#8243; title_font=&#8221;|on|||&#8221; title_font_size=&#8221;15px&#8221; body_font_size=&#8221;14px&#8221; body_line_height=&#8221;1.5em&#8221;]<\/p>\n<p><span style=\"color: #333333;\">Para al\u00e9m de estarmos envolvidos nos processos de monitoriza\u00e7\u00e3o definidos em fase de AIA e para as diferentes fases da vida dos projectos \u2013 pr\u00e9-constru\u00e7\u00e3o, constru\u00e7\u00e3o e explora\u00e7\u00e3o \u2013 a nossa experi\u00eancia inclui tamb\u00e9m a participa\u00e7\u00e3o em em processos de acompanhamento ambiental geral, em fase de constru\u00e7\u00e3o, verificando o cumprimento da generalidade das medidas de mitiga\u00e7\u00e3o definidas em fase de AIA.<\/span><\/p>\n<p><span style=\"color: #333333;\">Projecto em destaque:<\/span><\/p>\n<p style=\"padding-left: 30px;\"><em><span style=\"color: #333333;\">Acompanhamento ambiental do canal de adu\u00e7\u00e3o da Infraestrutura 12,\u00a0<\/span><\/em><span style=\"color: #333333;\">para\u00a0EDIFER\/OBRECOL\/SOPOL<\/span><\/p>\n<p>[\/et_pb_toggle][et_pb_toggle title=&#8221;Avalia\u00e7\u00e3o Ambiental Estrat\u00e9gica&#8221; _builder_version=&#8221;3.0.65&#8243; title_font=&#8221;|on|||&#8221; title_font_size=&#8221;15px&#8221; body_font_size=&#8221;14px&#8221; body_line_height=&#8221;1.5em&#8221;]<\/p>\n<p><span style=\"color: #333333;\">A nossa experi\u00eancia inclui a participa\u00e7\u00e3o em processos de Avalia\u00e7\u00e3o Ambiental Estrat\u00e9gica, seja de Planos de Investimento \u00e0 escala nacional, de Planos de Ordenamento, a diferentes escalas (PDMs, etc.), ou de outros Planos a escalas mais reduzidas, nomeadamente Planos de Pormenor ou Planos relativos a Parques de Neg\u00f3cios \/ Industriais, sobretudo quando os Planos podem ter implica\u00e7\u00f5es em \u00c1reas inseridas na Rede Natura 2000, afectando esp\u00e9cies e habitats protegidos no \u00e2mbito da Legisla\u00e7\u00e3o Comunit\u00e1ria.<\/span><\/p>\n<p><span style=\"color: #333333;\">Projectos em destaque:<\/span><\/p>\n<p style=\"padding-left: 30px;\"><em><span style=\"color: #333333;\">Avalia\u00e7\u00e3o Ambiental Estrat\u00e9gica do Plano de Desenvolvimento e Investimento da rede Nacional de Transporte de Eletricidade 2012-2017 (2022),\u00a0<\/span><\/em><span style=\"color: #333333;\">para IST\/REN<\/span><\/p>\n<p style=\"padding-left: 30px;\"><em><span style=\"color: #333333;\">Avalia\u00e7\u00e3o Ambiental Estrat\u00e9gica do Plano de Desenvolvimento e Investimento da rede Nacional de Transporte de Eletricidade 2009-2014 (2019),\u00a0<\/span><\/em><span style=\"color: #333333;\">para IST\/REN<\/span><\/p>\n<p style=\"padding-left: 30px;\"><em><span style=\"color: #333333;\">Parque de Neg\u00f3cios do Cartaxo \/ Santar\u00e9m,\u00a0<\/span><\/em><span style=\"color: #333333;\">para\u00a0GIBB-Portugal<\/span><\/p>\n<p>[\/et_pb_toggle][et_pb_toggle title=&#8221;Desenho e Implementa\u00e7\u00e3o de Medidas Compensat\u00f3rias&#8221; _builder_version=&#8221;3.0.65&#8243; title_font=&#8221;|on|||&#8221; title_font_size=&#8221;15px&#8221; body_font_size=&#8221;14px&#8221; body_line_height=&#8221;1.5em&#8221;]<\/p>\n<p><span style=\"color: #333333;\">Quando os projectos s\u00e3o reconhecidos como de interesse p\u00fablico e implicam afecta\u00e7\u00f5es de esp\u00e9cies ou habitats protegidos no \u00e2mbito das Directivas Comunit\u00e1rias (79\/409 e 92\/40) torna-se necess\u00e1rio compensar as afecta\u00e7\u00f5es atrav\u00e9s da promo\u00e7\u00e3o de Medidas Compensat\u00f3rias, conforme definido na Legisla\u00e7\u00e3o Comunit\u00e1ria. Neste quadro temos elaborado Protocolos Metodol\u00f3gicos para Medidas Compensat\u00f3rias que foram previamente definidas no \u00e2mbito de processos de AIA. <\/span><\/p>\n<p><span style=\"color: #333333;\">A nossa experi\u00eancia centra-se sobretudo em projectos no dom\u00ednio da energia (transporte e produ\u00e7\u00e3o), dos transportes (ferrovias) e turismo. Para al\u00e9m da elabora\u00e7\u00e3o dos referidos Protocolos a nossa experi\u00eancia inclui igualmente a execu\u00e7\u00e3o das medidas no terreno, nomeadamente atrav\u00e9s da instala\u00e7\u00e3o de um coberto vegetal adequado \u00e0s esp\u00e9cies-alvo ou da constru\u00e7\u00e3o de infra-estruturas que contribuam para a cria\u00e7\u00e3o de novos habitats. A nossa ac\u00e7\u00e3o inclui contribui\u00e7\u00f5es no dom\u00ednio da ecologia e do paisagismo.<\/span><\/p>\n<p><span style=\"color: #333333;\">Projectos em destaque:<\/span><\/p>\n<p style=\"padding-left: 30px;\"><em><span style=\"color: #333333;\">Central Fotovoltaica de Amareleja \u2013 Revis\u00e3o do Protocolo Metodol\u00f3gico das Medidas Compensat\u00f3rias relativas ao Barranco do Escaravelho, implementa\u00e7\u00e3o das medidas e monitoriza\u00e7\u00e3o da sua efic\u00e1cia,\u00a0<\/span><\/em><span style=\"color: #333333;\">para AMPER\/ACCIONA Energia<\/span><\/p>\n<p style=\"padding-left: 30px;\"><em><span style=\"color: #333333;\">Central Fotovoltaica de Amareleja \u2013 Elabora\u00e7\u00e3o do Protocolo Metodol\u00f3gico das Medidas Compensat\u00f3rias relativas ao alcarav\u00e3o <\/span><\/em><span style=\"color: #333333;\">Burhinus oedicnemus<\/span><em><span style=\"color: #333333;\">, implementa\u00e7\u00e3o das medidas e monitoriza\u00e7\u00e3o da sua efic\u00e1cia,\u00a0<\/span><\/em><span style=\"color: #333333;\">para AMPER\/ACCIONA Energia<\/span><\/p>\n<p style=\"padding-left: 30px;\"><em><span style=\"color: #333333;\">Defini\u00e7\u00e3o das Medidas Compensat\u00f3rias das \u00c1reas de Desenvolvimento Tur\u00edstico (ADT) 2 e 3 da Herdade da Comporta, <\/span><\/em><span style=\"color: #333333;\">para\u00a0Ecossistema<\/span><\/p>\n<p style=\"padding-left: 30px;\"><em><span style=\"color: #333333;\">LAT Alqueva \u2013 Fronteira Espanhola \u2013 Proposta de Medidas Compensat\u00f3rias,\u00a0<\/span><\/em><span style=\"color: #333333;\">para PROCESL<\/span><\/p>\n<p style=\"padding-left: 30px;\"><em><span style=\"color: #333333;\">Projecto de Recupera\u00e7\u00e3o e Gest\u00e3o da Marinha Miranda do Abul, Estu\u00e1rio do Sado,\u00a0<\/span><\/em><span style=\"color: #333333;\">para\u00a0Ecossistema\/REFER<\/span><\/p>\n<p>[\/et_pb_toggle][et_pb_toggle title=&#8221;Estudos de Impacte e de Incid\u00eancia Ambiental&#8221; _builder_version=&#8221;3.0.65&#8243; title_font=&#8221;|on|||&#8221; title_font_size=&#8221;15px&#8221; body_font_size=&#8221;14px&#8221; body_line_height=&#8221;1.5em&#8221;]<\/p>\n<p><span style=\"color: #333333;\">Elaboramos Estudos de Impacte Ambiental, Estudos de Incid\u00eancias Ambientais, Estudos de Viabilidade (de tra\u00e7ados, alternativas, etc.) e Propostas de Defini\u00e7\u00e3o de \u00c2mbito, assegurando sobretudo a componente ecologia, mas garantindo a totalidade dos estudos, nos casos em que os estudos se dirigem \u00e0 nossa \u00e1rea de especialidade, ou em casos em que a nossa \u00e1rea de especialidade assume uma import\u00e2ncia de relevo, com o apoio dos nossos parceiros.<\/span><\/p>\n<p><span style=\"color: #333333;\">A nossa experi\u00eancia inclui a realiza\u00e7\u00e3o de estudos para projectos nos mais diversos dom\u00ednios \u2013 energia (produ\u00e7\u00e3o e transporte), abastecimento de \u00e1gua, transportes (ferrovias e estradas), hidr\u00e1ulica (regulariza\u00e7\u00e3o e armazenamento), hidroagr\u00edcola (armazenamento e rega), ind\u00fastria, ordenamento (Planos de Pormenor, Planos de Urbaniza\u00e7\u00e3o, POLIS), Res\u00edduos (ETARs e Emiss\u00e1rios), Turismo (Golf, empreendimentos tur\u00edstico-imobili\u00e1rios, Hot\u00e9is e estruturas de apoio).<\/span><\/p>\n<p><span style=\"color: #333333;\">A experi\u00eancia da equipa da M\u00e3e d\u2019\u00e1gua inclui a participa\u00e7\u00e3o nos primeiros EIA\u2019s realizados em Portugal, nomeadamente o EIA da Barragem de Alqueva (para o cons\u00f3rcio DRENA\/EGF), em 1984. Esta experi\u00eancia permitiu-nos acompanhar todo o processo evolutivo da legisla\u00e7\u00e3o e requisitos inerentes aos processos de AIA em Portugal, conhecimento que, aliado \u00e0 qualidade t\u00e9cnica e ao rigor, nos tem permitido obter decis\u00f5es de conformidade por parte das autoridades nacionais para a generalidade dos projectos em que estivemos envolvidos.<\/span><\/p>\n<p><span style=\"color: #333333;\">Projectos em destaque:<\/span><\/p>\n<p style=\"padding-left: 30px;\"><span style=\"font-size: 14px;\"><em><span style=\"color: #333333;\">Estudo de Incid\u00eancias Ambientais da Requalifica\u00e7\u00e3o da Linha do Minho,\u00a0<\/span><\/em><span style=\"color: #333333;\">para IP, Infraestruturas de Portugal<\/span><\/span><\/p>\n<p style=\"padding-left: 30px;\"><em><span style=\"color: #333333;\">Estudo de Impacte Ambiental da amplia\u00e7\u00e3o do Campo de Golf de Monte Rei \/ Cacela \u2013 Fauna,\u00a0<\/span><\/em><span style=\"color: #333333;\">para Biodesign<\/span><\/p>\n<p style=\"padding-left: 30px;\"><em><span style=\"color: #333333;\">Estudo de Impacte Ambiental da Liga\u00e7\u00e3o ferrovi\u00e1ria entre \u00c9vora e a Fronteira Espanhola (Caia) \u2013 Fauna, Flora e Vegeta\u00e7\u00e3o,\u00a0<\/span><\/em><span style=\"color: #333333;\">para ArqPais<\/span><\/p>\n<p style=\"padding-left: 30px;\"><em><span style=\"color: #333333;\">Estudo de Impacte Ambiental do Bloco de Rega de Reguengos de Monsaraz,\u00a0<\/span><\/em><span style=\"color: #333333;\">para PROCESL<\/span><\/p>\n<p style=\"padding-left: 30px;\"><em><span style=\"color: #333333;\">LMAT Penela \/ Vila Ch\u00e3 e subesta\u00e7\u00e3o de Vila Ch\u00e3,\u00a0<\/span><\/em><span style=\"color: #333333;\">para ArqPais<\/span><\/p>\n<p>[\/et_pb_toggle][et_pb_toggle title=&#8221;Monitoriza\u00e7\u00e3o&#8221; _builder_version=&#8221;3.0.65&#8243; title_font=&#8221;|on|||&#8221; title_font_size=&#8221;15px&#8221; body_font_size=&#8221;14px&#8221; body_line_height=&#8221;1.5em&#8221;]<\/p>\n<p><span style=\"color: #333333;\">Levamos a cabo trabalhos de monitoriza\u00e7\u00e3o relativos \u00e0 componente Ecologia (Fauna, Flora e Vegeta\u00e7\u00e3o) em projectos dos mais diversos dom\u00ednios, nomeadamente; Energia (transporte e produ\u00e7\u00e3o), Transportes (aeroportos, ferrovias e estradas), Hidroagr\u00edcolas (rega), Turismo (empreendimentos com golfe).<\/span><\/p>\n<p><span style=\"color: #333333;\">A nossa experi\u00eancia inclui a realiza\u00e7\u00e3o de trabalhos de monitoriza\u00e7\u00e3o que visam a avalia\u00e7\u00e3o dos impactes em fase de explora\u00e7\u00e3o, a recupera\u00e7\u00e3o dos habitats ap\u00f3s a fase de obra, o efeito de barreira em vias de comunica\u00e7\u00e3o e em infra-estruras de transporte de energia, o efeito de exclus\u00e3o em parques e\u00f3licos, vias de comunica\u00e7\u00e3o e infra-estruturas aeroportu\u00e1rias. Incluem igualmente o estabelecimenmto de uma situa\u00e7\u00e3o de refer\u00eancia que permita um futuro acompanhamento dos efeitos dos projectos.<\/span><\/p>\n<p><span style=\"color: #333333;\">Para a execu\u00e7\u00e3o destas tarefas utilizamos todo o equipamento necess\u00e1rio e adequado nomeadamente c\u00e2maras digitais autom\u00e1ticas para a confirma\u00e7\u00e3o da utiliza\u00e7\u00e3o de passagens de fauna ou de passagens hidr\u00e1ulicas, equipamento de vis\u00e3o nocturna para a realiza\u00e7\u00e3o de recenseamentos nocturnos, esta\u00e7\u00f5es meteorol\u00f3gicas em locais n\u00e3o cobertos pela rede nacional, equipamento de detec\u00e7\u00e3o e registo de ultra-sons emitidos por quir\u00f3pteros, utiliza\u00e7\u00e3o de equipamento de seguimento de animais via sat\u00e9lite. A M\u00e3e d\u00b4\u00e1gua possui equipamentos para a captura de aves, estando alguns elementos da sua equipa habilitados e autorizados pelo ICNF a realizar a anilhagem de aves.<\/span><\/p>\n<p><span style=\"color: #333333;\">Projectos em destaque:<\/span><\/p>\n<p style=\"padding-left: 30px;\"><span style=\"color: #333333;\"><em>Abertura da Linha Cani\u00e7ada-Riba d\u2019Ave 2\/ Guimar\u00e3es a 150kV, para a subesta\u00e7\u00e3o de Fafe<\/em> para ArqPais<\/span><\/p>\n<p style=\"padding-left: 30px;\"><span style=\"color: #333333;\"><em>Linha Carrapatelo\/Estarreja 3 e modifica\u00e7\u00f5es na linha Estarreja2\/Carrapatelo \u2013 Mourisca, a 220kV,<\/em> para ArqPais<\/span><\/p>\n<p style=\"padding-left: 30px;\"><span style=\"color: #333333;\"><em>Linha Vieira do Minho \/ Pedralva a 400kV,<\/em> para ArqPais<\/span><\/p>\n<p style=\"padding-left: 30px;\"><span style=\"color: #333333;\"><em>A32\/IC2 \u2013 Oliveira de Azem\u00e9is \/ IP1 (S. Louren\u00e7o) &#8211; Monitoriza\u00e7\u00e3o da Fauna,<\/em> para BRISA<\/span><\/p>\n<p style=\"padding-left: 30px;\"><span style=\"color: #333333;\"><em>A41 \u2013 Picoto (IC2) \/ N\u00f3 da Ermida (IC25) &#8211; Monitoriza\u00e7\u00e3o da Fauna,<\/em> para BRISA<\/span><\/p>\n<p style=\"padding-left: 30px;\"><span style=\"color: #333333;\"><em>Subconcess\u00e3o do Litoral Oeste \u2013 Anexo 12 \u2013 Parte I \u2013 Indicador Ambiental Habitats,<\/em> para BRISA<\/span><\/p>\n<p>[\/et_pb_toggle][et_pb_toggle title=&#8221;Em pa\u00edses da CPLP&#8221; _builder_version=&#8221;3.0.65&#8243; title_font=&#8221;|on|||&#8221; title_font_size=&#8221;15px&#8221; body_font_size=&#8221;14px&#8221; body_line_height=&#8221;1.5em&#8221;]<\/p>\n<p><span style=\"color: #333333;\">Ao longo dos 20 anos de actividade particip\u00e1mos em diversos trabalhos realizados em pa\u00edses de l\u00edngua oficial portuguesa, nomeadamente Angola, Mo\u00e7ambique, Guin\u00e9-Bissau e Timor.<\/span><\/p>\n<p><span style=\"color: #333333;\">A natureza dos trabalhos ali realizados \u00e9 diversificada e inclui diferentes \u00e1reas, com predomin\u00e2ncia para as monitoriza\u00e7\u00f5es de fauna e flora e os Estudos de Impacte Ambiental. Neste \u00e2mbito sobressaiem os trabalhos efectuados em Angola em anos recentes que incluiram o recurso a um conjunto muito alargado de t\u00e9cnicas de campo, como a armadilhagem dirigida aos pequenos vertebrados, a captura de aves com redes verticais, a recolha de imagens de mam\u00edferos de m\u00e9dio e grande porte com o aux\u00edlio de c\u00e2mara digitais autom\u00e1ticas, a recolha de sons emitidos pelos quir\u00f3pteros com o aux\u00edlio de equipamento de registo adequado, a recolha de material vegetal para inclus\u00e3o em herb\u00e1rios, etc.<\/span><\/p>\n<p><span style=\"color: #333333;\">A experi\u00eancia da equipa da M\u00e3e d\u2019\u00e1gua inclui a realiza\u00e7\u00e3o de recenseamentos de aves em diferentes locais de \u00c1frica nomeadamente em PALOPs como Cabo Verde, Mo\u00e7ambique e Angola, e noutros pa\u00edses como Marrocos e Sahara Ocidental.<\/span><\/p>\n<p><span style=\"color: #333333;\">Projectos em destaque:<\/span><\/p>\n<p style=\"padding-left: 30px;\"><span style=\"color: #333333;\"><em>Aproveitamento Hidroel\u00e9ctrico de La\u00faca \u2013 M\u00e9dio Kwanza (Angola) \u2013 Fauna terrestre e aqu\u00e1tica, Flora e Vegeta\u00e7\u00e3o \u2013 Monitoriza\u00e7\u00e3o em fase de constru\u00e7\u00e3o,<\/em> para ENVGREEN<\/span><\/p>\n<p style=\"padding-left: 30px;\"><span style=\"color: #333333;\"><em>EIA da LMAT Kapary \/ SOYO (Angola),<\/em> para ENVGREEN<\/span><\/p>\n<p style=\"padding-left: 30px;\"><span style=\"color: #333333;\"><em>EIA da linha de transporte de energia entre a subesta\u00e7\u00e3o da BIOCOM e a subesta\u00e7\u00e3o de Cacuso \/ Malange (Angola),<\/em> para ENVGREEN<\/span><\/p>\n<p style=\"padding-left: 30px;\"><span style=\"color: #333333;\"><em>Plano Director de Desenvolvimento Tur\u00edstico do Polo da Bacia do Okavango \/ Angola \u2013 Diagn\u00f3stico, cen\u00e1rios de desenvolvimento tur\u00edstico e proposta de conceito estrat\u00e9gico,<\/em> para ArqPais<\/span><\/p>\n<p style=\"padding-left: 30px;\"><span style=\"color: #333333;\"><em>EIA do Plano de Urbaniza\u00e7\u00e3o da Cidade Universit\u00e1ria de Timor Lorosa&#8217;e,<\/em> para NVIST<\/span><\/p>\n<p style=\"padding-left: 30px;\"><span style=\"color: #333333;\"><em>Desenvolvimento de sistemas de sinaliza\u00e7\u00e3o e imagem para as \u00c1reas Protegidas da Guin\u00e9-Bissau,<\/em> para UICN<\/span><\/p>\n<p>[\/et_pb_toggle][\/et_pb_column][\/et_pb_row][\/et_pb_section]<\/p>\n","protected":false},"excerpt":{"rendered":"<p>[et_pb_section bb_built=&#8221;1&#8243; _builder_version=&#8221;3.0.65&#8243;][et_pb_row _builder_version=&#8221;3.0.47&#8243; background_size=&#8221;initial&#8221; background_position=&#8221;top_left&#8221; background_repeat=&#8221;repeat&#8221;][et_pb_column type=&#8221;4_4&#8243;][et_pb_text _builder_version=&#8221;3.0.65&#8243; text_font=&#8221;|on|||&#8221; text_font_size=&#8221;25px&#8221;] \u00c1reas de trabalho [\/et_pb_text][\/et_pb_column][\/et_pb_row][et_pb_row admin_label=&#8221;barra de volta a cada projecto em destaque&#8221; background_position_1=&#8221;top_left&#8221; background_position_2=&#8221;top_left&#8221; background_position_3=&#8221;top_left&#8221; background_position_4=&#8221;top_left&#8221; background_repeat_1=&#8221;no-repeat&#8221; background_repeat_2=&#8221;no-repeat&#8221; background_repeat_3=&#8221;no-repeat&#8221; background_repeat_4=&#8221;no-repeat&#8221; _builder_version=&#8221;3.0.63&#8243;][et_pb_column type=&#8221;1_4&#8243;][et_pb_button admin_label=&#8221;divulga\u00e7\u00e3o&#8221; button_url=&#8221;https:\/\/maedagua.pt\/?page_id=754&#8243; button_text=&#8221;Consultoria Ambiental&#8221; button_alignment=&#8221;left&#8221; _builder_version=&#8221;3.0.65&#8243; custom_button=&#8221;on&#8221; button_text_size=&#8221;15px&#8221; button_text_color=&#8221;#222222&#8243; button_bg_color=&#8221;#ffffff&#8221; button_border_width=&#8221;0&#8243; button_on_hover=&#8221;off&#8221; button_border_radius_hover=&#8221;0&#8243; saved_tabs=&#8221;all&#8221; background_color=&#8221;#7EBEC5&#8243; \/][\/et_pb_column][et_pb_column type=&#8221;1_4&#8243;][et_pb_button admin_label=&#8221;med compen&#8221; button_url=&#8221;https:\/\/maedagua.pt\/?page_id=1251&#8243; button_text=&#8221;Patrim\u00f3nio Natural&#8221; [&hellip;]<\/p>\n","protected":false},"author":1,"featured_media":0,"parent":0,"menu_order":0,"comment_status":"closed","ping_status":"closed","template":"","meta":{"_et_pb_use_builder":"on","_et_pb_old_content":"","_et_gb_content_width":"","_mi_skip_tracking":false,"footnotes":""},"class_list":["post-754","page","type-page","status-publish","hentry"],"_links":{"self":[{"href":"https:\/\/maedagua.pt\/index.php?rest_route=\/wp\/v2\/pages\/754","targetHints":{"allow":["GET"]}}],"collection":[{"href":"https:\/\/maedagua.pt\/index.php?rest_route=\/wp\/v2\/pages"}],"about":[{"href":"https:\/\/maedagua.pt\/index.php?rest_route=\/wp\/v2\/types\/page"}],"author":[{"embeddable":true,"href":"https:\/\/maedagua.pt\/index.php?rest_route=\/wp\/v2\/users\/1"}],"replies":[{"embeddable":true,"href":"https:\/\/maedagua.pt\/index.php?rest_route=%2Fwp%2Fv2%2Fcomments&post=754"}],"version-history":[{"count":32,"href":"https:\/\/maedagua.pt\/index.php?rest_route=\/wp\/v2\/pages\/754\/revisions"}],"predecessor-version":[{"id":1477,"href":"https:\/\/maedagua.pt\/index.php?rest_route=\/wp\/v2\/pages\/754\/revisions\/1477"}],"wp:attachment":[{"href":"https:\/\/maedagua.pt\/index.php?rest_route=%2Fwp%2Fv2%2Fmedia&parent=754"}],"curies":[{"name":"wp","href":"https:\/\/api.w.org\/{rel}","templated":true}]}}