{"id":705,"date":"2017-07-18T16:40:29","date_gmt":"2017-07-18T16:40:29","guid":{"rendered":"http:\/\/maedagua.pt\/?page_id=705"},"modified":"2017-09-28T17:59:09","modified_gmt":"2017-09-28T17:59:09","slug":"705-2","status":"publish","type":"page","link":"https:\/\/maedagua.pt\/?page_id=705","title":{"rendered":"Quem somos?"},"content":{"rendered":"<p>[et_pb_section fb_built=&#8221;1&#8243; _builder_version=&#8221;3.0.65&#8243;][et_pb_row _builder_version=&#8221;3.0.63&#8243; background_size=&#8221;initial&#8221; background_position=&#8221;top_left&#8221; background_repeat=&#8221;repeat&#8221;][et_pb_column type=&#8221;1_2&#8243; _builder_version=&#8221;3.0.47&#8243; parallax=&#8221;off&#8221; parallax_method=&#8221;on&#8221;][et_pb_text admin_label=&#8221;TITULO&#8221; _builder_version=&#8221;3.0.76&#8243; text_font=&#8221;|on|||&#8221; text_font_size=&#8221;25px&#8221; text_text_color=&#8221;#222222&#8243; header_font_size=&#8221;15px&#8221; saved_tabs=&#8221;all&#8221;]<\/p>\n<p>Quem somos?<\/p>\n<p>[\/et_pb_text][et_pb_blurb admin_label=&#8221;texto&#8221; _builder_version=&#8221;3.0.65&#8243; header_font=&#8221;Verdana||||&#8221; header_font_size=&#8221;20px&#8221; body_font_size=&#8221;15px&#8221; body_line_height=&#8221;1.6em&#8221; custom_margin=&#8221;|||&#8221; custom_padding=&#8221;|||&#8221; saved_tabs=&#8221;all&#8221;]<\/p>\n<p><span style=\"color: #333333;\">M\u00e3e d\u00b4\u00e1gua \u2013 Consultoria T\u00e9cnica em \u00c1reas de Interesse Natural Lda nasceu em 1996, e o nome teve origem no desejo de fazer da empresa uma nascente ou reservat\u00f3rio de conhecimentos, ideias e projectos inovadores na \u00e1rea de patrim\u00f3nio natural e transport\u00e1-los, ou distribu\u00ed-los pelas institui\u00e7\u00f5es e empresas que deles necessitem.<\/span><\/p>\n<p><span style=\"color: #333333;\">Em 2017, vinte anos ap\u00f3s o seu nascimento, a M\u00e3e d\u00b4\u00e1gua realizou mais de 300 projectos diferentes, repartidos por mais de 80 clientes.<\/span><\/p>\n<p><span style=\"color: #333333;\">Embora a sua actividade seja exercida sobretudo em territ\u00f3rio nacional j\u00e1 realizou trabalhos em diversos pa\u00edses membros da CPLP e participou em diferentes projectos internacionais financiados pela Uni\u00e3o Europeia.<\/span><\/p>\n<p><span style=\"color: #333333;\">A actividade da M\u00e3e d\u2019\u00e1gua pontua-se pelo rigor e independ\u00eancia e tem como objectivo a satisfa\u00e7\u00e3o do cliente.<\/span><\/p>\n<p>[\/et_pb_blurb][\/et_pb_column][et_pb_column type=&#8221;1_2&#8243; _builder_version=&#8221;3.0.47&#8243; parallax=&#8221;off&#8221; parallax_method=&#8221;on&#8221;][et_pb_text _builder_version=&#8221;3.0.65&#8243;][\/et_pb_text][et_pb_gallery gallery_ids=&#8221;915,916,917,918,924,925,926,927,928,929,930&#8243; fullwidth=&#8221;on&#8221; show_pagination=&#8221;off&#8221; admin_label=&#8221;quem somos&#8230;&#8221; _builder_version=&#8221;3.0.65&#8243; title_font_size=&#8221;1px&#8221; title_font_size_last_edited=&#8221;on|desktop&#8221; title_line_height=&#8221;1.2em&#8221; auto=&#8221;on&#8221; auto_speed=&#8221;3500&#8243;][\/et_pb_gallery][\/et_pb_column][\/et_pb_row][\/et_pb_section]<\/p>\n","protected":false},"excerpt":{"rendered":"<p>[et_pb_section fb_built=&#8221;1&#8243; _builder_version=&#8221;3.0.65&#8243;][et_pb_row _builder_version=&#8221;3.0.63&#8243; background_size=&#8221;initial&#8221; background_position=&#8221;top_left&#8221; background_repeat=&#8221;repeat&#8221;][et_pb_column type=&#8221;1_2&#8243; _builder_version=&#8221;3.0.47&#8243; parallax=&#8221;off&#8221; parallax_method=&#8221;on&#8221;][et_pb_text admin_label=&#8221;TITULO&#8221; _builder_version=&#8221;3.0.76&#8243; text_font=&#8221;|on|||&#8221; text_font_size=&#8221;25px&#8221; text_text_color=&#8221;#222222&#8243; header_font_size=&#8221;15px&#8221; saved_tabs=&#8221;all&#8221;] Quem somos? [\/et_pb_text][et_pb_blurb admin_label=&#8221;texto&#8221; _builder_version=&#8221;3.0.65&#8243; header_font=&#8221;Verdana||||&#8221; header_font_size=&#8221;20px&#8221; body_font_size=&#8221;15px&#8221; body_line_height=&#8221;1.6em&#8221; custom_margin=&#8221;|||&#8221; custom_padding=&#8221;|||&#8221; saved_tabs=&#8221;all&#8221;] M\u00e3e d\u00b4\u00e1gua \u2013 Consultoria T\u00e9cnica em \u00c1reas de Interesse Natural Lda nasceu em 1996, e o nome teve origem no desejo de fazer da empresa [&hellip;]<\/p>\n","protected":false},"author":1,"featured_media":0,"parent":0,"menu_order":0,"comment_status":"closed","ping_status":"closed","template":"","meta":{"_et_pb_use_builder":"on","_et_pb_old_content":"","_et_gb_content_width":"","_mi_skip_tracking":false,"footnotes":""},"class_list":["post-705","page","type-page","status-publish","hentry"],"_links":{"self":[{"href":"https:\/\/maedagua.pt\/index.php?rest_route=\/wp\/v2\/pages\/705","targetHints":{"allow":["GET"]}}],"collection":[{"href":"https:\/\/maedagua.pt\/index.php?rest_route=\/wp\/v2\/pages"}],"about":[{"href":"https:\/\/maedagua.pt\/index.php?rest_route=\/wp\/v2\/types\/page"}],"author":[{"embeddable":true,"href":"https:\/\/maedagua.pt\/index.php?rest_route=\/wp\/v2\/users\/1"}],"replies":[{"embeddable":true,"href":"https:\/\/maedagua.pt\/index.php?rest_route=%2Fwp%2Fv2%2Fcomments&post=705"}],"version-history":[{"count":71,"href":"https:\/\/maedagua.pt\/index.php?rest_route=\/wp\/v2\/pages\/705\/revisions"}],"predecessor-version":[{"id":2293,"href":"https:\/\/maedagua.pt\/index.php?rest_route=\/wp\/v2\/pages\/705\/revisions\/2293"}],"wp:attachment":[{"href":"https:\/\/maedagua.pt\/index.php?rest_route=%2Fwp%2Fv2%2Fmedia&parent=705"}],"curies":[{"name":"wp","href":"https:\/\/api.w.org\/{rel}","templated":true}]}}