{"id":587,"date":"2017-07-17T17:33:12","date_gmt":"2017-07-17T17:33:12","guid":{"rendered":"http:\/\/maedagua.pt\/?page_id=587"},"modified":"2017-08-05T11:02:20","modified_gmt":"2017-08-05T11:02:20","slug":"lmat-estremoz-alandroal","status":"publish","type":"page","link":"https:\/\/maedagua.pt\/?page_id=587","title":{"rendered":"LMAT Estremoz &#8211; Alandroal"},"content":{"rendered":"<p>[et_pb_section bb_built=&#8221;1&#8243; _builder_version=&#8221;3.0.63&#8243;][et_pb_row _builder_version=&#8221;3.0.47&#8243; background_size=&#8221;initial&#8221; background_position=&#8221;top_left&#8221; background_repeat=&#8221;repeat&#8221;][et_pb_column type=&#8221;4_4&#8243;][et_pb_text _builder_version=&#8221;3.0.65&#8243; text_font_size=&#8221;25&#8243;]<\/p>\n<p><strong><span style=\"color: #333333;\">Projectos em destaque<\/span><\/strong><\/p>\n<p>[\/et_pb_text][\/et_pb_column][\/et_pb_row][et_pb_row admin_label=&#8221;barra de volta a cada projecto em destaque&#8221; background_position_1=&#8221;top_left&#8221; background_position_2=&#8221;top_left&#8221; background_position_3=&#8221;top_left&#8221; background_position_4=&#8221;top_left&#8221; background_repeat_1=&#8221;no-repeat&#8221; background_repeat_2=&#8221;no-repeat&#8221; background_repeat_3=&#8221;no-repeat&#8221; background_repeat_4=&#8221;no-repeat&#8221; _builder_version=&#8221;3.0.63&#8243;][et_pb_column type=&#8221;1_4&#8243;][et_pb_button admin_label=&#8221;divulga\u00e7\u00e3o&#8221; button_url=&#8221;https:\/\/maedagua.pt\/?page_id=517&#8243; button_text=&#8221;Divulga\u00e7\u00e3o&#8221; button_alignment=&#8221;left&#8221; _builder_version=&#8221;3.0.63&#8243; custom_button=&#8221;on&#8221; button_text_size=&#8221;12px&#8221; button_text_color=&#8221;#bababa&#8221; button_bg_color=&#8221;#ffffff&#8221; button_border_width=&#8221;0&#8243; button_text_color_hover=&#8221;#222222&#8243; button_border_radius_hover=&#8221;0&#8243; saved_tabs=&#8221;all&#8221; background_color=&#8221;#7EBEC5&#8243; \/][\/et_pb_column][et_pb_column type=&#8221;1_4&#8243;][et_pb_button admin_label=&#8221;med compen&#8221; button_url=&#8221;https:\/\/maedagua.pt\/?page_id=555&#8243; button_text=&#8221;Medidas Compensat\u00f3rias&#8221; button_alignment=&#8221;left&#8221; _builder_version=&#8221;3.0.63&#8243; custom_button=&#8221;on&#8221; button_text_size=&#8221;12&#8243; button_text_color=&#8221;#bababa&#8221; button_bg_color=&#8221;#ffffff&#8221; button_border_width=&#8221;0&#8243; button_text_color_hover=&#8221;#222222&#8243; saved_tabs=&#8221;all&#8221; background_color=&#8221;#7EBEC5&#8243; \/][\/et_pb_column][et_pb_column type=&#8221;1_4&#8243;][et_pb_button admin_label=&#8221;monit&#8221; button_url=&#8221;https:\/\/maedagua.pt\/?page_id=561&#8243; button_text=&#8221;Monitoriza\u00e7\u00e3o&#8221; button_alignment=&#8221;left&#8221; _builder_version=&#8221;3.0.63&#8243; custom_button=&#8221;on&#8221; button_text_size=&#8221;12px&#8221; button_text_color=&#8221;#bababa&#8221; button_bg_color=&#8221;#ffffff&#8221; button_border_width=&#8221;0&#8243; button_text_color_hover=&#8221;#222222&#8243; saved_tabs=&#8221;all&#8221; background_color=&#8221;#7EBEC5&#8243; \/][\/et_pb_column][et_pb_column type=&#8221;1_4&#8243;][et_pb_button admin_label=&#8221;EIA&#8221; button_url=&#8221;https:\/\/maedagua.pt\/?page_id=587&#8243; button_text=&#8221;Estudos de Impacte Ambiental&#8221; button_alignment=&#8221;left&#8221; _builder_version=&#8221;3.0.63&#8243; custom_button=&#8221;on&#8221; button_text_size=&#8221;15px&#8221; button_text_color=&#8221;#222222&#8243; button_bg_color=&#8221;#ffffff&#8221; button_border_width=&#8221;0&#8243; button_on_hover=&#8221;off&#8221; button_text_color_hover=&#8221;#222222&#8243; saved_tabs=&#8221;all&#8221; background_color=&#8221;#7EBEC5&#8243; \/][\/et_pb_column][\/et_pb_row][et_pb_row _builder_version=&#8221;3.0.63&#8243; background_size=&#8221;initial&#8221; background_position=&#8221;top_left&#8221; background_repeat=&#8221;repeat&#8221;][et_pb_column type=&#8221;1_3&#8243;][et_pb_image src=&#8221;https:\/\/maedagua.pt\/wp-content\/uploads\/2017\/07\/LAT-Estremoz-Alandroal.jpg&#8221; force_fullwidth=&#8221;on&#8221; _builder_version=&#8221;3.0.63&#8243; \/][et_pb_image src=&#8221;https:\/\/maedagua.pt\/wp-content\/uploads\/2017\/07\/LAT-Estremoz-Alandroal2.jpg&#8221; _builder_version=&#8221;3.0.65&#8243; show_in_lightbox=&#8221;off&#8221; url_new_window=&#8221;off&#8221; use_overlay=&#8221;off&#8221; sticky=&#8221;off&#8221; align=&#8221;left&#8221; always_center_on_mobile=&#8221;on&#8221; border_style=&#8221;solid&#8221; force_fullwidth=&#8221;off&#8221; disabled=&#8221;off&#8221; disabled_on=&#8221;on|on|&#8221; \/][\/et_pb_column][et_pb_column type=&#8221;2_3&#8243;][et_pb_blurb admin_label=&#8221;projecto em destaque&#8221; title=&#8221;LMAT Estremoz &#8211; Alandroal&#8221; _builder_version=&#8221;3.0.65&#8243; header_font=&#8221;Verdana||||&#8221; header_font_size=&#8221;20px&#8221; body_font_size=&#8221;1px&#8221; body_line_height=&#8221;1em&#8221; custom_margin=&#8221;|||&#8221; custom_padding=&#8221;|||&#8221; \/][et_pb_blurb admin_label=&#8221;projecto em destaque&#8221; _builder_version=&#8221;3.0.65&#8243; header_font=&#8221;Verdana||||&#8221; header_font_size=&#8221;24px&#8221; body_font_size=&#8221;15px&#8221; body_line_height=&#8221;1.5em&#8221; custom_margin=&#8221;|||&#8221; custom_padding=&#8221;|||&#8221;]<\/p>\n<p><span style=\"color: #333333;\">Esta linha desenvolve-se numa zona onde predominam os montados e as culturas arvenses de sequeiro e embora n\u00e3o intersecte nenhuma \u00c1rea Classificada atravessa algumas zonas sens\u00edveis para a avifauna.<\/span><\/p>\n<p><span style=\"color: #333333;\">Deste modo, no \u00e2mbito deste EIA foi dada uma especial aten\u00e7\u00e3o \u00e0s comunidades de aves com estatuto de amea\u00e7a em Portugal nomeadamente a cegonha-preta, a \u00e1guia de Bonelli e o sis\u00e3o. O tra\u00e7ado final foi ajustado de modo a que fossem minimizados os impactes sobre as esp\u00e9cies e habitats mais sens\u00edveis.<\/span><\/p>\n<p><span style=\"color: #333333;\">Tendo em aten\u00e7\u00e3o a previs\u00e3o de impactes sobre as comunidades de aves classificadas como sens\u00edveis resultantes do acr\u00e9scimo de mortalidade por colis\u00e3o, desenvolveram-se medidas de minimiza\u00e7\u00e3o que incluiram a sinaliza\u00e7\u00e3o dos tro\u00e7os da linha onde o risco era mais elevado.<\/span><\/p>\n<p><span style=\"color: #333333;\">Foi ainda elaborado um Plano de Monitoriza\u00e7\u00e3o que permitisse avaliar o real impacte desta estrutura sobre as popula\u00e7\u00f5es de aves que frequentam a \u00e1rea atravessada por esta linha.<\/span><\/p>\n<p>[\/et_pb_blurb][\/et_pb_column][\/et_pb_row][\/et_pb_section]<\/p>\n","protected":false},"excerpt":{"rendered":"<p>[et_pb_section bb_built=&#8221;1&#8243; _builder_version=&#8221;3.0.63&#8243;][et_pb_row _builder_version=&#8221;3.0.47&#8243; background_size=&#8221;initial&#8221; background_position=&#8221;top_left&#8221; background_repeat=&#8221;repeat&#8221;][et_pb_column type=&#8221;4_4&#8243;][et_pb_text _builder_version=&#8221;3.0.65&#8243; text_font_size=&#8221;25&#8243;] Projectos em destaque [\/et_pb_text][\/et_pb_column][\/et_pb_row][et_pb_row admin_label=&#8221;barra de volta a cada projecto em destaque&#8221; background_position_1=&#8221;top_left&#8221; background_position_2=&#8221;top_left&#8221; background_position_3=&#8221;top_left&#8221; background_position_4=&#8221;top_left&#8221; background_repeat_1=&#8221;no-repeat&#8221; background_repeat_2=&#8221;no-repeat&#8221; background_repeat_3=&#8221;no-repeat&#8221; background_repeat_4=&#8221;no-repeat&#8221; _builder_version=&#8221;3.0.63&#8243;][et_pb_column type=&#8221;1_4&#8243;][et_pb_button admin_label=&#8221;divulga\u00e7\u00e3o&#8221; button_url=&#8221;https:\/\/maedagua.pt\/?page_id=517&#8243; button_text=&#8221;Divulga\u00e7\u00e3o&#8221; button_alignment=&#8221;left&#8221; _builder_version=&#8221;3.0.63&#8243; custom_button=&#8221;on&#8221; button_text_size=&#8221;12px&#8221; button_text_color=&#8221;#bababa&#8221; button_bg_color=&#8221;#ffffff&#8221; button_border_width=&#8221;0&#8243; button_text_color_hover=&#8221;#222222&#8243; button_border_radius_hover=&#8221;0&#8243; saved_tabs=&#8221;all&#8221; background_color=&#8221;#7EBEC5&#8243; \/][\/et_pb_column][et_pb_column type=&#8221;1_4&#8243;][et_pb_button admin_label=&#8221;med compen&#8221; button_url=&#8221;https:\/\/maedagua.pt\/?page_id=555&#8243; button_text=&#8221;Medidas Compensat\u00f3rias&#8221; button_alignment=&#8221;left&#8221; _builder_version=&#8221;3.0.63&#8243; [&hellip;]<\/p>\n","protected":false},"author":1,"featured_media":0,"parent":0,"menu_order":0,"comment_status":"closed","ping_status":"closed","template":"","meta":{"_et_pb_use_builder":"on","_et_pb_old_content":"","_et_gb_content_width":"","_mi_skip_tracking":false,"footnotes":""},"class_list":["post-587","page","type-page","status-publish","hentry"],"_links":{"self":[{"href":"https:\/\/maedagua.pt\/index.php?rest_route=\/wp\/v2\/pages\/587","targetHints":{"allow":["GET"]}}],"collection":[{"href":"https:\/\/maedagua.pt\/index.php?rest_route=\/wp\/v2\/pages"}],"about":[{"href":"https:\/\/maedagua.pt\/index.php?rest_route=\/wp\/v2\/types\/page"}],"author":[{"embeddable":true,"href":"https:\/\/maedagua.pt\/index.php?rest_route=\/wp\/v2\/users\/1"}],"replies":[{"embeddable":true,"href":"https:\/\/maedagua.pt\/index.php?rest_route=%2Fwp%2Fv2%2Fcomments&post=587"}],"version-history":[{"count":14,"href":"https:\/\/maedagua.pt\/index.php?rest_route=\/wp\/v2\/pages\/587\/revisions"}],"predecessor-version":[{"id":1487,"href":"https:\/\/maedagua.pt\/index.php?rest_route=\/wp\/v2\/pages\/587\/revisions\/1487"}],"wp:attachment":[{"href":"https:\/\/maedagua.pt\/index.php?rest_route=%2Fwp%2Fv2%2Fmedia&parent=587"}],"curies":[{"name":"wp","href":"https:\/\/api.w.org\/{rel}","templated":true}]}}