{"id":561,"date":"2017-07-17T16:59:40","date_gmt":"2017-07-17T16:59:40","guid":{"rendered":"http:\/\/maedagua.pt\/?page_id=561"},"modified":"2017-08-28T15:32:17","modified_gmt":"2017-08-28T15:32:17","slug":"ils-faro","status":"publish","type":"page","link":"https:\/\/maedagua.pt\/?page_id=561","title":{"rendered":"ILS &#8211; Aeroporto de Faro"},"content":{"rendered":"<p>[et_pb_section fb_built=&#8221;1&#8243; _builder_version=&#8221;3.0.63&#8243;][et_pb_row _builder_version=&#8221;3.0.47&#8243; background_size=&#8221;initial&#8221; background_position=&#8221;top_left&#8221; background_repeat=&#8221;repeat&#8221;][et_pb_column type=&#8221;4_4&#8243; _builder_version=&#8221;3.0.47&#8243; parallax=&#8221;off&#8221; parallax_method=&#8221;on&#8221;][et_pb_text _builder_version=&#8221;3.0.65&#8243; text_font_size=&#8221;25&#8243;]<\/p>\n<p><strong><span style=\"color: #333333;\">Projectos em destaque<\/span><\/strong><\/p>\n<p>[\/et_pb_text][\/et_pb_column][\/et_pb_row][et_pb_row background_position_1=&#8221;top_left&#8221; background_position_2=&#8221;top_left&#8221; background_position_3=&#8221;top_left&#8221; background_position_4=&#8221;top_left&#8221; background_repeat_1=&#8221;no-repeat&#8221; background_repeat_2=&#8221;no-repeat&#8221; background_repeat_3=&#8221;no-repeat&#8221; background_repeat_4=&#8221;no-repeat&#8221; admin_label=&#8221;barra de volta a cada projecto em destaque&#8221; _builder_version=&#8221;3.0.63&#8243;][et_pb_column type=&#8221;1_4&#8243; _builder_version=&#8221;3.0.47&#8243; parallax=&#8221;off&#8221; parallax_method=&#8221;on&#8221; background_position=&#8221;top_left&#8221; background_repeat=&#8221;no-repeat&#8221;][et_pb_button button_url=&#8221;https:\/\/maedagua.pt\/?page_id=517&#8243; button_text=&#8221;Divulga\u00e7\u00e3o&#8221; button_alignment=&#8221;left&#8221; admin_label=&#8221;divulga\u00e7\u00e3o&#8221; _builder_version=&#8221;3.0.63&#8243; custom_button=&#8221;on&#8221; button_text_size=&#8221;12px&#8221; button_text_color=&#8221;#bababa&#8221; button_bg_color=&#8221;#ffffff&#8221; button_border_width=&#8221;0&#8243; button_on_hover=&#8221;off&#8221; button_text_color_hover=&#8221;#222222&#8243; button_border_radius_hover=&#8221;0&#8243; saved_tabs=&#8221;all&#8221; background_color=&#8221;#7EBEC5&#8243;][\/et_pb_button][\/et_pb_column][et_pb_column type=&#8221;1_4&#8243; _builder_version=&#8221;3.0.47&#8243; parallax=&#8221;off&#8221; parallax_method=&#8221;on&#8221; background_position=&#8221;top_left&#8221; background_repeat=&#8221;no-repeat&#8221;][et_pb_button button_url=&#8221;https:\/\/maedagua.pt\/?page_id=555&#8243; button_text=&#8221;Medidas Compensat\u00f3rias&#8221; button_alignment=&#8221;left&#8221; admin_label=&#8221;med compen&#8221; _builder_version=&#8221;3.0.63&#8243; custom_button=&#8221;on&#8221; button_text_size=&#8221;12&#8243; button_text_color=&#8221;#bababa&#8221; button_bg_color=&#8221;#ffffff&#8221; button_border_width=&#8221;0&#8243; button_text_color_hover=&#8221;#222222&#8243; saved_tabs=&#8221;all&#8221; background_color=&#8221;#7EBEC5&#8243;][\/et_pb_button][\/et_pb_column][et_pb_column type=&#8221;1_4&#8243; _builder_version=&#8221;3.0.47&#8243; parallax=&#8221;off&#8221; parallax_method=&#8221;on&#8221; background_position=&#8221;top_left&#8221; background_repeat=&#8221;no-repeat&#8221;][et_pb_button button_url=&#8221;https:\/\/maedagua.pt\/?page_id=561&#8243; button_text=&#8221;Monitoriza\u00e7\u00e3o&#8221; button_alignment=&#8221;left&#8221; admin_label=&#8221;monit&#8221; _builder_version=&#8221;3.0.63&#8243; custom_button=&#8221;on&#8221; button_text_size=&#8221;15px&#8221; button_text_color=&#8221;#222222&#8243; button_bg_color=&#8221;#ffffff&#8221; button_border_width=&#8221;0&#8243; button_on_hover=&#8221;off&#8221; button_text_color_hover=&#8221;#222222&#8243; saved_tabs=&#8221;all&#8221; background_color=&#8221;#7EBEC5&#8243;][\/et_pb_button][\/et_pb_column][et_pb_column type=&#8221;1_4&#8243; _builder_version=&#8221;3.0.47&#8243; parallax=&#8221;off&#8221; parallax_method=&#8221;on&#8221; background_position=&#8221;top_left&#8221; background_repeat=&#8221;no-repeat&#8221;][et_pb_button button_url=&#8221;https:\/\/maedagua.pt\/?page_id=587&#8243; button_text=&#8221;Estudos de Impacte Ambiental&#8221; button_alignment=&#8221;left&#8221; admin_label=&#8221;EIA&#8221; _builder_version=&#8221;3.0.63&#8243; custom_button=&#8221;on&#8221; button_text_size=&#8221;12px&#8221; button_text_color=&#8221;#bababa&#8221; button_bg_color=&#8221;#ffffff&#8221; button_border_width=&#8221;0&#8243; button_text_color_hover=&#8221;#222222&#8243; saved_tabs=&#8221;all&#8221; background_color=&#8221;#7EBEC5&#8243;][\/et_pb_button][\/et_pb_column][\/et_pb_row][et_pb_row _builder_version=&#8221;3.0.63&#8243; background_size=&#8221;initial&#8221; background_position=&#8221;top_left&#8221; background_repeat=&#8221;repeat&#8221;][et_pb_column type=&#8221;1_3&#8243; _builder_version=&#8221;3.0.47&#8243; parallax=&#8221;off&#8221; parallax_method=&#8221;on&#8221;][et_pb_image src=&#8221;https:\/\/maedagua.pt\/wp-content\/uploads\/2016\/10\/ILS-Faro_2-e1477591556861.jpg&#8221; force_fullwidth=&#8221;on&#8221; disabled_on=&#8221;on|on|&#8221; _builder_version=&#8221;3.0.65&#8243;][\/et_pb_image][et_pb_image src=&#8221;https:\/\/maedagua.pt\/wp-content\/uploads\/2017\/08\/P1040670.jpg&#8221; _builder_version=&#8221;3.0.65&#8243;][\/et_pb_image][et_pb_image src=&#8221;https:\/\/maedagua.pt\/wp-content\/uploads\/2016\/10\/ILS-Faro_1-e1477591537155.jpg&#8221; disabled_on=&#8221;on|on|&#8221; _builder_version=&#8221;3.0.65&#8243;][\/et_pb_image][\/et_pb_column][et_pb_column type=&#8221;2_3&#8243; _builder_version=&#8221;3.0.47&#8243; parallax=&#8221;off&#8221; parallax_method=&#8221;on&#8221;][et_pb_blurb title=&#8221;Aeroporto de Faro \u2013 Monitoriza\u00e7\u00e3o da fauna terrestre em Situa\u00e7\u00e3o de Refer\u00eancia e Fase de Explora\u00e7\u00e3o&#8221; admin_label=&#8221;projecto em destaque&#8221; _builder_version=&#8221;3.0.65&#8243; header_font=&#8221;Verdana||||&#8221; header_font_size=&#8221;20px&#8221; header_line_height=&#8221;1.2em&#8221; body_font_size=&#8221;1px&#8221; body_line_height=&#8221;1em&#8221; custom_margin=&#8221;|||&#8221; custom_padding=&#8221;|||&#8221;][\/et_pb_blurb][et_pb_blurb admin_label=&#8221;projecto em destaque&#8221; _builder_version=&#8221;3.0.69&#8243; header_font=&#8221;Verdana||||&#8221; header_font_size=&#8221;24px&#8221; body_font_size=&#8221;15px&#8221; body_line_height=&#8221;1.5em&#8221; custom_margin=&#8221;|||&#8221; custom_padding=&#8221;|||&#8221; saved_tabs=&#8221;all&#8221;]<\/p>\n<p><span style=\"color: #333333;\">Na sequ\u00eancia do processo de Avalia\u00e7\u00e3o de Impacte Ambiental relativo \u00e0 Linha de Aproxima\u00e7\u00e3o da Pista 10 do Aeroporto de Faro foi implementado o Plano de Monitoriza\u00e7\u00e3o da Fauna Terrestre que, na fase anterior \u00e0 fase de constru\u00e7\u00e3o (2010), incluiu os seguintes aspectos:<\/span><\/p>\n<ul>\n<li><span style=\"color: #333333;\">1. Caracteriza\u00e7\u00e3o das comunidades de aves que frequentam o local, com an\u00e1lise repartida pelos per\u00edodos de migra\u00e7\u00e3o, nidifica\u00e7\u00e3o e invernada;<\/span><\/li>\n<li><span style=\"color: #333333;\">2. Estudo dos movimentos di\u00e1rios verificados entre o complexo do Ludo e a Ria;<\/span><\/li>\n<li><span style=\"color: #333333;\">3. Estudo do comportamento e das reac\u00e7\u00f5es das aves face \u00e0 passagem das aeronaves;<\/span><\/li>\n<li><span style=\"color: #333333;\">4. Avalia\u00e7\u00e3o da eventual mortalidade de aves causada pela estrutura da Linha de Aproxima\u00e7\u00e3o j\u00e1 existente na Pista 28 devido a colis\u00f5es.<\/span><\/li>\n<\/ul>\n<p><span style=\"color: #333333;\">O Plano de Monitoriza\u00e7\u00e3o teve ainda continuidade ap\u00f3s a instala\u00e7\u00e3o da Linha de Aproxima\u00e7\u00e3o (2013\/14 e 2014\/15) debru\u00e7ando-se sobre os seguintes aspectos:<\/span><\/p>\n<p>&nbsp;<\/p>\n<ul>\n<li><span style=\"color: #333333;\">1. Realiza\u00e7\u00e3o das mesmas ac\u00e7\u00f5es referidas para a fase anterior \u00e0\u00a0implementa\u00e7\u00e3o da Linha de Aproxima\u00e7\u00e3o, com excep\u00e7\u00e3o da avalia\u00e7\u00e3o da mortalidade;<\/span><\/li>\n<li><span style=\"color: #333333;\">2. Implementa\u00e7\u00e3o da Linha de Aproxima\u00e7\u00e3o, com excep\u00e7\u00e3o da avalia\u00e7\u00e3o da mortalidade;<\/span><\/li>\n<li><span style=\"color: #333333;\">3. Estudo das interac\u00e7\u00f5es que as aves t\u00eam com a infra-estrutura;<\/span><\/li>\n<li><span style=\"color: #333333;\">4. Estudar a efic\u00e1cia das medidas propostas na DIA na minimiza\u00e7\u00e3o dos impactes sobre a avifauna.<\/span><\/li>\n<\/ul>\n<p>[\/et_pb_blurb][et_pb_blurb admin_label=&#8221;projecto em destaque&#8221; _builder_version=&#8221;3.0.63&#8243; header_font=&#8221;Verdana||||&#8221; header_font_size=&#8221;24px&#8221; body_font_size=&#8221;16px&#8221; body_line_height=&#8221;1.5em&#8221; custom_margin=&#8221;|||&#8221; custom_padding=&#8221;|||&#8221; saved_tabs=&#8221;all&#8221;][\/et_pb_blurb][\/et_pb_column][\/et_pb_row][\/et_pb_section]<\/p>\n","protected":false},"excerpt":{"rendered":"<p>[et_pb_section fb_built=&#8221;1&#8243; _builder_version=&#8221;3.0.63&#8243;][et_pb_row _builder_version=&#8221;3.0.47&#8243; background_size=&#8221;initial&#8221; background_position=&#8221;top_left&#8221; background_repeat=&#8221;repeat&#8221;][et_pb_column type=&#8221;4_4&#8243; _builder_version=&#8221;3.0.47&#8243; parallax=&#8221;off&#8221; parallax_method=&#8221;on&#8221;][et_pb_text _builder_version=&#8221;3.0.65&#8243; text_font_size=&#8221;25&#8243;] Projectos em destaque [\/et_pb_text][\/et_pb_column][\/et_pb_row][et_pb_row background_position_1=&#8221;top_left&#8221; background_position_2=&#8221;top_left&#8221; background_position_3=&#8221;top_left&#8221; background_position_4=&#8221;top_left&#8221; background_repeat_1=&#8221;no-repeat&#8221; background_repeat_2=&#8221;no-repeat&#8221; background_repeat_3=&#8221;no-repeat&#8221; background_repeat_4=&#8221;no-repeat&#8221; admin_label=&#8221;barra de volta a cada projecto em destaque&#8221; _builder_version=&#8221;3.0.63&#8243;][et_pb_column type=&#8221;1_4&#8243; _builder_version=&#8221;3.0.47&#8243; parallax=&#8221;off&#8221; parallax_method=&#8221;on&#8221; background_position=&#8221;top_left&#8221; background_repeat=&#8221;no-repeat&#8221;][et_pb_button button_url=&#8221;https:\/\/maedagua.pt\/?page_id=517&#8243; button_text=&#8221;Divulga\u00e7\u00e3o&#8221; button_alignment=&#8221;left&#8221; admin_label=&#8221;divulga\u00e7\u00e3o&#8221; _builder_version=&#8221;3.0.63&#8243; custom_button=&#8221;on&#8221; button_text_size=&#8221;12px&#8221; button_text_color=&#8221;#bababa&#8221; button_bg_color=&#8221;#ffffff&#8221; button_border_width=&#8221;0&#8243; button_on_hover=&#8221;off&#8221; button_text_color_hover=&#8221;#222222&#8243; button_border_radius_hover=&#8221;0&#8243; saved_tabs=&#8221;all&#8221; background_color=&#8221;#7EBEC5&#8243;][\/et_pb_button][\/et_pb_column][et_pb_column [&hellip;]<\/p>\n","protected":false},"author":1,"featured_media":0,"parent":0,"menu_order":0,"comment_status":"closed","ping_status":"closed","template":"","meta":{"_et_pb_use_builder":"on","_et_pb_old_content":"","_et_gb_content_width":"","_mi_skip_tracking":false,"footnotes":""},"class_list":["post-561","page","type-page","status-publish","hentry"],"_links":{"self":[{"href":"https:\/\/maedagua.pt\/index.php?rest_route=\/wp\/v2\/pages\/561","targetHints":{"allow":["GET"]}}],"collection":[{"href":"https:\/\/maedagua.pt\/index.php?rest_route=\/wp\/v2\/pages"}],"about":[{"href":"https:\/\/maedagua.pt\/index.php?rest_route=\/wp\/v2\/types\/page"}],"author":[{"embeddable":true,"href":"https:\/\/maedagua.pt\/index.php?rest_route=\/wp\/v2\/users\/1"}],"replies":[{"embeddable":true,"href":"https:\/\/maedagua.pt\/index.php?rest_route=%2Fwp%2Fv2%2Fcomments&post=561"}],"version-history":[{"count":31,"href":"https:\/\/maedagua.pt\/index.php?rest_route=\/wp\/v2\/pages\/561\/revisions"}],"predecessor-version":[{"id":1844,"href":"https:\/\/maedagua.pt\/index.php?rest_route=\/wp\/v2\/pages\/561\/revisions\/1844"}],"wp:attachment":[{"href":"https:\/\/maedagua.pt\/index.php?rest_route=%2Fwp%2Fv2%2Fmedia&parent=561"}],"curies":[{"name":"wp","href":"https:\/\/api.w.org\/{rel}","templated":true}]}}