{"id":517,"date":"2017-07-17T14:35:19","date_gmt":"2017-07-17T14:35:19","guid":{"rendered":"http:\/\/maedagua.pt\/?page_id=517"},"modified":"2017-08-28T15:30:44","modified_gmt":"2017-08-28T15:30:44","slug":"ana-dia-ambiente","status":"publish","type":"page","link":"https:\/\/maedagua.pt\/?page_id=517","title":{"rendered":"ANA &#8211; Dia Mundial do Ambiente"},"content":{"rendered":"<p>[et_pb_section bb_built=&#8221;1&#8243; _builder_version=&#8221;3.0.65&#8243;][et_pb_row _builder_version=&#8221;3.0.47&#8243; background_size=&#8221;initial&#8221; background_position=&#8221;top_left&#8221; background_repeat=&#8221;repeat&#8221;][et_pb_column type=&#8221;4_4&#8243;][et_pb_text _builder_version=&#8221;3.0.65&#8243; text_font=&#8221;|on|||&#8221; text_font_size=&#8221;25px&#8221;]<\/p>\n<p><span style=\"color: #333333;\">Projectos em destaque<\/span><\/p>\n<p>[\/et_pb_text][\/et_pb_column][\/et_pb_row][et_pb_row admin_label=&#8221;barra de volta a cada projecto em destaque&#8221; background_position_1=&#8221;top_left&#8221; background_position_2=&#8221;top_left&#8221; background_position_3=&#8221;top_left&#8221; background_position_4=&#8221;top_left&#8221; background_repeat_1=&#8221;no-repeat&#8221; background_repeat_2=&#8221;no-repeat&#8221; background_repeat_3=&#8221;no-repeat&#8221; background_repeat_4=&#8221;no-repeat&#8221; _builder_version=&#8221;3.0.63&#8243;][et_pb_column type=&#8221;1_4&#8243;][et_pb_button admin_label=&#8221;divulga\u00e7\u00e3o&#8221; button_url=&#8221;https:\/\/maedagua.pt\/?page_id=517&#8243; button_text=&#8221;Divulga\u00e7\u00e3o&#8221; button_alignment=&#8221;left&#8221; _builder_version=&#8221;3.0.63&#8243; custom_button=&#8221;on&#8221; button_text_size=&#8221;15px&#8221; button_text_color=&#8221;#222222&#8243; button_bg_color=&#8221;#ffffff&#8221; button_border_width=&#8221;0&#8243; button_on_hover=&#8221;off&#8221; button_border_radius_hover=&#8221;0&#8243; saved_tabs=&#8221;all&#8221; background_color=&#8221;#7EBEC5&#8243; \/][\/et_pb_column][et_pb_column type=&#8221;1_4&#8243;][et_pb_button admin_label=&#8221;med compen&#8221; button_url=&#8221;https:\/\/maedagua.pt\/?page_id=555&#8243; button_text=&#8221;Medidas Compensat\u00f3rias&#8221; button_alignment=&#8221;left&#8221; _builder_version=&#8221;3.0.63&#8243; custom_button=&#8221;on&#8221; button_text_size=&#8221;12&#8243; button_text_color=&#8221;#bababa&#8221; button_bg_color=&#8221;#ffffff&#8221; button_border_width=&#8221;0&#8243; button_text_color_hover=&#8221;#222222&#8243; saved_tabs=&#8221;all&#8221; background_color=&#8221;#7EBEC5&#8243; \/][\/et_pb_column][et_pb_column type=&#8221;1_4&#8243;][et_pb_button admin_label=&#8221;monit&#8221; button_url=&#8221;https:\/\/maedagua.pt\/?page_id=561&#8243; button_text=&#8221;Monitoriza\u00e7\u00e3o&#8221; button_alignment=&#8221;left&#8221; _builder_version=&#8221;3.0.63&#8243; custom_button=&#8221;on&#8221; button_text_size=&#8221;12px&#8221; button_text_color=&#8221;#bababa&#8221; button_bg_color=&#8221;#ffffff&#8221; button_border_width=&#8221;0&#8243; button_text_color_hover=&#8221;#222222&#8243; saved_tabs=&#8221;all&#8221; background_color=&#8221;#7EBEC5&#8243; \/][\/et_pb_column][et_pb_column type=&#8221;1_4&#8243;][et_pb_button admin_label=&#8221;EIA&#8221; button_url=&#8221;https:\/\/maedagua.pt\/?page_id=587&#8243; button_text=&#8221;Estudos de Impacte Ambiental&#8221; button_alignment=&#8221;left&#8221; _builder_version=&#8221;3.0.63&#8243; custom_button=&#8221;on&#8221; button_text_size=&#8221;12px&#8221; button_text_color=&#8221;#bababa&#8221; button_bg_color=&#8221;#ffffff&#8221; button_border_width=&#8221;0&#8243; button_text_color_hover=&#8221;#222222&#8243; saved_tabs=&#8221;all&#8221; background_color=&#8221;#7EBEC5&#8243; \/][\/et_pb_column][\/et_pb_row][et_pb_row _builder_version=&#8221;3.0.63&#8243; background_size=&#8221;initial&#8221; background_position=&#8221;top_left&#8221; background_repeat=&#8221;repeat&#8221;][et_pb_column type=&#8221;1_3&#8243;][et_pb_image src=&#8221;https:\/\/maedagua.pt\/wp-content\/uploads\/2016\/10\/ANA-Lx_Dia-do-Ambiente_Painel-2-Final-e1477587258835.jpg&#8221; force_fullwidth=&#8221;on&#8221; _builder_version=&#8221;3.0.65&#8243; show_in_lightbox=&#8221;off&#8221; url_new_window=&#8221;off&#8221; use_overlay=&#8221;off&#8221; sticky=&#8221;off&#8221; align=&#8221;left&#8221; always_center_on_mobile=&#8221;on&#8221; border_style=&#8221;solid&#8221; disabled=&#8221;off&#8221; disabled_on=&#8221;on|on|&#8221; \/][et_pb_image src=&#8221;https:\/\/maedagua.pt\/wp-content\/uploads\/2016\/10\/ANA-Lx_Dia-do-Ambiente_Painel-6-Final-e1477587100838.jpg&#8221; _builder_version=&#8221;3.0.65&#8243; show_in_lightbox=&#8221;off&#8221; url_new_window=&#8221;off&#8221; use_overlay=&#8221;off&#8221; sticky=&#8221;off&#8221; align=&#8221;left&#8221; always_center_on_mobile=&#8221;on&#8221; border_style=&#8221;solid&#8221; force_fullwidth=&#8221;off&#8221; disabled=&#8221;off&#8221; disabled_on=&#8221;on|on|&#8221; \/][et_pb_image src=&#8221;https:\/\/maedagua.pt\/wp-content\/uploads\/2016\/10\/ANA-Lx_Dia-do-Ambiente_Painel-5-Final-e1477587119848.jpg&#8221; _builder_version=&#8221;3.0.65&#8243; show_in_lightbox=&#8221;off&#8221; url_new_window=&#8221;off&#8221; use_overlay=&#8221;off&#8221; sticky=&#8221;off&#8221; align=&#8221;left&#8221; always_center_on_mobile=&#8221;on&#8221; border_style=&#8221;solid&#8221; force_fullwidth=&#8221;off&#8221; \/][\/et_pb_column][et_pb_column type=&#8221;2_3&#8243;][et_pb_blurb admin_label=&#8221;projecto em destaque&#8221; title=&#8221;Pain\u00e9is do Dia Mundial do Ambiente&#8221; _builder_version=&#8221;3.0.65&#8243; header_font=&#8221;Verdana||||&#8221; header_font_size=&#8221;20px&#8221; body_font_size=&#8221;1px&#8221; body_line_height=&#8221;1em&#8221; custom_margin=&#8221;|||&#8221; custom_padding=&#8221;|||&#8221; \/][et_pb_blurb admin_label=&#8221;projecto em destaque&#8221; _builder_version=&#8221;3.0.65&#8243; header_font=&#8221;Verdana||||&#8221; header_font_size=&#8221;25px&#8221; body_font_size=&#8221;15px&#8221; body_line_height=&#8221;1.5em&#8221; custom_margin=&#8221;|||&#8221; custom_padding=&#8221;|||&#8221;]<\/p>\n<p><span style=\"color: #333333;\">Sabia que ocorrem na \u00e1rea do aeroporto de Lisboa nove esp\u00e9cies diferentes de orqu\u00eddeas?<\/span><\/p>\n<p><span style=\"color: #333333;\">E que os prados entre as pistas e taxways s\u00e3o pontos de repouso e retoma de energia para muitas aves migradoras que, tal como as aeronaves, percorrem grandes dist\u00e2ncias, cruzando mares e unindo continentes?<\/span><\/p>\n<p><span style=\"color: #333333;\">Sabia que o aeroporto de Lisboa tem levado a cabo estudos que promovem a gest\u00e3o dos habitats no seu interior? <\/span><\/p>\n<p><span style=\"color: #333333;\">Estas foram apenas algumas das quest\u00f5es que a ANA quis apresentar, durante o m\u00eas de Junho aos milhares de passageiros que, diariamente cruzaram a zona da Pra\u00e7a de Lisboa, a caminho ou de regresso dos seus destinos.<\/span><\/p>\n<p><span style=\"color: #333333;\">Para tanto a ANA SA, na sequ\u00eancia de trabalhos j\u00e1 realizados pela M\u00e3e d\u2019\u00e1gua no aeroporto de Lisboa\u2013 e outros em curso &#8211; apresentou-nos o desafio de divulgar alguns dos resultados, bem como dar a conhecer outros aspectos relativos \u00e0 biodiversidade e gest\u00e3o do habitat. <\/span><\/p>\n<p><span style=\"color: #333333;\">Metemos m\u00e3os \u00e0 obra, escolhemos protagonistas (as orqu\u00eddeas, os chascos-cinzentos, os andorinh\u00f5es\u2026), seleccion\u00e1mos temas. O resultado foram 7 pain\u00e9is tem\u00e1ticos e 2 introdut\u00f3rios, que sob o t\u00edtulo Dia Mundial do Ambiente 2016 \u2013 o aeroporto de Lisboa e a biodiversidade, trouxeram aos passageiros uma vis\u00e3o ou realidade, oculta ou desconhecida, para a sua grande maioria.<\/span><\/p>\n<p>[\/et_pb_blurb][\/et_pb_column][\/et_pb_row][\/et_pb_section]<\/p>\n","protected":false},"excerpt":{"rendered":"<p>[et_pb_section bb_built=&#8221;1&#8243; _builder_version=&#8221;3.0.65&#8243;][et_pb_row _builder_version=&#8221;3.0.47&#8243; background_size=&#8221;initial&#8221; background_position=&#8221;top_left&#8221; background_repeat=&#8221;repeat&#8221;][et_pb_column type=&#8221;4_4&#8243;][et_pb_text _builder_version=&#8221;3.0.65&#8243; text_font=&#8221;|on|||&#8221; text_font_size=&#8221;25px&#8221;] Projectos em destaque [\/et_pb_text][\/et_pb_column][\/et_pb_row][et_pb_row admin_label=&#8221;barra de volta a cada projecto em destaque&#8221; background_position_1=&#8221;top_left&#8221; background_position_2=&#8221;top_left&#8221; background_position_3=&#8221;top_left&#8221; background_position_4=&#8221;top_left&#8221; background_repeat_1=&#8221;no-repeat&#8221; background_repeat_2=&#8221;no-repeat&#8221; background_repeat_3=&#8221;no-repeat&#8221; background_repeat_4=&#8221;no-repeat&#8221; _builder_version=&#8221;3.0.63&#8243;][et_pb_column type=&#8221;1_4&#8243;][et_pb_button admin_label=&#8221;divulga\u00e7\u00e3o&#8221; button_url=&#8221;https:\/\/maedagua.pt\/?page_id=517&#8243; button_text=&#8221;Divulga\u00e7\u00e3o&#8221; button_alignment=&#8221;left&#8221; _builder_version=&#8221;3.0.63&#8243; custom_button=&#8221;on&#8221; button_text_size=&#8221;15px&#8221; button_text_color=&#8221;#222222&#8243; button_bg_color=&#8221;#ffffff&#8221; button_border_width=&#8221;0&#8243; button_on_hover=&#8221;off&#8221; button_border_radius_hover=&#8221;0&#8243; saved_tabs=&#8221;all&#8221; background_color=&#8221;#7EBEC5&#8243; \/][\/et_pb_column][et_pb_column type=&#8221;1_4&#8243;][et_pb_button admin_label=&#8221;med compen&#8221; button_url=&#8221;https:\/\/maedagua.pt\/?page_id=555&#8243; button_text=&#8221;Medidas Compensat\u00f3rias&#8221; button_alignment=&#8221;left&#8221; [&hellip;]<\/p>\n","protected":false},"author":1,"featured_media":0,"parent":0,"menu_order":0,"comment_status":"closed","ping_status":"closed","template":"","meta":{"_et_pb_use_builder":"on","_et_pb_old_content":"","_et_gb_content_width":"","_mi_skip_tracking":false,"footnotes":""},"class_list":["post-517","page","type-page","status-publish","hentry"],"_links":{"self":[{"href":"https:\/\/maedagua.pt\/index.php?rest_route=\/wp\/v2\/pages\/517","targetHints":{"allow":["GET"]}}],"collection":[{"href":"https:\/\/maedagua.pt\/index.php?rest_route=\/wp\/v2\/pages"}],"about":[{"href":"https:\/\/maedagua.pt\/index.php?rest_route=\/wp\/v2\/types\/page"}],"author":[{"embeddable":true,"href":"https:\/\/maedagua.pt\/index.php?rest_route=\/wp\/v2\/users\/1"}],"replies":[{"embeddable":true,"href":"https:\/\/maedagua.pt\/index.php?rest_route=%2Fwp%2Fv2%2Fcomments&post=517"}],"version-history":[{"count":45,"href":"https:\/\/maedagua.pt\/index.php?rest_route=\/wp\/v2\/pages\/517\/revisions"}],"predecessor-version":[{"id":1842,"href":"https:\/\/maedagua.pt\/index.php?rest_route=\/wp\/v2\/pages\/517\/revisions\/1842"}],"wp:attachment":[{"href":"https:\/\/maedagua.pt\/index.php?rest_route=%2Fwp%2Fv2%2Fmedia&parent=517"}],"curies":[{"name":"wp","href":"https:\/\/api.w.org\/{rel}","templated":true}]}}