{"id":506,"date":"2016-10-27T18:29:14","date_gmt":"2016-10-27T18:29:14","guid":{"rendered":"http:\/\/maedagua.pt\/?page_id=506"},"modified":"2017-08-05T11:14:36","modified_gmt":"2017-08-05T11:14:36","slug":"projectos-em-destaque","status":"publish","type":"page","link":"https:\/\/maedagua.pt\/?page_id=506","title":{"rendered":"Projectos em destaque"},"content":{"rendered":"<p>[et_pb_section fb_built=&#8221;1&#8243; admin_label=&#8221;section&#8221; _builder_version=&#8221;3.0.65&#8243;][et_pb_row _builder_version=&#8221;3.0.47&#8243; background_size=&#8221;initial&#8221; background_position=&#8221;top_left&#8221; background_repeat=&#8221;repeat&#8221;][et_pb_column type=&#8221;4_4&#8243; _builder_version=&#8221;3.0.47&#8243; parallax=&#8221;off&#8221; parallax_method=&#8221;on&#8221;][et_pb_text _builder_version=&#8221;3.0.65&#8243; text_font_size=&#8221;25&#8243;]<\/p>\n<p><strong><span style=\"color: #333333;\">Projectos em destaque<\/span><\/strong><\/p>\n<p>[\/et_pb_text][\/et_pb_column][\/et_pb_row][et_pb_row _builder_version=&#8221;3.0.47&#8243; background_size=&#8221;initial&#8221; background_position=&#8221;top_left&#8221; background_repeat=&#8221;repeat&#8221;][et_pb_column type=&#8221;1_4&#8243; _builder_version=&#8221;3.0.47&#8243; parallax=&#8221;off&#8221; parallax_method=&#8221;on&#8221;][et_pb_blurb title=&#8221;Divulga\u00e7\u00e3o&#8221; url=&#8221;https:\/\/maedagua.pt\/?page_id=517&#8243; url_new_window=&#8221;on&#8221; image=&#8221;https:\/\/maedagua.pt\/wp-content\/uploads\/2017\/07\/ANA-Lx_Dia-do-Ambiente_Painel-2-Finalb-2.jpg&#8221; admin_label=&#8221;ANA&#8221; _builder_version=&#8221;3.0.63&#8243; body_font_size=&#8221;11px&#8221; body_line_height=&#8221;1.4em&#8221;]<\/p>\n<p style=\"text-align: left;\"><span style=\"color: #333333;\">Pain\u00e9is ANA Dia Mundial do Ambiente \u2013 2016<\/span><\/p>\n<p>[\/et_pb_blurb][\/et_pb_column][et_pb_column type=&#8221;1_4&#8243; _builder_version=&#8221;3.0.47&#8243; parallax=&#8221;off&#8221; parallax_method=&#8221;on&#8221;][et_pb_blurb title=&#8221;Medidas compensat\u00f3rias&#8221; url=&#8221;https:\/\/maedagua.pt\/?page_id=555&#8243; url_new_window=&#8221;on&#8221; image=&#8221;https:\/\/maedagua.pt\/wp-content\/uploads\/2016\/10\/AMPER_Alcaravao2-e1477590921685.jpg&#8221; admin_label=&#8221;AMPER&#8221; _builder_version=&#8221;3.0.63&#8243; body_font_size=&#8221;10px&#8221; body_line_height=&#8221;1.4em&#8221;]<\/p>\n<p><span style=\"color: #333333;\">AMPER Central Solar Fotovoltaica de Amareleja &ndash; Medidas Compensat&oacute;rias relativas ao alcarav&atilde;o (<em>Burhinus oedicnemus<\/em>)<\/span><\/p>\n<p>[\/et_pb_blurb][\/et_pb_column][et_pb_column type=&#8221;1_4&#8243; _builder_version=&#8221;3.0.47&#8243; parallax=&#8221;off&#8221; parallax_method=&#8221;on&#8221;][et_pb_blurb title=&#8221;Monitoriza\u00e7\u00e3o&#8221; url=&#8221;https:\/\/maedagua.pt\/?page_id=561&#8243; url_new_window=&#8221;on&#8221; image=&#8221;https:\/\/maedagua.pt\/wp-content\/uploads\/2016\/10\/ILS-Faro_2-e1477591556861.jpg&#8221; admin_label=&#8221;ILS&#8221; _builder_version=&#8221;3.0.63&#8243; body_font_size=&#8221;10px&#8221; body_line_height=&#8221;1.4em&#8221;]<\/p>\n<p><span style=\"color: #333333;\">Aeroporto de Faro \u2013 Linha de aproxima\u00e7\u00e3o (ILS) da pista 10 \u2013 Monitoriza\u00e7\u00e3o da fauna terrestre em Situa\u00e7\u00e3o de Refer\u00eancia e Fase de Explora\u00e7\u00e3o<\/span><\/p>\n<p>[\/et_pb_blurb][\/et_pb_column][et_pb_column type=&#8221;1_4&#8243; _builder_version=&#8221;3.0.47&#8243; parallax=&#8221;off&#8221; parallax_method=&#8221;on&#8221;][et_pb_blurb title=&#8221;Estudos de Impacte Ambiental&#8221; url=&#8221;https:\/\/maedagua.pt\/?page_id=587&#8243; url_new_window=&#8221;on&#8221; image=&#8221;https:\/\/maedagua.pt\/wp-content\/uploads\/2017\/07\/LAT-Estremoz-Alandroal.jpg&#8221; admin_label=&#8221;LMAT&#8221; _builder_version=&#8221;3.0.63&#8243; body_font_size=&#8221;10px&#8221; body_line_height=&#8221;1.4em&#8221;]<\/p>\n<p><span style=\"color: #333333;\">LMAT Estremoz &#8211; Alandroal<\/span><\/p>\n<p>[\/et_pb_blurb][\/et_pb_column][\/et_pb_row][\/et_pb_section]<\/p>\n","protected":false},"excerpt":{"rendered":"<p>[et_pb_section fb_built=&#8221;1&#8243; admin_label=&#8221;section&#8221; _builder_version=&#8221;3.0.65&#8243;][et_pb_row _builder_version=&#8221;3.0.47&#8243; background_size=&#8221;initial&#8221; background_position=&#8221;top_left&#8221; background_repeat=&#8221;repeat&#8221;][et_pb_column type=&#8221;4_4&#8243; _builder_version=&#8221;3.0.47&#8243; parallax=&#8221;off&#8221; parallax_method=&#8221;on&#8221;][et_pb_text _builder_version=&#8221;3.0.65&#8243; text_font_size=&#8221;25&#8243;] Projectos em destaque [\/et_pb_text][\/et_pb_column][\/et_pb_row][et_pb_row _builder_version=&#8221;3.0.47&#8243; background_size=&#8221;initial&#8221; background_position=&#8221;top_left&#8221; background_repeat=&#8221;repeat&#8221;][et_pb_column type=&#8221;1_4&#8243; _builder_version=&#8221;3.0.47&#8243; parallax=&#8221;off&#8221; parallax_method=&#8221;on&#8221;][et_pb_blurb title=&#8221;Divulga\u00e7\u00e3o&#8221; url=&#8221;https:\/\/maedagua.pt\/?page_id=517&#8243; url_new_window=&#8221;on&#8221; image=&#8221;https:\/\/maedagua.pt\/wp-content\/uploads\/2017\/07\/ANA-Lx_Dia-do-Ambiente_Painel-2-Finalb-2.jpg&#8221; admin_label=&#8221;ANA&#8221; _builder_version=&#8221;3.0.63&#8243; body_font_size=&#8221;11px&#8221; body_line_height=&#8221;1.4em&#8221;] Pain\u00e9is ANA Dia Mundial do Ambiente \u2013 2016 [\/et_pb_blurb][\/et_pb_column][et_pb_column type=&#8221;1_4&#8243; _builder_version=&#8221;3.0.47&#8243; parallax=&#8221;off&#8221; parallax_method=&#8221;on&#8221;][et_pb_blurb title=&#8221;Medidas compensat\u00f3rias&#8221; url=&#8221;https:\/\/maedagua.pt\/?page_id=555&#8243; url_new_window=&#8221;on&#8221; image=&#8221;https:\/\/maedagua.pt\/wp-content\/uploads\/2016\/10\/AMPER_Alcaravao2-e1477590921685.jpg&#8221; admin_label=&#8221;AMPER&#8221; _builder_version=&#8221;3.0.63&#8243; body_font_size=&#8221;10px&#8221; [&hellip;]<\/p>\n","protected":false},"author":1,"featured_media":0,"parent":0,"menu_order":0,"comment_status":"closed","ping_status":"closed","template":"","meta":{"_et_pb_use_builder":"on","_et_pb_old_content":"","_et_gb_content_width":"","_mi_skip_tracking":false,"footnotes":""},"class_list":["post-506","page","type-page","status-publish","hentry"],"_links":{"self":[{"href":"https:\/\/maedagua.pt\/index.php?rest_route=\/wp\/v2\/pages\/506","targetHints":{"allow":["GET"]}}],"collection":[{"href":"https:\/\/maedagua.pt\/index.php?rest_route=\/wp\/v2\/pages"}],"about":[{"href":"https:\/\/maedagua.pt\/index.php?rest_route=\/wp\/v2\/types\/page"}],"author":[{"embeddable":true,"href":"https:\/\/maedagua.pt\/index.php?rest_route=\/wp\/v2\/users\/1"}],"replies":[{"embeddable":true,"href":"https:\/\/maedagua.pt\/index.php?rest_route=%2Fwp%2Fv2%2Fcomments&post=506"}],"version-history":[{"count":24,"href":"https:\/\/maedagua.pt\/index.php?rest_route=\/wp\/v2\/pages\/506\/revisions"}],"predecessor-version":[{"id":1490,"href":"https:\/\/maedagua.pt\/index.php?rest_route=\/wp\/v2\/pages\/506\/revisions\/1490"}],"wp:attachment":[{"href":"https:\/\/maedagua.pt\/index.php?rest_route=%2Fwp%2Fv2%2Fmedia&parent=506"}],"curies":[{"name":"wp","href":"https:\/\/api.w.org\/{rel}","templated":true}]}}