{"id":2185,"date":"2017-11-10T15:14:37","date_gmt":"2017-11-10T15:14:37","guid":{"rendered":"http:\/\/maedagua.pt\/?page_id=2185"},"modified":"2017-11-27T10:07:45","modified_gmt":"2017-11-27T10:07:45","slug":"alternativa-levantamentos-de-campo","status":"publish","type":"page","link":"https:\/\/maedagua.pt\/?page_id=2185","title":{"rendered":"Levantamentos de campo"},"content":{"rendered":"<p>[et_pb_section bb_built=&#8221;1&#8243; _builder_version=&#8221;3.0.63&#8243;][et_pb_row _builder_version=&#8221;3.0.47&#8243; background_size=&#8221;initial&#8221; background_position=&#8221;top_left&#8221; background_repeat=&#8221;repeat&#8221;][et_pb_column type=&#8221;4_4&#8243;][et_pb_text admin_label=&#8221;levantamentos de campo&#8221; _builder_version=&#8221;3.0.86&#8243; text_font=&#8221;|on|||&#8221; text_font_size=&#8221;25px&#8221; background_layout=&#8221;light&#8221;]<\/p>\n<p><strong><span style=\"color: #333333;\">Levantamentos de campo<\/span><\/strong><\/p>\n<p>[\/et_pb_text][\/et_pb_column][\/et_pb_row][et_pb_row _builder_version=&#8221;3.0.63&#8243; background_size=&#8221;initial&#8221; background_position=&#8221;top_left&#8221; background_repeat=&#8221;repeat&#8221;][et_pb_column type=&#8221;1_3&#8243;][et_pb_image src=&#8221;https:\/\/maedagua.pt\/wp-content\/uploads\/2017\/08\/cegonha-preta.jpg&#8221; force_fullwidth=&#8221;on&#8221; _builder_version=&#8221;3.0.69&#8243; animation_style=&#8221;slide&#8221; animation_duration=&#8221;500ms&#8221; animation_intensity_slide=&#8221;10%&#8221; animation_direction=&#8221;left&#8221; show_bottom_space=&#8221;on&#8221; \/][\/et_pb_column][et_pb_column type=&#8221;2_3&#8243;][et_pb_blurb admin_label=&#8221;Levantamentos de campo&#8221; _builder_version=&#8221;3.0.86&#8243; header_font=&#8221;Verdana||||&#8221; header_font_size=&#8221;25px&#8221; body_font_size=&#8221;15px&#8221; body_line_height=&#8221;1.5em&#8221; custom_margin=&#8221;|||&#8221; custom_padding=&#8221;|||&#8221; url_new_window=&#8221;off&#8221; use_icon=&#8221;off&#8221; use_circle=&#8221;off&#8221; use_circle_border=&#8221;off&#8221; icon_placement=&#8221;top&#8221; use_icon_font_size=&#8221;off&#8221; background_layout=&#8221;light&#8221; border_style=&#8221;solid&#8221; max_width_tablet=&#8221;50px&#8221;]<\/p>\n<p><span style=\"color: #333333;\">A M\u00e3e d\u2019\u00e1gua possui a experi\u00eancia, o equipamento e as autoriza\u00e7\u00f5es necess\u00e1rias para realizar trabalhos de levantamento de fauna, flora e vegeta\u00e7\u00e3o utilizando as mais variadas t\u00e9cnicas,\u00a0<\/span><span style=\"color: #333333;\">com o aux\u00edlio de equipamento adequado, n<\/span><span style=\"color: #333333;\">omeadamente de captura e marca\u00e7\u00e3o de aves, observa\u00e7\u00e3o passiva com o aux\u00edlio de c\u00e2maras digitais e detectores de ultra-sons.<\/span><\/p>\n<p>&nbsp;<\/p>\n<p>[\/et_pb_blurb][\/et_pb_column][\/et_pb_row][et_pb_row _builder_version=&#8221;3.0.47&#8243; background_size=&#8221;initial&#8221; background_position=&#8221;top_left&#8221; background_repeat=&#8221;repeat&#8221;][et_pb_column type=&#8221;4_4&#8243;][et_pb_toggle admin_label=&#8221;Observa\u00e7\u00f5es nocturnas&#8221; title=&#8221;Observa\u00e7\u00f5es nocturnas&#8221; _builder_version=&#8221;3.0.89&#8243; title_font=&#8221;|on|||&#8221; title_font_size=&#8221;15px&#8221; body_line_height=&#8221;1.5em&#8221; open=&#8221;off&#8221; body_font_size=&#8221;13&#8243;]<\/p>\n<p><span style=\"color: #333333;\">A M\u00e3e d\u2019\u00e1gua possui a experi\u00eancia e o equipamento para realizar observa\u00e7\u00f5es de fauna durante a noite. Esta observa\u00e7\u00e3o \u00e9 efectuada com recurso a equipamento de vis\u00e3o nocturna e \u00e0 grava\u00e7\u00e3o de imagens de v\u00eddeo para posterior an\u00e1lise.<\/span><\/p>\n<p><iframe loading=\"lazy\" src=\"https:\/\/player.vimeo.com\/video\/244619549\" width=\"1080\" height=\"608\" frameborder=\"0\" title=\"Colhereiro na Ria Formosa\" webkitallowfullscreen mozallowfullscreen allowfullscreen><\/iframe><\/p>\n<p>[\/et_pb_toggle][et_pb_toggle admin_label=&#8221;Armadilhagem fotogr\u00e1fica&#8221; title=&#8221;Armadilhagem fotogr\u00e1fica&#8221; _builder_version=&#8221;3.0.89&#8243; title_font=&#8221;|on|||&#8221; title_font_size=&#8221;15px&#8221; body_line_height=&#8221;1.5em&#8221; open=&#8221;off&#8221; body_font_size=&#8221;13&#8243;]<\/p>\n<p><span style=\"color: #333333;\">No \u00e2mbito de diversos trabalhos de monitoriza\u00e7\u00e3o recorremos a c\u00e2maras digitais autom\u00e1ticas para inventaria\u00e7\u00e3o de esp\u00e9cies, avalia\u00e7\u00e3o do uso de passagens hidr\u00e1ulicas por mam\u00edferos e outros trabalhos similares. Neste momento estamos equipados com c\u00e2maras adequadas a uma grande diversidade de trabalhos.<\/span><\/p>\n<p>&nbsp;<\/p>\n<p><img loading=\"lazy\" decoding=\"async\" class=\"wp-image-2195 size-full aligncenter\" src=\"https:\/\/maedagua.pt\/wp-content\/uploads\/2017\/11\/camaras2.jpg\" alt=\"\" width=\"1280\" height=\"720\" srcset=\"https:\/\/maedagua.pt\/wp-content\/uploads\/2017\/11\/camaras2.jpg 1280w, https:\/\/maedagua.pt\/wp-content\/uploads\/2017\/11\/camaras2-300x169.jpg 300w, https:\/\/maedagua.pt\/wp-content\/uploads\/2017\/11\/camaras2-768x432.jpg 768w, https:\/\/maedagua.pt\/wp-content\/uploads\/2017\/11\/camaras2-1024x576.jpg 1024w, https:\/\/maedagua.pt\/wp-content\/uploads\/2017\/11\/camaras2-1080x608.jpg 1080w\" sizes=\"auto, (max-width: 1280px) 100vw, 1280px\" \/><\/p>\n<p><iframe loading=\"lazy\" src=\"https:\/\/player.vimeo.com\/video\/241937449\" width=\"1080\" height=\"608\" frameborder=\"0\" title=\"Levantamentos de fauna na AMPER\" webkitallowfullscreen mozallowfullscreen allowfullscreen><\/iframe><\/p>\n<p>[\/et_pb_toggle][et_pb_toggle admin_label=&#8221;Captura de aves&#8221; title=&#8221;Captura e marca\u00e7\u00e3o de aves&#8221; _builder_version=&#8221;3.0.86&#8243; title_font=&#8221;|on|||&#8221; title_font_size=&#8221;15px&#8221; body_font_size=&#8221;13px&#8221; body_line_height=&#8221;1.5em&#8221; open=&#8221;off&#8221;]<\/p>\n<p><span style=\"color: #333333;\">Os t\u00e9cnicos da M\u00e3e d\u2019\u00e1gua possuem licen\u00e7as para captura e marca\u00e7\u00e3o de aves e a empresa possui o equipamento necess\u00e1rio para realizar estes trabalhos. A experi\u00eancia da empresa inclui a marca\u00e7\u00e3o de aves com equipamento de seguimento por sat\u00e9lite e com dataloggers e a captura de aves em Angola.<\/span><\/p>\n<p>&nbsp;<\/p>\n<div id=\"attachment_2068\" style=\"width: 804px\" class=\"wp-caption alignnone\"><img loading=\"lazy\" decoding=\"async\" aria-describedby=\"caption-attachment-2068\" class=\"size-full wp-image-2068\" src=\"https:\/\/maedagua.pt\/wp-content\/uploads\/2017\/08\/redes_angola.jpg\" alt=\"Captura de aves em Angola\" width=\"794\" height=\"812\" srcset=\"https:\/\/maedagua.pt\/wp-content\/uploads\/2017\/08\/redes_angola.jpg 794w, https:\/\/maedagua.pt\/wp-content\/uploads\/2017\/08\/redes_angola-293x300.jpg 293w, https:\/\/maedagua.pt\/wp-content\/uploads\/2017\/08\/redes_angola-768x785.jpg 768w\" sizes=\"auto, (max-width: 794px) 100vw, 794px\" \/><p id=\"caption-attachment-2068\" class=\"wp-caption-text\">Redes de captura de aves<\/p><\/div>\n<p>[\/et_pb_toggle][et_pb_toggle admin_label=&#8221;Quir\u00f3pteros&#8221; title=&#8221;Levantamento de quir\u00f3pteros&#8221; _builder_version=&#8221;3.0.86&#8243; title_font=&#8221;|on|||&#8221; title_font_size=&#8221;15px&#8221; body_font_size=&#8221;13px&#8221; body_line_height=&#8221;1.5em&#8221; open=&#8221;off&#8221;]<\/p>\n<p><span style=\"color: #333333;\">No \u00e2mbito de trabalho de invent\u00e1rio e monitoriza\u00e7\u00e3o a M\u00e3e d\u2019\u00e1gua tem realizado levantamentos de quir\u00f3pteros com recurso a detectores e gravadores de ultra-sons que permitem detectar e identificar as esp\u00e9cies presentes e avaliar a actividade dos morcegos em determinada zona. <\/span><br \/>\n<span style=\"color: #333333;\">Estes trabalhos incluem a utiliza\u00e7\u00e3o de dois tipos de equipamento \u2013 tempo expandido e divisor de frequ\u00eancia. A an\u00e1lise dos espectrogramas \u00e9 feita com o uso de software especializado.<\/span><\/p>\n<p>&nbsp;<\/p>\n<div id=\"attachment_2073\" style=\"width: 805px\" class=\"wp-caption alignnone\"><img loading=\"lazy\" decoding=\"async\" aria-describedby=\"caption-attachment-2073\" class=\"size-full wp-image-2073\" src=\"https:\/\/maedagua.pt\/wp-content\/uploads\/2017\/08\/sonograma.jpg\" alt=\"\" width=\"795\" height=\"424\" srcset=\"https:\/\/maedagua.pt\/wp-content\/uploads\/2017\/08\/sonograma.jpg 795w, https:\/\/maedagua.pt\/wp-content\/uploads\/2017\/08\/sonograma-300x160.jpg 300w, https:\/\/maedagua.pt\/wp-content\/uploads\/2017\/08\/sonograma-768x410.jpg 768w\" sizes=\"auto, (max-width: 795px) 100vw, 795px\" \/><p id=\"caption-attachment-2073\" class=\"wp-caption-text\">Identifica\u00e7\u00e3o ac\u00fastica de morcegos<\/p><\/div>\n<p>[\/et_pb_toggle][\/et_pb_column][\/et_pb_row][\/et_pb_section]<\/p>\n","protected":false},"excerpt":{"rendered":"<p>[et_pb_section bb_built=&#8221;1&#8243; _builder_version=&#8221;3.0.63&#8243;][et_pb_row _builder_version=&#8221;3.0.47&#8243; background_size=&#8221;initial&#8221; background_position=&#8221;top_left&#8221; background_repeat=&#8221;repeat&#8221;][et_pb_column type=&#8221;4_4&#8243;][et_pb_text admin_label=&#8221;levantamentos de campo&#8221; _builder_version=&#8221;3.0.86&#8243; text_font=&#8221;|on|||&#8221; text_font_size=&#8221;25px&#8221; background_layout=&#8221;light&#8221;] Levantamentos de campo [\/et_pb_text][\/et_pb_column][\/et_pb_row][et_pb_row _builder_version=&#8221;3.0.63&#8243; background_size=&#8221;initial&#8221; background_position=&#8221;top_left&#8221; background_repeat=&#8221;repeat&#8221;][et_pb_column type=&#8221;1_3&#8243;][et_pb_image src=&#8221;https:\/\/maedagua.pt\/wp-content\/uploads\/2017\/08\/cegonha-preta.jpg&#8221; force_fullwidth=&#8221;on&#8221; _builder_version=&#8221;3.0.69&#8243; animation_style=&#8221;slide&#8221; animation_duration=&#8221;500ms&#8221; animation_intensity_slide=&#8221;10%&#8221; animation_direction=&#8221;left&#8221; show_bottom_space=&#8221;on&#8221; \/][\/et_pb_column][et_pb_column type=&#8221;2_3&#8243;][et_pb_blurb admin_label=&#8221;Levantamentos de campo&#8221; _builder_version=&#8221;3.0.86&#8243; header_font=&#8221;Verdana||||&#8221; header_font_size=&#8221;25px&#8221; body_font_size=&#8221;15px&#8221; body_line_height=&#8221;1.5em&#8221; custom_margin=&#8221;|||&#8221; custom_padding=&#8221;|||&#8221; url_new_window=&#8221;off&#8221; use_icon=&#8221;off&#8221; use_circle=&#8221;off&#8221; use_circle_border=&#8221;off&#8221; icon_placement=&#8221;top&#8221; use_icon_font_size=&#8221;off&#8221; background_layout=&#8221;light&#8221; border_style=&#8221;solid&#8221; max_width_tablet=&#8221;50px&#8221;] A M\u00e3e [&hellip;]<\/p>\n","protected":false},"author":1,"featured_media":0,"parent":0,"menu_order":0,"comment_status":"closed","ping_status":"closed","template":"","meta":{"_et_pb_use_builder":"on","_et_pb_old_content":"","_et_gb_content_width":"","_mi_skip_tracking":false,"footnotes":""},"class_list":["post-2185","page","type-page","status-publish","hentry"],"_links":{"self":[{"href":"https:\/\/maedagua.pt\/index.php?rest_route=\/wp\/v2\/pages\/2185","targetHints":{"allow":["GET"]}}],"collection":[{"href":"https:\/\/maedagua.pt\/index.php?rest_route=\/wp\/v2\/pages"}],"about":[{"href":"https:\/\/maedagua.pt\/index.php?rest_route=\/wp\/v2\/types\/page"}],"author":[{"embeddable":true,"href":"https:\/\/maedagua.pt\/index.php?rest_route=\/wp\/v2\/users\/1"}],"replies":[{"embeddable":true,"href":"https:\/\/maedagua.pt\/index.php?rest_route=%2Fwp%2Fv2%2Fcomments&post=2185"}],"version-history":[{"count":12,"href":"https:\/\/maedagua.pt\/index.php?rest_route=\/wp\/v2\/pages\/2185\/revisions"}],"predecessor-version":[{"id":2295,"href":"https:\/\/maedagua.pt\/index.php?rest_route=\/wp\/v2\/pages\/2185\/revisions\/2295"}],"wp:attachment":[{"href":"https:\/\/maedagua.pt\/index.php?rest_route=%2Fwp%2Fv2%2Fmedia&parent=2185"}],"curies":[{"name":"wp","href":"https:\/\/api.w.org\/{rel}","templated":true}]}}