{"id":2050,"date":"2017-10-10T18:50:37","date_gmt":"2017-10-10T18:50:37","guid":{"rendered":"http:\/\/maedagua.pt\/?page_id=2050"},"modified":"2017-11-10T17:16:49","modified_gmt":"2017-11-10T17:16:49","slug":"dados-meteorologicos","status":"publish","type":"page","link":"https:\/\/maedagua.pt\/?page_id=2050","title":{"rendered":"Dados meteorol\u00f3gicos"},"content":{"rendered":"<p>[et_pb_section bb_built=&#8221;1&#8243; _builder_version=&#8221;3.0.63&#8243;][et_pb_row _builder_version=&#8221;3.0.47&#8243; background_size=&#8221;initial&#8221; background_position=&#8221;top_left&#8221; background_repeat=&#8221;repeat&#8221;][et_pb_column type=&#8221;4_4&#8243;][et_pb_text admin_label=&#8221;Dados meteorol\u00f3gicos&#8221; _builder_version=&#8221;3.0.86&#8243; text_font_size=&#8221;25&#8243; background_layout=&#8221;light&#8221;]<\/p>\n<p><strong><span style=\"color: #333333;\">Dados meteorol\u00f3gicos<\/span><\/strong><\/p>\n<p>[\/et_pb_text][\/et_pb_column][\/et_pb_row][et_pb_row _builder_version=&#8221;3.0.63&#8243; background_size=&#8221;initial&#8221; background_position=&#8221;top_left&#8221; background_repeat=&#8221;repeat&#8221;][et_pb_column type=&#8221;1_3&#8243;][et_pb_image src=&#8221;https:\/\/maedagua.pt\/wp-content\/uploads\/2017\/10\/vento.jpg&#8221; force_fullwidth=&#8221;on&#8221; _builder_version=&#8221;3.0.86&#8243; show_in_lightbox=&#8221;off&#8221; url_new_window=&#8221;off&#8221; use_overlay=&#8221;off&#8221; always_center_on_mobile=&#8221;on&#8221; show_bottom_space=&#8221;on&#8221; \/][\/et_pb_column][et_pb_column type=&#8221;2_3&#8243;][et_pb_blurb admin_label=&#8221;Dados meteorol\u00f3gicos&#8221; _builder_version=&#8221;3.0.78&#8243; header_font=&#8221;Verdana||||&#8221; header_font_size=&#8221;24px&#8221; body_font_size=&#8221;15px&#8221; body_line_height=&#8221;1.5em&#8221; custom_margin=&#8221;|||&#8221; custom_padding=&#8221;|||&#8221; url_new_window=&#8221;off&#8221; use_icon=&#8221;off&#8221; use_circle=&#8221;off&#8221; use_circle_border=&#8221;off&#8221; icon_placement=&#8221;top&#8221; use_icon_font_size=&#8221;off&#8221; background_layout=&#8221;light&#8221; border_style=&#8221;solid&#8221; max_width_tablet=&#8221;50px&#8221;]<\/p>\n<p><span style=\"color: #333333;\">No \u00e2mbito de trabalhos de monitoriza\u00e7\u00e3o a M\u00e3e d\u2019\u00e1gua adquiriu uma esta\u00e7\u00e3o meteorol\u00f3gica port\u00e1til o que lhe permite recolher dados meteorol\u00f3gicos b\u00e1sicos (velocidade e direc\u00e7\u00e3o do vento, temperatura e pluviosidade) em locais n\u00e3o abrangidos pela rede p\u00fablica.<\/span><\/p>\n<p>[\/et_pb_blurb][\/et_pb_column][\/et_pb_row][\/et_pb_section]<\/p>\n","protected":false},"excerpt":{"rendered":"<p>[et_pb_section bb_built=&#8221;1&#8243; _builder_version=&#8221;3.0.63&#8243;][et_pb_row _builder_version=&#8221;3.0.47&#8243; background_size=&#8221;initial&#8221; background_position=&#8221;top_left&#8221; background_repeat=&#8221;repeat&#8221;][et_pb_column type=&#8221;4_4&#8243;][et_pb_text admin_label=&#8221;Dados meteorol\u00f3gicos&#8221; _builder_version=&#8221;3.0.86&#8243; text_font_size=&#8221;25&#8243; background_layout=&#8221;light&#8221;] Dados meteorol\u00f3gicos [\/et_pb_text][\/et_pb_column][\/et_pb_row][et_pb_row _builder_version=&#8221;3.0.63&#8243; background_size=&#8221;initial&#8221; background_position=&#8221;top_left&#8221; background_repeat=&#8221;repeat&#8221;][et_pb_column type=&#8221;1_3&#8243;][et_pb_image src=&#8221;https:\/\/maedagua.pt\/wp-content\/uploads\/2017\/10\/vento.jpg&#8221; force_fullwidth=&#8221;on&#8221; _builder_version=&#8221;3.0.86&#8243; show_in_lightbox=&#8221;off&#8221; url_new_window=&#8221;off&#8221; use_overlay=&#8221;off&#8221; always_center_on_mobile=&#8221;on&#8221; show_bottom_space=&#8221;on&#8221; \/][\/et_pb_column][et_pb_column type=&#8221;2_3&#8243;][et_pb_blurb admin_label=&#8221;Dados meteorol\u00f3gicos&#8221; _builder_version=&#8221;3.0.78&#8243; header_font=&#8221;Verdana||||&#8221; header_font_size=&#8221;24px&#8221; body_font_size=&#8221;15px&#8221; body_line_height=&#8221;1.5em&#8221; custom_margin=&#8221;|||&#8221; custom_padding=&#8221;|||&#8221; url_new_window=&#8221;off&#8221; use_icon=&#8221;off&#8221; use_circle=&#8221;off&#8221; use_circle_border=&#8221;off&#8221; icon_placement=&#8221;top&#8221; use_icon_font_size=&#8221;off&#8221; background_layout=&#8221;light&#8221; border_style=&#8221;solid&#8221; max_width_tablet=&#8221;50px&#8221;] No \u00e2mbito de trabalhos de monitoriza\u00e7\u00e3o [&hellip;]<\/p>\n","protected":false},"author":1,"featured_media":0,"parent":0,"menu_order":0,"comment_status":"closed","ping_status":"closed","template":"","meta":{"_et_pb_use_builder":"on","_et_pb_old_content":"","_et_gb_content_width":"","_mi_skip_tracking":false,"footnotes":""},"class_list":["post-2050","page","type-page","status-publish","hentry"],"_links":{"self":[{"href":"https:\/\/maedagua.pt\/index.php?rest_route=\/wp\/v2\/pages\/2050","targetHints":{"allow":["GET"]}}],"collection":[{"href":"https:\/\/maedagua.pt\/index.php?rest_route=\/wp\/v2\/pages"}],"about":[{"href":"https:\/\/maedagua.pt\/index.php?rest_route=\/wp\/v2\/types\/page"}],"author":[{"embeddable":true,"href":"https:\/\/maedagua.pt\/index.php?rest_route=\/wp\/v2\/users\/1"}],"replies":[{"embeddable":true,"href":"https:\/\/maedagua.pt\/index.php?rest_route=%2Fwp%2Fv2%2Fcomments&post=2050"}],"version-history":[{"count":10,"href":"https:\/\/maedagua.pt\/index.php?rest_route=\/wp\/v2\/pages\/2050\/revisions"}],"predecessor-version":[{"id":2207,"href":"https:\/\/maedagua.pt\/index.php?rest_route=\/wp\/v2\/pages\/2050\/revisions\/2207"}],"wp:attachment":[{"href":"https:\/\/maedagua.pt\/index.php?rest_route=%2Fwp%2Fv2%2Fmedia&parent=2050"}],"curies":[{"name":"wp","href":"https:\/\/api.w.org\/{rel}","templated":true}]}}