{"id":1273,"date":"2017-08-02T20:05:01","date_gmt":"2017-08-02T20:05:01","guid":{"rendered":"http:\/\/maedagua.pt\/?page_id=1273"},"modified":"2017-08-03T14:08:32","modified_gmt":"2017-08-03T14:08:32","slug":"divulgacao-e-interpretacao-ambiental","status":"publish","type":"page","link":"https:\/\/maedagua.pt\/?page_id=1273","title":{"rendered":"Divulga\u00e7\u00e3o e Interpreta\u00e7\u00e3o Ambiental"},"content":{"rendered":"<p>[et_pb_section fb_built=&#8221;1&#8243; _builder_version=&#8221;3.0.63&#8243;][et_pb_row _builder_version=&#8221;3.0.47&#8243; background_size=&#8221;initial&#8221; background_position=&#8221;top_left&#8221; background_repeat=&#8221;repeat&#8221;][et_pb_column type=&#8221;4_4&#8243; _builder_version=&#8221;3.0.47&#8243; parallax=&#8221;off&#8221; parallax_method=&#8221;on&#8221;][et_pb_text _builder_version=&#8221;3.0.65&#8243; text_font=&#8221;|on|||&#8221; text_font_size=&#8221;25px&#8221;] <span style=\"color: #333333;\">\u00c1reas de trabalho<\/span> [\/et_pb_text][\/et_pb_column][\/et_pb_row][et_pb_row background_position_1=&#8221;top_left&#8221; background_position_2=&#8221;top_left&#8221; background_position_3=&#8221;top_left&#8221; background_position_4=&#8221;top_left&#8221; background_repeat_1=&#8221;no-repeat&#8221; background_repeat_2=&#8221;no-repeat&#8221; background_repeat_3=&#8221;no-repeat&#8221; background_repeat_4=&#8221;no-repeat&#8221; admin_label=&#8221;barra de volta a cada projecto em destaque&#8221; _builder_version=&#8221;3.0.65&#8243;][et_pb_column type=&#8221;1_4&#8243; _builder_version=&#8221;3.0.47&#8243; parallax=&#8221;off&#8221; parallax_method=&#8221;on&#8221; background_position=&#8221;top_left&#8221; background_repeat=&#8221;no-repeat&#8221;][et_pb_button button_url=&#8221;https:\/\/maedagua.pt\/?page_id=754&#8243; button_text=&#8221;Consultoria Ambiental&#8221; button_alignment=&#8221;left&#8221; admin_label=&#8221;divulga\u00e7\u00e3o&#8221; _builder_version=&#8221;3.0.65&#8243; custom_button=&#8221;on&#8221; button_text_size=&#8221;12px&#8221; button_text_color=&#8221;#bababa&#8221; button_bg_color=&#8221;#ffffff&#8221; button_border_width=&#8221;0&#8243; button_text_color_hover=&#8221;#222222&#8243; button_border_radius_hover=&#8221;0&#8243; saved_tabs=&#8221;all&#8221; background_color=&#8221;#7EBEC5&#8243;][\/et_pb_button][\/et_pb_column][et_pb_column type=&#8221;1_4&#8243; _builder_version=&#8221;3.0.47&#8243; parallax=&#8221;off&#8221; parallax_method=&#8221;on&#8221; background_position=&#8221;top_left&#8221; background_repeat=&#8221;no-repeat&#8221;][et_pb_button button_url=&#8221;https:\/\/maedagua.pt\/?page_id=1251&#8243; button_text=&#8221;Patrim\u00f3nio Natural&#8221; button_alignment=&#8221;left&#8221; admin_label=&#8221;med compen&#8221; _builder_version=&#8221;3.0.65&#8243; custom_button=&#8221;on&#8221; button_text_size=&#8221;12&#8243; button_text_color=&#8221;#bababa&#8221; button_bg_color=&#8221;#ffffff&#8221; button_border_width=&#8221;0&#8243; button_text_color_hover=&#8221;#222222&#8243; saved_tabs=&#8221;all&#8221; background_color=&#8221;#7EBEC5&#8243;][\/et_pb_button][\/et_pb_column][et_pb_column type=&#8221;1_4&#8243; _builder_version=&#8221;3.0.47&#8243; parallax=&#8221;off&#8221; parallax_method=&#8221;on&#8221; background_position=&#8221;top_left&#8221; background_repeat=&#8221;no-repeat&#8221;][et_pb_button button_url=&#8221;https:\/\/maedagua.pt\/?page_id=1266&#8243; button_text=&#8221;Conserva\u00e7\u00e3o da Natureza&#8221; button_alignment=&#8221;left&#8221; admin_label=&#8221;monit&#8221; _builder_version=&#8221;3.0.65&#8243; custom_button=&#8221;on&#8221; button_text_size=&#8221;12px&#8221; button_text_color=&#8221;#bababa&#8221; button_bg_color=&#8221;#ffffff&#8221; button_border_width=&#8221;0&#8243; button_text_color_hover=&#8221;#222222&#8243; saved_tabs=&#8221;all&#8221; background_color=&#8221;#7EBEC5&#8243;][\/et_pb_button][\/et_pb_column][et_pb_column type=&#8221;1_4&#8243; _builder_version=&#8221;3.0.47&#8243; parallax=&#8221;off&#8221; parallax_method=&#8221;on&#8221; background_position=&#8221;top_left&#8221; background_repeat=&#8221;no-repeat&#8221;][et_pb_button button_url=&#8221;https:\/\/maedagua.pt\/?page_id=1273&#8243; button_text=&#8221;Divulga\u00e7\u00e3o e Interpreta\u00e7\u00e3o&#8221; button_alignment=&#8221;left&#8221; admin_label=&#8221;EIA&#8221; _builder_version=&#8221;3.0.65&#8243; custom_button=&#8221;on&#8221; button_text_size=&#8221;15px&#8221; button_text_color=&#8221;#222222&#8243; button_bg_color=&#8221;#ffffff&#8221; button_border_width=&#8221;0&#8243; button_on_hover=&#8221;off&#8221; button_text_color_hover=&#8221;#222222&#8243; saved_tabs=&#8221;all&#8221; background_color=&#8221;#7EBEC5&#8243;][\/et_pb_button][\/et_pb_column][\/et_pb_row][et_pb_row _builder_version=&#8221;3.0.63&#8243; background_size=&#8221;initial&#8221; background_position=&#8221;top_left&#8221; background_repeat=&#8221;repeat&#8221;][et_pb_column type=&#8221;1_3&#8243; _builder_version=&#8221;3.0.47&#8243; parallax=&#8221;off&#8221; parallax_method=&#8221;on&#8221;][et_pb_image src=&#8221;https:\/\/maedagua.pt\/wp-content\/uploads\/2017\/08\/Lamosa.jpg&#8221; force_fullwidth=&#8221;on&#8221; _builder_version=&#8221;3.0.65&#8243;][\/et_pb_image][\/et_pb_column][et_pb_column type=&#8221;2_3&#8243; _builder_version=&#8221;3.0.47&#8243; parallax=&#8221;off&#8221; parallax_method=&#8221;on&#8221;][et_pb_blurb title=&#8221;Divulga\u00e7\u00e3o e Interpreta\u00e7\u00e3o&#8221; admin_label=&#8221;projecto em destaque&#8221; _builder_version=&#8221;3.0.65&#8243; header_font=&#8221;Verdana||||&#8221; header_font_size=&#8221;20px&#8221; body_font_size=&#8221;1px&#8221; body_line_height=&#8221;1em&#8221; custom_margin=&#8221;|||&#8221; custom_padding=&#8221;|||&#8221;][\/et_pb_blurb][et_pb_blurb admin_label=&#8221;projecto em destaque&#8221; _builder_version=&#8221;3.0.65&#8243; header_font=&#8221;Verdana||||&#8221; header_font_size=&#8221;25px&#8221; body_font_size=&#8221;15px&#8221; body_line_height=&#8221;1.5em&#8221; custom_margin=&#8221;|||&#8221; custom_padding=&#8221;|||&#8221;]<\/p>\n<p><span style=\"color: #333333;\">A divulga\u00e7\u00e3o e interpreta\u00e7\u00e3o constituem uma das principais linhas de actividade da M\u00e3e d\u2019\u00e1gua. Neste \u00e2mbito desenvolvemos ideias, criamos novas abordagens e procuramos solu\u00e7\u00f5es \u00e0 medida das expectativas e necessidades dos nossos clientes.<\/span><\/p>\n<p>[\/et_pb_blurb][\/et_pb_column][\/et_pb_row][et_pb_row _builder_version=&#8221;3.0.47&#8243; background_size=&#8221;initial&#8221; background_position=&#8221;top_left&#8221; background_repeat=&#8221;repeat&#8221;][et_pb_column type=&#8221;4_4&#8243; _builder_version=&#8221;3.0.47&#8243; parallax=&#8221;off&#8221; parallax_method=&#8221;on&#8221;][et_pb_toggle title=&#8221;Museus, Centro de Interpreta\u00e7\u00e3o e outras instala\u00e7\u00f5es&#8221; _builder_version=&#8221;3.0.65&#8243; title_font=&#8221;|on|||&#8221; title_font_size=&#8221;15px&#8221; body_font_size=&#8221;14px&#8221; body_line_height=&#8221;1.5em&#8221;]<\/p>\n<p><span style=\"color: #333333;\">Neste &acirc;mbito temos desenvolvido projectos originais de divulga&ccedil;&atilde;o e interpreta&ccedil;&atilde;o, tanto na &aacute;rea do ambiente como noutras &aacute;reas, nomeadamente no campo da Hist&oacute;ria. O nosso trabalho inclui o desenvolvimento do conceito, a cria&ccedil;&atilde;o de conte&uacute;dos e a gest&atilde;o dos projectos. Adicionalmente, desenvolvemos ainda a componente de design gr&aacute;fico e de equipamentos, com o apoio dos nossos parceiros.<\/span><\/p>\n<p><span style=\"color: #333333;\">A nossa experi&ecirc;ncia inclui o conceito, o desenho e a instala&ccedil;&atilde;o de diversos centros de interpreta&ccedil;&atilde;o, de locais de especial interesse natural ou de &Aacute;reas Protegidas, e museus de s&iacute;tio, de um local ou de uma personalidade a ele ligado, bem como a produ&ccedil;&atilde;o de pain&eacute;is de interpreta&ccedil;&atilde;o e divulga&ccedil;&atilde;o. O nosso portfolio neste dom&iacute;nio inclui ainda o desenvolvimento de programas ambientais de interpreta&ccedil;&atilde;o e visita&ccedil;&atilde;o e a cria&ccedil;&atilde;o do programa base para o povoamento de um Jardim Bot&acirc;nico e Zool&oacute;gico.<\/span><\/p>\n<p><span style=\"color: #333333;\">&nbsp;<\/span><\/p>\n<p><span style=\"color: #333333;\">Projecto em destaque:<\/span><\/p>\n<p style=\"padding-left: 30px;\"><span style=\"color: #333333;\"><em>Pain&eacute;is tem&aacute;ticos relativos &agrave; comemora&ccedil;&atilde;o do Dia Mundial do Ambiente de 2016,<\/em> para ANA, SA.<\/span><\/p>\n<p style=\"padding-left: 30px;\"><span style=\"color: #333333;\"><em>Pain&eacute;is Interpretativos acerca da Paisagem e biodiversidade da salina da Junqueira,<\/em> para CM de Leiria<\/span><\/p>\n<p style=\"padding-left: 30px;\"><span style=\"color: #333333;\"><em>Casa Museu de Santa Beatriz da Silva,<\/em> para CM de Campo Maior<\/span><\/p>\n<p style=\"padding-left: 30px;\"><span style=\"color: #333333;\"><em>Pain&eacute;is tem&aacute;ticos para Ouguela no &acirc;mbito do Projecto POCTEP \/ Circuito Tur&iacute;stico por Terras Raianas,<\/em> para CM de Campo Maior<\/span><\/p>\n<p style=\"padding-left: 30px;\"><span style=\"color: #333333;\"><em>Centro de Interpreta&ccedil;&atilde;o da Biodiversidade de Segura (Idanha-a-Nova),<\/em> para CM de Idanha-a-Nova<\/span><\/p>\n<p style=\"padding-left: 30px;\"><span style=\"color: #333333;\"><em>Centro Interpretativo da Lamosa (S&iacute;tio da Rede Natura 2000 do Rio Paiva), em colabora&ccedil;&atilde;o com a UTAD<\/em>, para a CM de Sernancelhe<\/span><\/p>\n<p style=\"padding-left: 30px;\"><span style=\"color: #333333;\"><em><span style=\"color: #333333;\">N&uacute;cleo Museol&oacute;gico do<\/span> Sal da Figueira da Foz,<\/em> para CM da Figueira da Foz<\/span><\/p>\n<p>[\/et_pb_toggle][et_pb_toggle title=&#8221;Concursos de Ideias&#8221; _builder_version=&#8221;3.0.65&#8243; title_font=&#8221;|on|||&#8221; title_font_size=&#8221;15px&#8221; body_font_size=&#8221;14px&#8221; body_line_height=&#8221;1.5em&#8221;]<\/p>\n<p><span style=\"color: #333333;\">Complementarmente \u00e0 nossa actividade de produ\u00e7\u00e3o e desenvolvimento de infra-estruras de interpreta\u00e7\u00e3o e divulga\u00e7\u00e3o, levamos por vezes as nossas ideias a concurso, tendo participado em diversos concursos p\u00fablicos de ideias, dando a nossa contribui\u00e7\u00e3o nas nossas \u00e1rea de especialidade, tentando integrar conceitos e medidas relacionadas com a biodiversidade e a interpreta\u00e7\u00e3o ambiental.<\/span><\/p>\n<p>\u00a0<\/p>\n<p><span style=\"color: #333333;\">Projectos em destaque:<\/span><\/p>\n<p style=\"padding-left: 30px;\">\n<p style=\"padding-left: 30px;\"><span style=\"color: #333333;\"><em>2\u00ba lugar, entre 20 equipas concorrentes, num concurso lan\u00e7ado pela C\u00e2mara Municipal de Ma\u00e7\u00e3o em 2004 para a dinamiza\u00e7\u00e3o do Vale do Ocreza<\/em>, integrados na equipa liderada pela Arquitecta Ana Reis<\/span><\/p>\n<p style=\"padding-left: 30px;\"><span style=\"color: #333333;\"><em>Participa\u00e7\u00e3o num concurso de ideias para Bodo (Noruega) em 2009<\/em>, integrados em equipa liderada pela Arquitecta Ana Reis<\/span><\/p>\n<p>[\/et_pb_toggle][\/et_pb_column][\/et_pb_row][\/et_pb_section]<\/p>\n","protected":false},"excerpt":{"rendered":"<p>[et_pb_section fb_built=&#8221;1&#8243; _builder_version=&#8221;3.0.63&#8243;][et_pb_row _builder_version=&#8221;3.0.47&#8243; background_size=&#8221;initial&#8221; background_position=&#8221;top_left&#8221; background_repeat=&#8221;repeat&#8221;][et_pb_column type=&#8221;4_4&#8243; _builder_version=&#8221;3.0.47&#8243; parallax=&#8221;off&#8221; parallax_method=&#8221;on&#8221;][et_pb_text _builder_version=&#8221;3.0.65&#8243; text_font=&#8221;|on|||&#8221; text_font_size=&#8221;25px&#8221;] \u00c1reas de trabalho [\/et_pb_text][\/et_pb_column][\/et_pb_row][et_pb_row background_position_1=&#8221;top_left&#8221; background_position_2=&#8221;top_left&#8221; background_position_3=&#8221;top_left&#8221; background_position_4=&#8221;top_left&#8221; background_repeat_1=&#8221;no-repeat&#8221; background_repeat_2=&#8221;no-repeat&#8221; background_repeat_3=&#8221;no-repeat&#8221; background_repeat_4=&#8221;no-repeat&#8221; admin_label=&#8221;barra de volta a cada projecto em destaque&#8221; _builder_version=&#8221;3.0.65&#8243;][et_pb_column type=&#8221;1_4&#8243; _builder_version=&#8221;3.0.47&#8243; parallax=&#8221;off&#8221; parallax_method=&#8221;on&#8221; background_position=&#8221;top_left&#8221; background_repeat=&#8221;no-repeat&#8221;][et_pb_button button_url=&#8221;https:\/\/maedagua.pt\/?page_id=754&#8243; button_text=&#8221;Consultoria Ambiental&#8221; button_alignment=&#8221;left&#8221; admin_label=&#8221;divulga\u00e7\u00e3o&#8221; _builder_version=&#8221;3.0.65&#8243; custom_button=&#8221;on&#8221; button_text_size=&#8221;12px&#8221; button_text_color=&#8221;#bababa&#8221; button_bg_color=&#8221;#ffffff&#8221; button_border_width=&#8221;0&#8243; button_text_color_hover=&#8221;#222222&#8243; button_border_radius_hover=&#8221;0&#8243; saved_tabs=&#8221;all&#8221; [&hellip;]<\/p>\n","protected":false},"author":1,"featured_media":0,"parent":0,"menu_order":0,"comment_status":"closed","ping_status":"closed","template":"","meta":{"_et_pb_use_builder":"on","_et_pb_old_content":"","_et_gb_content_width":"","_mi_skip_tracking":false,"footnotes":""},"class_list":["post-1273","page","type-page","status-publish","hentry"],"_links":{"self":[{"href":"https:\/\/maedagua.pt\/index.php?rest_route=\/wp\/v2\/pages\/1273","targetHints":{"allow":["GET"]}}],"collection":[{"href":"https:\/\/maedagua.pt\/index.php?rest_route=\/wp\/v2\/pages"}],"about":[{"href":"https:\/\/maedagua.pt\/index.php?rest_route=\/wp\/v2\/types\/page"}],"author":[{"embeddable":true,"href":"https:\/\/maedagua.pt\/index.php?rest_route=\/wp\/v2\/users\/1"}],"replies":[{"embeddable":true,"href":"https:\/\/maedagua.pt\/index.php?rest_route=%2Fwp%2Fv2%2Fcomments&post=1273"}],"version-history":[{"count":6,"href":"https:\/\/maedagua.pt\/index.php?rest_route=\/wp\/v2\/pages\/1273\/revisions"}],"predecessor-version":[{"id":1359,"href":"https:\/\/maedagua.pt\/index.php?rest_route=\/wp\/v2\/pages\/1273\/revisions\/1359"}],"wp:attachment":[{"href":"https:\/\/maedagua.pt\/index.php?rest_route=%2Fwp%2Fv2%2Fmedia&parent=1273"}],"curies":[{"name":"wp","href":"https:\/\/api.w.org\/{rel}","templated":true}]}}