{"id":1266,"date":"2017-08-02T19:53:51","date_gmt":"2017-08-02T19:53:51","guid":{"rendered":"http:\/\/maedagua.pt\/?page_id=1266"},"modified":"2017-08-03T14:09:26","modified_gmt":"2017-08-03T14:09:26","slug":"conservacao-da-natureza","status":"publish","type":"page","link":"https:\/\/maedagua.pt\/?page_id=1266","title":{"rendered":"Conserva\u00e7\u00e3o da Natureza"},"content":{"rendered":"<p>[et_pb_section fb_built=&#8221;1&#8243; _builder_version=&#8221;3.0.63&#8243;][et_pb_row _builder_version=&#8221;3.0.47&#8243; background_size=&#8221;initial&#8221; background_position=&#8221;top_left&#8221; background_repeat=&#8221;repeat&#8221;][et_pb_column type=&#8221;4_4&#8243; _builder_version=&#8221;3.0.47&#8243; parallax=&#8221;off&#8221; parallax_method=&#8221;on&#8221;][et_pb_text _builder_version=&#8221;3.0.65&#8243; text_font=&#8221;|on|||&#8221; text_font_size=&#8221;25px&#8221;] <span style=\"color: #333333;\">\u00c1reas de trabalho<\/span> [\/et_pb_text][\/et_pb_column][\/et_pb_row][et_pb_row background_position_1=&#8221;top_left&#8221; background_position_2=&#8221;top_left&#8221; background_position_3=&#8221;top_left&#8221; background_position_4=&#8221;top_left&#8221; background_repeat_1=&#8221;no-repeat&#8221; background_repeat_2=&#8221;no-repeat&#8221; background_repeat_3=&#8221;no-repeat&#8221; background_repeat_4=&#8221;no-repeat&#8221; admin_label=&#8221;barra de volta a cada projecto em destaque&#8221; _builder_version=&#8221;3.0.65&#8243;][et_pb_column type=&#8221;1_4&#8243; _builder_version=&#8221;3.0.47&#8243; parallax=&#8221;off&#8221; parallax_method=&#8221;on&#8221; background_position=&#8221;top_left&#8221; background_repeat=&#8221;no-repeat&#8221;][et_pb_button button_url=&#8221;https:\/\/maedagua.pt\/?page_id=754&#8243; button_text=&#8221;Consultoria Ambiental&#8221; button_alignment=&#8221;left&#8221; admin_label=&#8221;divulga\u00e7\u00e3o&#8221; _builder_version=&#8221;3.0.65&#8243; custom_button=&#8221;on&#8221; button_text_size=&#8221;12px&#8221; button_text_color=&#8221;#bababa&#8221; button_bg_color=&#8221;#ffffff&#8221; button_border_width=&#8221;0&#8243; button_on_hover=&#8221;off&#8221; button_text_color_hover=&#8221;#222222&#8243; button_border_radius_hover=&#8221;0&#8243; saved_tabs=&#8221;all&#8221; background_color=&#8221;#7EBEC5&#8243;][\/et_pb_button][\/et_pb_column][et_pb_column type=&#8221;1_4&#8243; _builder_version=&#8221;3.0.47&#8243; parallax=&#8221;off&#8221; parallax_method=&#8221;on&#8221; background_position=&#8221;top_left&#8221; background_repeat=&#8221;no-repeat&#8221;][et_pb_button button_url=&#8221;https:\/\/maedagua.pt\/?page_id=1251&#8243; button_text=&#8221;Patrim\u00f3nio Natural&#8221; button_alignment=&#8221;left&#8221; admin_label=&#8221;med compen&#8221; _builder_version=&#8221;3.0.65&#8243; custom_button=&#8221;on&#8221; button_text_size=&#8221;12&#8243; button_text_color=&#8221;#bababa&#8221; button_bg_color=&#8221;#ffffff&#8221; button_border_width=&#8221;0&#8243; button_text_color_hover=&#8221;#222222&#8243; saved_tabs=&#8221;all&#8221; background_color=&#8221;#7EBEC5&#8243;][\/et_pb_button][\/et_pb_column][et_pb_column type=&#8221;1_4&#8243; _builder_version=&#8221;3.0.47&#8243; parallax=&#8221;off&#8221; parallax_method=&#8221;on&#8221; background_position=&#8221;top_left&#8221; background_repeat=&#8221;no-repeat&#8221;][et_pb_button button_url=&#8221;https:\/\/maedagua.pt\/?page_id=1266&#8243; button_text=&#8221;Conserva\u00e7\u00e3o da Natureza&#8221; button_alignment=&#8221;left&#8221; admin_label=&#8221;monit&#8221; _builder_version=&#8221;3.0.65&#8243; custom_button=&#8221;on&#8221; button_text_size=&#8221;15px&#8221; button_text_color=&#8221;#222222&#8243; button_bg_color=&#8221;#ffffff&#8221; button_border_width=&#8221;0&#8243; button_on_hover=&#8221;off&#8221; button_text_color_hover=&#8221;#222222&#8243; saved_tabs=&#8221;all&#8221; background_color=&#8221;#7EBEC5&#8243;][\/et_pb_button][\/et_pb_column][et_pb_column type=&#8221;1_4&#8243; _builder_version=&#8221;3.0.47&#8243; parallax=&#8221;off&#8221; parallax_method=&#8221;on&#8221; background_position=&#8221;top_left&#8221; background_repeat=&#8221;no-repeat&#8221;][et_pb_button button_url=&#8221;https:\/\/maedagua.pt\/?page_id=1273&#8243; button_text=&#8221;Divulga\u00e7\u00e3o e Interpreta\u00e7\u00e3o Ambiental&#8221; button_alignment=&#8221;left&#8221; admin_label=&#8221;EIA&#8221; _builder_version=&#8221;3.0.65&#8243; custom_button=&#8221;on&#8221; button_text_size=&#8221;12px&#8221; button_text_color=&#8221;#bababa&#8221; button_bg_color=&#8221;#ffffff&#8221; button_border_width=&#8221;0&#8243; button_text_color_hover=&#8221;#222222&#8243; saved_tabs=&#8221;all&#8221; background_color=&#8221;#7EBEC5&#8243;][\/et_pb_button][\/et_pb_column][\/et_pb_row][et_pb_row _builder_version=&#8221;3.0.63&#8243; background_size=&#8221;initial&#8221; background_position=&#8221;top_left&#8221; background_repeat=&#8221;repeat&#8221;][et_pb_column type=&#8221;1_3&#8243; _builder_version=&#8221;3.0.47&#8243; parallax=&#8221;off&#8221; parallax_method=&#8221;on&#8221;][et_pb_image src=&#8221;https:\/\/maedagua.pt\/wp-content\/uploads\/2017\/08\/DSCF4178-1.jpg&#8221; force_fullwidth=&#8221;on&#8221; _builder_version=&#8221;3.0.65&#8243;][\/et_pb_image][\/et_pb_column][et_pb_column type=&#8221;2_3&#8243; _builder_version=&#8221;3.0.47&#8243; parallax=&#8221;off&#8221; parallax_method=&#8221;on&#8221;][et_pb_blurb title=&#8221;Colabora\u00e7\u00e3o em Projectos de Conserva\u00e7\u00e3o da Natureza&#8221; admin_label=&#8221;projecto em destaque&#8221; _builder_version=&#8221;3.0.65&#8243; header_font=&#8221;Verdana||||&#8221; header_font_size=&#8221;20px&#8221; body_font_size=&#8221;1px&#8221; body_line_height=&#8221;1em&#8221; custom_margin=&#8221;|||&#8221; custom_padding=&#8221;|||&#8221;][\/et_pb_blurb][et_pb_blurb admin_label=&#8221;projecto em destaque&#8221; _builder_version=&#8221;3.0.65&#8243; header_font=&#8221;Verdana||||&#8221; header_font_size=&#8221;25px&#8221; body_font_size=&#8221;15px&#8221; body_line_height=&#8221;1.5em&#8221; custom_margin=&#8221;|||&#8221; custom_padding=&#8221;|||&#8221;]<\/p>\n<p><span style=\"color: #333333;\">No \u00e2mbito da conserva\u00e7\u00e3o da natureza, a nossa experi\u00eancia inclui a realiza\u00e7\u00e3o de trabalhos relativos ao estabelecimento de uma situa\u00e7\u00e3o de refer\u00eancia que permita a futura monitoriza\u00e7\u00e3o da efic\u00e1cia de medidas de conserva\u00e7\u00e3o no \u00e2mbito das Iniciativas Territoriais Integradas (ITIs), a elabora\u00e7\u00e3o de Planos de Gest\u00e3o da Biodiversidade para propriedades da ALTRI-Florestal inseridas na Rede Natura 2000, e ac\u00e7\u00f5es de conserva\u00e7\u00e3o e protec\u00e7\u00e3o de esp\u00e9cies que se reproduzem em \u00e1reas abrangidas pelas ITIs.<\/span><\/p>\n<p>[\/et_pb_blurb][\/et_pb_column][\/et_pb_row][et_pb_row _builder_version=&#8221;3.0.47&#8243; background_size=&#8221;initial&#8221; background_position=&#8221;top_left&#8221; background_repeat=&#8221;repeat&#8221;][et_pb_column type=&#8221;4_4&#8243; _builder_version=&#8221;3.0.47&#8243; parallax=&#8221;off&#8221; parallax_method=&#8221;on&#8221;][et_pb_toggle title=&#8221;Conserva\u00e7\u00e3o da Natureza&#8221; _builder_version=&#8221;3.0.65&#8243; title_font=&#8221;|on|||&#8221; title_font_size=&#8221;15px&#8221; body_font_size=&#8221;14px&#8221; body_line_height=&#8221;1.5em&#8221;]<\/p>\n<p><span style=\"color: #333333;\">A experi&ecirc;ncia acumulada, ao longo de mais de 30 anos de actividade dos membros da equipa da M&atilde;e d&rsquo;&aacute;gua, relativa ao conhecimento das esp&eacute;cies e habitats da generalidade das regi&otilde;es do pa&iacute;s, &eacute; particularmente &uacute;til em projectos desta natureza, visando a conserva&ccedil;&atilde;o dessas esp&eacute;cies e habitats a longo prazo.<\/span><\/p>\n<p><span style=\"color: #333333;\">Projecto em destaque:<\/span><\/p>\n<p style=\"padding-left: 30px;\"><span style=\"color: #333333;\"><em>Estabelecimento de indicadores para a avalia&ccedil;&atilde;o e acompanhamento das ITI Serra da Estrela e ITI Tejo Internacional,<\/em> para Quercus\/ICNF<\/span><\/p>\n<p style=\"padding-left: 30px;\"><span style=\"color: #333333;\"><em>Ac&ccedil;&atilde;o de forma&ccedil;&atilde;o em Flora, Fauna e Habitats com estatuto de protec&ccedil;&atilde;o em Portugal Continental que ocorrem nas propriedades sob gest&atilde;o da Altri-Florestal, S. A.,<\/em> para ALTRI Florestal<\/span><\/p>\n<p style=\"padding-left: 30px;\"><span style=\"color: #333333;\"><em>Elabora&ccedil;&atilde;o de Planos de Gest&atilde;o da Biodiversidade para as propriedades da ALTRI Florestal inseridas nos S&iacute;tios de Interesse Comunit&aacute;rios de Cabe&ccedil;&atilde;o, Nisa \/ Lages de Prata, Alv&atilde;o\/Mar&atilde;o, Arada e Freita, Cabrela, Caldeir&atilde;o, Carregal do Sal, Lous&atilde;, Monchique, Montejunto, Montemuro, Paiva, Serra de Aire e Candeeiros, Serra da Gardunha, Serra da Malcata, Serra da Estrela, Sic&oacute;\/Alvai&aacute;zere, Tejo Internacional e Valongo,<\/em> para ALTRI Florestal<\/span><\/p>\n<p style=\"padding-left: 30px;\"><span style=\"color: #333333;\"><em>Inventaria&ccedil;&atilde;o de esp&eacute;cies de aves com estatuto de amea&ccedil;a em propriedades da ALTRI Florestal, SA.,<\/em> para ALTRI Florestal<\/span><\/p>\n<p style=\"padding-left: 30px;\"><span style=\"color: #333333;\"><em>ITI de Campo Maior &ndash; Ac&ccedil;&otilde;es de conserva&ccedil;&atilde;o de tartaranh&atilde;o-ca&ccedil;ador Circus pygargus em ZPE&rsquo;s do Nordeste Alentejano,<\/em> para ITI Alentejo \/ DRAP Alentejo<\/span><\/p>\n<p>[\/et_pb_toggle][\/et_pb_column][\/et_pb_row][\/et_pb_section]<\/p>\n","protected":false},"excerpt":{"rendered":"<p>[et_pb_section fb_built=&#8221;1&#8243; _builder_version=&#8221;3.0.63&#8243;][et_pb_row _builder_version=&#8221;3.0.47&#8243; background_size=&#8221;initial&#8221; background_position=&#8221;top_left&#8221; background_repeat=&#8221;repeat&#8221;][et_pb_column type=&#8221;4_4&#8243; _builder_version=&#8221;3.0.47&#8243; parallax=&#8221;off&#8221; parallax_method=&#8221;on&#8221;][et_pb_text _builder_version=&#8221;3.0.65&#8243; text_font=&#8221;|on|||&#8221; text_font_size=&#8221;25px&#8221;] \u00c1reas de trabalho [\/et_pb_text][\/et_pb_column][\/et_pb_row][et_pb_row background_position_1=&#8221;top_left&#8221; background_position_2=&#8221;top_left&#8221; background_position_3=&#8221;top_left&#8221; background_position_4=&#8221;top_left&#8221; background_repeat_1=&#8221;no-repeat&#8221; background_repeat_2=&#8221;no-repeat&#8221; background_repeat_3=&#8221;no-repeat&#8221; background_repeat_4=&#8221;no-repeat&#8221; admin_label=&#8221;barra de volta a cada projecto em destaque&#8221; _builder_version=&#8221;3.0.65&#8243;][et_pb_column type=&#8221;1_4&#8243; _builder_version=&#8221;3.0.47&#8243; parallax=&#8221;off&#8221; parallax_method=&#8221;on&#8221; background_position=&#8221;top_left&#8221; background_repeat=&#8221;no-repeat&#8221;][et_pb_button button_url=&#8221;https:\/\/maedagua.pt\/?page_id=754&#8243; button_text=&#8221;Consultoria Ambiental&#8221; button_alignment=&#8221;left&#8221; admin_label=&#8221;divulga\u00e7\u00e3o&#8221; _builder_version=&#8221;3.0.65&#8243; custom_button=&#8221;on&#8221; button_text_size=&#8221;12px&#8221; button_text_color=&#8221;#bababa&#8221; button_bg_color=&#8221;#ffffff&#8221; button_border_width=&#8221;0&#8243; button_on_hover=&#8221;off&#8221; button_text_color_hover=&#8221;#222222&#8243; button_border_radius_hover=&#8221;0&#8243; [&hellip;]<\/p>\n","protected":false},"author":1,"featured_media":0,"parent":0,"menu_order":0,"comment_status":"closed","ping_status":"closed","template":"","meta":{"_et_pb_use_builder":"on","_et_pb_old_content":"","_et_gb_content_width":"","_mi_skip_tracking":false,"footnotes":""},"class_list":["post-1266","page","type-page","status-publish","hentry"],"_links":{"self":[{"href":"https:\/\/maedagua.pt\/index.php?rest_route=\/wp\/v2\/pages\/1266","targetHints":{"allow":["GET"]}}],"collection":[{"href":"https:\/\/maedagua.pt\/index.php?rest_route=\/wp\/v2\/pages"}],"about":[{"href":"https:\/\/maedagua.pt\/index.php?rest_route=\/wp\/v2\/types\/page"}],"author":[{"embeddable":true,"href":"https:\/\/maedagua.pt\/index.php?rest_route=\/wp\/v2\/users\/1"}],"replies":[{"embeddable":true,"href":"https:\/\/maedagua.pt\/index.php?rest_route=%2Fwp%2Fv2%2Fcomments&post=1266"}],"version-history":[{"count":6,"href":"https:\/\/maedagua.pt\/index.php?rest_route=\/wp\/v2\/pages\/1266\/revisions"}],"predecessor-version":[{"id":1362,"href":"https:\/\/maedagua.pt\/index.php?rest_route=\/wp\/v2\/pages\/1266\/revisions\/1362"}],"wp:attachment":[{"href":"https:\/\/maedagua.pt\/index.php?rest_route=%2Fwp%2Fv2%2Fmedia&parent=1266"}],"curies":[{"name":"wp","href":"https:\/\/api.w.org\/{rel}","templated":true}]}}