{"id":1251,"date":"2017-08-02T19:05:45","date_gmt":"2017-08-02T19:05:45","guid":{"rendered":"http:\/\/maedagua.pt\/?page_id=1251"},"modified":"2017-08-05T10:50:36","modified_gmt":"2017-08-05T10:50:36","slug":"patrimonio-natural","status":"publish","type":"page","link":"https:\/\/maedagua.pt\/?page_id=1251","title":{"rendered":"Patrim\u00f3nio Natural"},"content":{"rendered":"<p>[et_pb_section bb_built=&#8221;1&#8243; _builder_version=&#8221;3.0.65&#8243;][et_pb_row _builder_version=&#8221;3.0.47&#8243; background_size=&#8221;initial&#8221; background_position=&#8221;top_left&#8221; background_repeat=&#8221;repeat&#8221;][et_pb_column type=&#8221;4_4&#8243;][et_pb_text _builder_version=&#8221;3.0.65&#8243; text_font=&#8221;|on|||&#8221; text_font_size=&#8221;25px&#8221;] <span style=\"color: #333333;\">\u00c1reas de trabalho<\/span> [\/et_pb_text][\/et_pb_column][\/et_pb_row][et_pb_row admin_label=&#8221;barra de volta a cada projecto em destaque&#8221; background_position_1=&#8221;top_left&#8221; background_position_2=&#8221;top_left&#8221; background_position_3=&#8221;top_left&#8221; background_position_4=&#8221;top_left&#8221; background_repeat_1=&#8221;no-repeat&#8221; background_repeat_2=&#8221;no-repeat&#8221; background_repeat_3=&#8221;no-repeat&#8221; background_repeat_4=&#8221;no-repeat&#8221; _builder_version=&#8221;3.0.65&#8243;][et_pb_column type=&#8221;1_4&#8243;][et_pb_button admin_label=&#8221;divulga\u00e7\u00e3o&#8221; button_url=&#8221;https:\/\/maedagua.pt\/?page_id=754&#8243; button_text=&#8221;Consultoria Ambiental&#8221; button_alignment=&#8221;left&#8221; _builder_version=&#8221;3.0.65&#8243; custom_button=&#8221;on&#8221; button_text_size=&#8221;12px&#8221; button_text_color=&#8221;#bababa&#8221; button_bg_color=&#8221;#ffffff&#8221; button_border_width=&#8221;0&#8243; button_text_color_hover=&#8221;#222222&#8243; button_border_radius_hover=&#8221;2&#8243; saved_tabs=&#8221;all&#8221; background_color=&#8221;#7EBEC5&#8243; \/][\/et_pb_column][et_pb_column type=&#8221;1_4&#8243;][et_pb_button admin_label=&#8221;med compen&#8221; button_url=&#8221;https:\/\/maedagua.pt\/?page_id=1251&#8243; button_text=&#8221;Patrim\u00f3nio Natural&#8221; button_alignment=&#8221;left&#8221; _builder_version=&#8221;3.0.65&#8243; custom_button=&#8221;on&#8221; button_text_size=&#8221;15&#8243; button_text_color=&#8221;#222222&#8243; button_bg_color=&#8221;#ffffff&#8221; button_border_width=&#8221;0&#8243; button_icon=&#8221;%%20%%&#8221; button_icon_color=&#8221;#222222&#8243; button_on_hover=&#8221;off&#8221; saved_tabs=&#8221;all&#8221; background_color=&#8221;#7EBEC5&#8243; \/][\/et_pb_column][et_pb_column type=&#8221;1_4&#8243;][et_pb_button admin_label=&#8221;monit&#8221; button_url=&#8221;https:\/\/maedagua.pt\/?page_id=1266&#8243; button_text=&#8221;Conserva\u00e7\u00e3o da Natureza&#8221; button_alignment=&#8221;left&#8221; _builder_version=&#8221;3.0.65&#8243; custom_button=&#8221;on&#8221; button_text_size=&#8221;12px&#8221; button_text_color=&#8221;#bababa&#8221; button_bg_color=&#8221;#ffffff&#8221; button_border_width=&#8221;0&#8243; button_text_color_hover=&#8221;#222222&#8243; saved_tabs=&#8221;all&#8221; background_color=&#8221;#7EBEC5&#8243; \/][\/et_pb_column][et_pb_column type=&#8221;1_4&#8243;][et_pb_button admin_label=&#8221;EIA&#8221; button_url=&#8221;https:\/\/maedagua.pt\/?page_id=1273&#8243; button_text=&#8221;Divulga\u00e7\u00e3o e Interpreta\u00e7\u00e3o Ambiental&#8221; button_alignment=&#8221;left&#8221; _builder_version=&#8221;3.0.65&#8243; custom_button=&#8221;on&#8221; button_text_size=&#8221;12px&#8221; button_text_color=&#8221;#bababa&#8221; button_bg_color=&#8221;#ffffff&#8221; button_border_width=&#8221;0&#8243; button_text_color_hover=&#8221;#222222&#8243; saved_tabs=&#8221;all&#8221; background_color=&#8221;#7EBEC5&#8243; \/][\/et_pb_column][\/et_pb_row][et_pb_row _builder_version=&#8221;3.0.63&#8243; background_size=&#8221;initial&#8221; background_position=&#8221;top_left&#8221; background_repeat=&#8221;repeat&#8221;][et_pb_column type=&#8221;1_3&#8243;][et_pb_image src=&#8221;https:\/\/maedagua.pt\/wp-content\/uploads\/2017\/08\/DSC_0021.jpg&#8221; force_fullwidth=&#8221;on&#8221; _builder_version=&#8221;3.0.65&#8243; \/][\/et_pb_column][et_pb_column type=&#8221;2_3&#8243;][et_pb_blurb admin_label=&#8221;projecto em destaque&#8221; title=&#8221;Patrim\u00f3nio natural&#8221; _builder_version=&#8221;3.0.65&#8243; header_font=&#8221;Verdana||||&#8221; header_font_size=&#8221;20px&#8221; body_font_size=&#8221;1px&#8221; body_line_height=&#8221;1em&#8221; custom_margin=&#8221;|||&#8221; custom_padding=&#8221;|||&#8221; \/][et_pb_blurb admin_label=&#8221;projecto em destaque&#8221; _builder_version=&#8221;3.0.65&#8243; header_font=&#8221;Verdana||||&#8221; header_font_size=&#8221;25px&#8221; body_font_size=&#8221;15px&#8221; body_line_height=&#8221;1.5em&#8221; custom_margin=&#8221;|||&#8221; custom_padding=&#8221;|||&#8221;]<\/p>\n<p><span style=\"color: #333333;\">Sob este t\u00edtulo agrupa-se um leque alargado de estudos de natureza muito diversificada. Sejam estudos integrados em projectos de investiga\u00e7\u00e3o, estudos de s\u00edtio em fases iniciais de projectos e de processos de decis\u00e3o ou estudos relativos ao desenvolvimento de Planos de diferentes tipologias.<\/span><\/p>\n<p>[\/et_pb_blurb][\/et_pb_column][\/et_pb_row][et_pb_row _builder_version=&#8221;3.0.47&#8243; background_size=&#8221;initial&#8221; background_position=&#8221;top_left&#8221; background_repeat=&#8221;repeat&#8221;][et_pb_column type=&#8221;4_4&#8243;][et_pb_toggle title=&#8221;Projectos de investiga\u00e7\u00e3o&#8221; _builder_version=&#8221;3.0.65&#8243; title_font=&#8221;|on|||&#8221; title_font_size=&#8221;15px&#8221; body_font_size=&#8221;14px&#8221; body_line_height=&#8221;1.5em&#8221;]<\/p>\n<p><span style=\"color: #333333;\">Neste \u00e2mbito a nossa experi\u00eancia inclui a contribui\u00e7\u00e3o em projectos de investiga\u00e7\u00e3o de \u00e2mbito nacional e internacional, assegurando a componente relativa aos recenseamentos de aves.<\/span><\/p>\n<p><span style=\"color: #333333;\">Para al\u00e9m destes projectos a M\u00e3e d\u2019\u00e1gua tem ainda realizado trabalhos em colabora\u00e7\u00e3o com outras Universidades como por exemplo a Faculdade de Ci\u00eancias da Universidade de Lisboa e a Universidade de Aveiro.<\/span><\/p>\n<p><span style=\"color: #333333;\">Projecto em destaque:<\/span><\/p>\n<p style=\"padding-left: 30px;\"><span style=\"color: #333333;\"><em>BIOASSESS &#8211; Biodiversity Assessment<\/em>. Projecto financiado pela EU.<\/span><\/p>\n<p style=\"padding-left: 30px;\"><span style=\"color: #333333;\"><em>Colabora\u00e7\u00e3o com a Universidade Nova de Lisboa &#8211; Censos de aves na Mata Nacional de Leiria,<\/em> para a Universidade Nova de Lisboa \u2013 Faculdade de Ci\u00eancias e Tecnologia<\/span><\/p>\n<p>[\/et_pb_toggle][et_pb_toggle title=&#8221;Estudos de S\u00edtio&#8221; _builder_version=&#8221;3.0.65&#8243; title_font=&#8221;|on|||&#8221; title_font_size=&#8221;15px&#8221; body_font_size=&#8221;14px&#8221; body_line_height=&#8221;1.5em&#8221;]<\/p>\n<p><span style=\"color: #333333;\">Neste \u00e2mbito realizamos estudos de caracteriza\u00e7\u00e3o de s\u00edtios que permitam a elabora\u00e7\u00e3o de projectos adequados \u00e0s caracter\u00edsticas do local e que minimizam as afecta\u00e7\u00f5es dos valores naturais presentes. Desenvolvemos estudos de compara\u00e7\u00e3o de localiza\u00e7\u00f5es que permitam uma decis\u00e3o informada sobre qual a localiza\u00e7\u00e3o menos impactante. Realizamos estudos que permitem identificar e caracterizar os riscos para a navega\u00e7\u00e3o a\u00e9rea em zonas aeroportu\u00e1rias. Fornecemos informa\u00e7\u00e3o de base no desenvolvimento de Planos Estrat\u00e9gicos. <\/span><\/p>\n<p><span style=\"color: #333333;\">A nossa experi\u00eancia inclui a realiza\u00e7\u00e3o de trabalhos em diferentes dom\u00ednios, nomeadamente; Agr\u00edcola (projectos de investimento), Energia (produ\u00e7\u00e3o), Transportes (ferrovias, estradas e aeroportos), Turismo (Empreendimentos com golfe). No caso particular dos aeroportos a nossa actividade inclui a realiza\u00e7\u00e3o de estudos detalhados no Aeroporto de Lisboa e na periferia do Aeroporto de Faro bem como a realiza\u00e7\u00e3o de estudos pr\u00e9vios de duas das localiza\u00e7\u00f5es alternativas para o Novo Aeroporto de Lisboa \u2013 Ota e Alcochete. Estes estudos inclu\u00edram a caracteriza\u00e7\u00e3o das esp\u00e9cies envolvidas em <em>birdstrikes<\/em> bem como dos factores que as atraem para a zona aeroportu\u00e1ria o que permitiu definir medidas de gest\u00e3o que contribuam para a minimiza\u00e7\u00e3o do risco de colis\u00e3o.<\/span><\/p>\n<p><span style=\"color: #333333;\">Tamb\u00e9m neste caso para a execu\u00e7\u00e3o destas tarefas utilizamos todo o equipamento necess\u00e1rio e adequado, nomeadamente equipamento de vis\u00e3o nocturna para a realiza\u00e7\u00e3o de recenseamentos nocturnos, armadilhas passivas e activas para captura de insectos, equipamento de seguimento de animais \u2013 radio-transmissores e <em>data-loggers<\/em>, etc.<\/span><\/p>\n<p><span style=\"color: #333333;\">Projectos em destaque:<\/span><\/p>\n<p style=\"padding-left: 30px;\"><span style=\"color: #333333;\"><em>Programa de inova\u00e7\u00e3o e desenvolvimento empresarial \/ moderniza\u00e7\u00e3o e capacita\u00e7\u00e3o de empresas \u2013 Aviso n\u00ba 08\/Ac\u00e7\u00e3o 111\/2012 \u2013 Produ\u00e7\u00e3o prim\u00e1ria de produtos agr\u00edcolas \u2013 Candidatura de Ronquilha e Ro\u00e7as, Sociedade Agr\u00edcola \u2013 Nota T\u00e9cnica relativa \u00e0 interac\u00e7\u00e3o entre o projecto de investimento e a popula\u00e7\u00e3o de abetarda,<\/em> para Ronquilha &amp; Ro\u00e7as, Soc. Agr\u00edcola<\/span><\/p>\n<p style=\"padding-left: 30px;\"><span style=\"color: #333333;\"><em>Identifica\u00e7\u00e3o de \u00e1reas exteriores ao Aeroporto de Lisboa que constituem pontos de concentra\u00e7\u00e3o e dispers\u00e3o para esp\u00e9cies que utilizam ou cruzam regularmente o Aeroporto e o espa\u00e7o a\u00e9reo circundante,<\/em> para ANA, SA.<\/span><\/p>\n<p style=\"padding-left: 30px;\"><span style=\"color: #333333;\"><em>Estudo para a avalia\u00e7\u00e3o da situa\u00e7\u00e3o dos pombais na periferia e a diminui\u00e7\u00e3o da disponibilidade alimentar na zona das pistas do Aeroporto de Lisboa,<\/em> para ANA, SA.<\/span><\/p>\n<p style=\"padding-left: 30px;\"><span style=\"color: #333333;\"><em>Recenseamentos dirigidos a andorinhas e andorinh\u00f5es presentes no Aeroporto de Lisboa (caracteriza\u00e7\u00e3o e propostas de gest\u00e3o para a redu\u00e7\u00e3o dos birdstrikes),<\/em> para ANA, SA.<\/span><\/p>\n<p style=\"padding-left: 30px;\"><span style=\"color: #333333;\"><em>Estudo de caracteriza\u00e7\u00e3o dos factores ecol\u00f3gicos do Aeroporto de Lisboa (Portela-Humberto Delgado) atractivos para a fauna,<\/em> para ANA, SA.<\/span><\/p>\n<p>[\/et_pb_toggle][et_pb_toggle title=&#8221;Ordenamento do territ\u00f3rio&#8221; _builder_version=&#8221;3.0.65&#8243; title_font=&#8221;|on|||&#8221; title_font_size=&#8221;15px&#8221; body_font_size=&#8221;14px&#8221; body_line_height=&#8221;1.5em&#8221;]<\/p>\n<p><span style=\"color: #333333;\">No campo do ordenamento a nossa experi\u00eancia inclui a contribui\u00e7\u00e3o na elabora\u00e7\u00e3o de Planos de diferentes n\u00edveis (Planos Directores Municipais, Planos de Ordenamento, Planos de Pormenor, etc.) sobretudo em situa\u00e7\u00f5es em que parte do territ\u00f3rio est\u00e1 integrado em \u00c1reas da Rede Natura 2000.<\/span><\/p>\n<p><span style=\"color: #333333;\">\u00c9 nestes casos que as quest\u00f5es relativas ao patrim\u00f3nio natural se tornam mais importantes no contexto dos processo de ordenamento, nomeadamente dada a necessidade de adequar os Planos \u00e0 legisla\u00e7\u00e3o em vigor, integrando as recomenda\u00e7\u00f5es do Plano Sectorial da Rede Natura 2000 nos Planos Directores Municipais, garantindo que os valores protegidos no \u00e2mbito da Rede Natura 2000 n\u00e3o s\u00e3o afectados negativamente pelos Planos e sugerindo interven\u00e7\u00f5es que favore\u00e7am a preserva\u00e7\u00e3o das esp\u00e9cies e habitats abrangidos pelos Planos.<\/span><\/p>\n<p><span style=\"color: #333333;\">Projectos em destaque:<\/span><\/p>\n<p style=\"padding-left: 30px;\"><span style=\"color: #333333;\"><em>Parque Urbano da V\u00e1rzea (Set\u00fabal) \u2013 Caracteriza\u00e7\u00e3o da Fauna, Flora e Vegeta\u00e7\u00e3o,<\/em> para ACB Arqt\u00aa Paisagista<\/span><\/p>\n<p style=\"padding-left: 30px;\"><span style=\"color: #333333;\"><em>Plano Director Municipal de Alandroal e respectiva AAE,<\/em> para DHV\/RR Planning<\/span><\/p>\n<p style=\"padding-left: 30px;\"><span style=\"color: #333333;\"><em>Plano Director Municipal de Aljustrel e respectiva AAE \u2013 Biodiversidade e Conserva\u00e7\u00e3o da Natureza,<\/em> para DHV<\/span><\/p>\n<p style=\"padding-left: 30px;\"><span style=\"color: #333333;\"><em>Plano Director Municipal de Campo Maior e respectiva AAE \u2013 Biodiversidade e Conserva\u00e7\u00e3o da Natureza,<\/em> para DHV\/RR Planning<\/span><\/p>\n<p style=\"padding-left: 30px;\"><span style=\"color: #333333;\"><em>Elabora\u00e7\u00e3o dos estudos da evolu\u00e7\u00e3o e da din\u00e2mica costeira e estuarina, de mobilidade e navegabilidade na laguna e de refor\u00e7o das margens pela recupera\u00e7\u00e3o de diques e motas com vista \u00e0 preven\u00e7\u00e3o de riscos \u2013 Identifica\u00e7\u00e3o dos aspectos sens\u00edveis em termos ambientais a serem preservados associados \u00e0s diferentes interven\u00e7\u00f5es, em todas as localiza\u00e7\u00f5es definidas como priorit\u00e1rias (Avifauna, Flora e Vegeta\u00e7\u00e3o),<\/em> para ArqPais\/Polis Litoral<\/span><\/p>\n<p>[\/et_pb_toggle][et_pb_toggle title=&#8221;Projectos com financiamento comunit\u00e1rio&#8221; _builder_version=&#8221;3.0.65&#8243; title_font=&#8221;|on|||&#8221; title_font_size=&#8221;15px&#8221; body_font_size=&#8221;14px&#8221; body_line_height=&#8221;1.5em&#8221;]<\/p>\n<p><span style=\"color: #ffffff;\"><span style=\"color: #333333;\">Particip\u00e1mos em diversos projectos de coopera\u00e7\u00e3o no espa\u00e7o comunit\u00e1rio dando apoio \u00e0 participa\u00e7\u00e3o de clientes institucionais ao n\u00edvel da gest\u00e3o dos projectos e da produ\u00e7\u00e3o de conte\u00fados, nomeadamente no \u00e2mbito de Projectos INTERREG. Particip\u00e1mos igualmente no fornecimento de servi\u00e7os \u00e0 Comiss\u00e3o Europeia, em cons\u00f3rcio com empresas do espa\u00e7o comunit\u00e1rio.<\/span><\/span><\/p>\n<p><span style=\"color: #333333;\">No caso dos projectos INTERREG a M\u00e3e d\u00b4\u00e1gua assegurou perante os respectivos Chefes de Fila (Diputacion Foral de Alava para o ECOSAL-Atlantis e Universidade de Cadiz para o SAL) a coordena\u00e7\u00e3o nacional dos mesmos. Tendo a seu cargo o acompanhamento das ac\u00e7\u00f5es da responsabilidade dos v\u00e1rios parceiros nacionais, e a sua integra\u00e7\u00e3o nas chamadas ac\u00e7\u00f5es transnacionais. Em qualquer destes projectos a M\u00e3e d\u00b4\u00e1gua assessorou tamb\u00e9m as entidades promotoras \/ Chefes de Fila, participando ainda activamente nos \u00f3rg\u00e3os de gest\u00e3o internos de cada um dos projectos.<\/span><\/p>\n<p><span style=\"color: #333333;\">\u00a0<\/span><\/p>\n<p><span style=\"color: #333333;\">Projectos em destaque:<\/span><\/p>\n<p style=\"padding-left: 30px;\"><span style=\"color: #333333;\"><em>Projecto ECOSAL ATLANTIS &#8211; INTERREG IVB,<\/em> para CM Aveiro, Universidade de Aveiro, CM Figueira da Foz, CM Rio Maior<\/span><\/p>\n<p style=\"padding-left: 30px;\"><span style=\"color: #333333;\"><em>Projecto SAL &#8211; INTERREG IIIB,<\/em> para CM Aveiro, Universidade de Aveiro, CM Figueira da Foz, CM Leiria, CM Castro Marim<\/span><\/p>\n<p style=\"padding-left: 30px;\"><span style=\"color: #333333;\"><em>ALAS Project &#8211; ECOS Overture,<\/em> para CM da Figueira da Foz<\/span><\/p>\n<p style=\"padding-left: 30px;\"><span style=\"color: #333333;\"><em>Technical support in relation to the assessment of complaints and infringement cases and Article 6 references in relation to EU Nature Conservation Legislation,<\/em> para EU-Commission (com ECOLAS, NV., B\u00e9lgica &amp; Ornis Consult, Dinamarca)<\/span><\/p>\n<p>[\/et_pb_toggle][\/et_pb_column][\/et_pb_row][\/et_pb_section]<\/p>\n","protected":false},"excerpt":{"rendered":"<p>[et_pb_section bb_built=&#8221;1&#8243; _builder_version=&#8221;3.0.65&#8243;][et_pb_row _builder_version=&#8221;3.0.47&#8243; background_size=&#8221;initial&#8221; background_position=&#8221;top_left&#8221; background_repeat=&#8221;repeat&#8221;][et_pb_column type=&#8221;4_4&#8243;][et_pb_text _builder_version=&#8221;3.0.65&#8243; text_font=&#8221;|on|||&#8221; text_font_size=&#8221;25px&#8221;] \u00c1reas de trabalho [\/et_pb_text][\/et_pb_column][\/et_pb_row][et_pb_row admin_label=&#8221;barra de volta a cada projecto em destaque&#8221; background_position_1=&#8221;top_left&#8221; background_position_2=&#8221;top_left&#8221; background_position_3=&#8221;top_left&#8221; background_position_4=&#8221;top_left&#8221; background_repeat_1=&#8221;no-repeat&#8221; background_repeat_2=&#8221;no-repeat&#8221; background_repeat_3=&#8221;no-repeat&#8221; background_repeat_4=&#8221;no-repeat&#8221; _builder_version=&#8221;3.0.65&#8243;][et_pb_column type=&#8221;1_4&#8243;][et_pb_button admin_label=&#8221;divulga\u00e7\u00e3o&#8221; button_url=&#8221;https:\/\/maedagua.pt\/?page_id=754&#8243; button_text=&#8221;Consultoria Ambiental&#8221; button_alignment=&#8221;left&#8221; _builder_version=&#8221;3.0.65&#8243; custom_button=&#8221;on&#8221; button_text_size=&#8221;12px&#8221; button_text_color=&#8221;#bababa&#8221; button_bg_color=&#8221;#ffffff&#8221; button_border_width=&#8221;0&#8243; button_text_color_hover=&#8221;#222222&#8243; button_border_radius_hover=&#8221;2&#8243; saved_tabs=&#8221;all&#8221; background_color=&#8221;#7EBEC5&#8243; \/][\/et_pb_column][et_pb_column type=&#8221;1_4&#8243;][et_pb_button admin_label=&#8221;med compen&#8221; button_url=&#8221;https:\/\/maedagua.pt\/?page_id=1251&#8243; button_text=&#8221;Patrim\u00f3nio Natural&#8221; [&hellip;]<\/p>\n","protected":false},"author":1,"featured_media":0,"parent":0,"menu_order":0,"comment_status":"closed","ping_status":"closed","template":"","meta":{"_et_pb_use_builder":"on","_et_pb_old_content":"","_et_gb_content_width":"","_mi_skip_tracking":false,"footnotes":""},"class_list":["post-1251","page","type-page","status-publish","hentry"],"_links":{"self":[{"href":"https:\/\/maedagua.pt\/index.php?rest_route=\/wp\/v2\/pages\/1251","targetHints":{"allow":["GET"]}}],"collection":[{"href":"https:\/\/maedagua.pt\/index.php?rest_route=\/wp\/v2\/pages"}],"about":[{"href":"https:\/\/maedagua.pt\/index.php?rest_route=\/wp\/v2\/types\/page"}],"author":[{"embeddable":true,"href":"https:\/\/maedagua.pt\/index.php?rest_route=\/wp\/v2\/users\/1"}],"replies":[{"embeddable":true,"href":"https:\/\/maedagua.pt\/index.php?rest_route=%2Fwp%2Fv2%2Fcomments&post=1251"}],"version-history":[{"count":8,"href":"https:\/\/maedagua.pt\/index.php?rest_route=\/wp\/v2\/pages\/1251\/revisions"}],"predecessor-version":[{"id":1479,"href":"https:\/\/maedagua.pt\/index.php?rest_route=\/wp\/v2\/pages\/1251\/revisions\/1479"}],"wp:attachment":[{"href":"https:\/\/maedagua.pt\/index.php?rest_route=%2Fwp%2Fv2%2Fmedia&parent=1251"}],"curies":[{"name":"wp","href":"https:\/\/api.w.org\/{rel}","templated":true}]}}