{"id":1177,"date":"2017-08-02T14:41:35","date_gmt":"2017-08-02T14:41:35","guid":{"rendered":"http:\/\/maedagua.pt\/?page_id=1177"},"modified":"2017-10-02T12:02:39","modified_gmt":"2017-10-02T12:02:39","slug":"pagina-inicial","status":"publish","type":"page","link":"https:\/\/maedagua.pt\/","title":{"rendered":"P\u00e1gina inicial template"},"content":{"rendered":"<p>[et_pb_section bb_built=&#8221;1&#8243; _builder_version=&#8221;3.0.65&#8243;][et_pb_row _builder_version=&#8221;3.0.47&#8243; background_size=&#8221;initial&#8221; background_position=&#8221;top_left&#8221; background_repeat=&#8221;repeat&#8221; _i=&#8221;0&#8243; _address=&#8221;0.0&#8243;][et_pb_column type=&#8221;4_4&#8243;][et_pb_text _builder_version=&#8221;3.0.65&#8243; text_font=&#8221;||||&#8221; text_font_size=&#8221;17px&#8221; text_line_height=&#8221;1em&#8221; text_orientation=&#8221;center&#8221; module_alignment=&#8221;center&#8221;]<\/p>\n<h1><strong>M\u00c3E D&#8217;\u00c1GUA, Lda.<\/strong><\/h1>\n<p><span style=\"color: #333333;\">Consultoria t\u00e9cnica em \u00e1reas de interesse natural<\/span><\/p>\n<p>[\/et_pb_text][et_pb_text admin_label=&#8221;maedagua&#8221; _builder_version=&#8221;3.0.65&#8243; text_font_size=&#8221;13px&#8221; text_line_height=&#8221;1.2em&#8221; text_orientation=&#8221;center&#8221; module_alignment=&#8221;center&#8221;] <strong><span style=\"color: #333333;\">M\u00e3e d\u00b4\u00e1gua<\/span><\/strong><span style=\"color: #333333;\">,\u00a0<\/span><span style=\"color: #333333;\">nome feminino: a)<\/span><span style=\"color: #333333;\">\u00a0nascente de \u00e1gua; b)<\/span><span style=\"color: #333333;\">\u00a0reservat\u00f3rio de \u00e1gua em local elevado, a partir de onde seguem canais e tubagens secund\u00e1rios que alimentam chafarizes e bicas<\/span> [\/et_pb_text][\/et_pb_column][\/et_pb_row][et_pb_row _builder_version=&#8221;3.0.47&#8243; background_size=&#8221;initial&#8221; background_position=&#8221;top_left&#8221; background_repeat=&#8221;repeat&#8221; _i=&#8221;1&#8243; _address=&#8221;0.1&#8243;][et_pb_column type=&#8221;4_4&#8243;][et_pb_gallery admin_label=&#8221;Gallery exc. telemovel&#8221; gallery_ids=&#8221;1184,1185,1186,1187,1191,1192,1194,1195,1196,1200,1230,1436&#8243; gallery_captions=&#8221;,,,,,,,,,,,&#8221; posts_number=&#8221;16&#8243; show_title_and_caption=&#8221;off&#8221; show_pagination=&#8221;off&#8221; zoom_icon_color=&#8221;#ffffff&#8221; hover_overlay_color=&#8221;rgba(0,106,193,0.74)&#8221; hover_icon=&#8221;%%200%%&#8221; disabled_on=&#8221;on|off|off&#8221; _builder_version=&#8221;3.0.69&#8243; caption_line_height=&#8221;1px&#8221; \/][et_pb_gallery admin_label=&#8221;Gallery s\u00f3 telemovel&#8221; gallery_ids=&#8221;1186,1187,1191,1200,1230&#8243; gallery_captions=&#8221;,,,,&#8221; posts_number=&#8221;5&#8243; show_title_and_caption=&#8221;off&#8221; show_pagination=&#8221;off&#8221; zoom_icon_color=&#8221;#ffffff&#8221; hover_overlay_color=&#8221;rgba(0,106,193,0.74)&#8221; hover_icon=&#8221;%%200%%&#8221; disabled_on=&#8221;off|on|on&#8221; _builder_version=&#8221;3.0.69&#8243; caption_line_height=&#8221;1px&#8221; \/][\/et_pb_column][\/et_pb_row][\/et_pb_section][et_pb_section bb_built=&#8221;1&#8243; fullwidth=&#8221;on&#8221; _builder_version=&#8221;3.0.65&#8243;][et_pb_fullwidth_header text_orientation=&#8221;center&#8221; title_font_color=&#8221;#ffffff&#8221; _builder_version=&#8221;3.0.65&#8243; title_font_size=&#8221;18px&#8221; title_text_color=&#8221;#ffffff&#8221; title_line_height=&#8221;1.2em&#8221; content_font_size=&#8221;18px&#8221; content_text_color=&#8221;#ffffff&#8221; content_line_height=&#8221;1.5em&#8221; background_color=&#8221;#222222&#8243;] <span style=\"color: #ffffff;\">Prestamos servi\u00e7os de consultoria nas diversas fases de desenvolvimento de projectos de investimento, encontramos solu\u00e7\u00f5es para a minimiza\u00e7\u00e3o dos seus efeitos e contribu\u00edmos para a divulga\u00e7\u00e3o e frui\u00e7\u00e3o de valores de relevo<\/span> [\/et_pb_fullwidth_header][\/et_pb_section][et_pb_section bb_built=&#8221;1&#8243; fullwidth=&#8221;on&#8221; disabled_on=&#8221;on||&#8221; _builder_version=&#8221;3.0.65&#8243;][et_pb_fullwidth_slider show_inner_shadow=&#8221;off&#8221; _builder_version=&#8221;3.0.65&#8243; header_font_size=&#8221;50px&#8221; header_text_color=&#8221;#222222&#8243; body_font_size=&#8221;17px&#8221; custom_padding=&#8221;|||&#8221; custom_padding_tablet=&#8221;|||&#8221; custom_padding_phone=&#8221;|||&#8221; auto=&#8221;on&#8221; remove_inner_shadow=&#8221;on&#8221;] [et_pb_slide heading=&#8221;Consultoria&#8221; use_bg_overlay=&#8221;on&#8221; bg_overlay_color=&#8221;rgba(255,255,255,0.19)&#8221; use_text_overlay=&#8221;off&#8221; background_layout=&#8221;light&#8221; _builder_version=&#8221;3.0.47&#8243; header_font=&#8221;|on|||&#8221; body_font=&#8221;||||&#8221; background_image=&#8221;https:\/\/maedagua.pt\/wp-content\/uploads\/2017\/08\/06-10-08-028.jpg&#8221; button_icon_placement=&#8221;right&#8221; button_on_hover=&#8221;on&#8221;][\/et_pb_slide][et_pb_slide heading=&#8221;Patrim\u00f3nio Natural&#8221; use_bg_overlay=&#8221;on&#8221; bg_overlay_color=&#8221;rgba(255,255,255,0.31)&#8221; use_text_overlay=&#8221;off&#8221; background_layout=&#8221;light&#8221; _builder_version=&#8221;3.0.47&#8243; header_font=&#8221;|on|||&#8221; body_font=&#8221;||||&#8221; background_image=&#8221;https:\/\/maedagua.pt\/wp-content\/uploads\/2017\/08\/DSCF5557.jpg&#8221; button_icon_placement=&#8221;right&#8221; button_on_hover=&#8221;on&#8221;][\/et_pb_slide][et_pb_slide heading=&#8221;Conserva\u00e7\u00e3o da Natureza&#8221; use_bg_overlay=&#8221;on&#8221; bg_overlay_color=&#8221;rgba(255,255,255,0.27)&#8221; use_text_overlay=&#8221;off&#8221; background_layout=&#8221;light&#8221; _builder_version=&#8221;3.0.47&#8243; header_font=&#8221;|on|||&#8221; body_font=&#8221;||||&#8221; background_image=&#8221;https:\/\/maedagua.pt\/wp-content\/uploads\/2017\/08\/DSCF3401.jpg&#8221; button_icon_placement=&#8221;right&#8221; button_on_hover=&#8221;on&#8221;][\/et_pb_slide][et_pb_slide heading=&#8221;Divulga\u00e7\u00e3o&#8221; use_bg_overlay=&#8221;on&#8221; bg_overlay_color=&#8221;rgba(255,255,255,0.34)&#8221; use_text_overlay=&#8221;off&#8221; background_layout=&#8221;light&#8221; _builder_version=&#8221;3.0.47&#8243; header_font=&#8221;|on|||&#8221; body_font=&#8221;||||&#8221; background_image=&#8221;https:\/\/maedagua.pt\/wp-content\/uploads\/2017\/08\/Lamosa.jpg&#8221; button_icon_placement=&#8221;right&#8221; button_on_hover=&#8221;on&#8221;][\/et_pb_slide] [\/et_pb_fullwidth_slider][\/et_pb_section][et_pb_section bb_built=&#8221;1&#8243; fullwidth=&#8221;off&#8221; specialty=&#8221;off&#8221;][et_pb_row background_position_1=&#8221;top_left&#8221; background_position_2=&#8221;top_left&#8221; background_position_3=&#8221;top_left&#8221; background_repeat_1=&#8221;no-repeat&#8221; background_repeat_2=&#8221;no-repeat&#8221; background_repeat_3=&#8221;no-repeat&#8221; _builder_version=&#8221;3.0.76&#8243;][et_pb_column type=&#8221;1_4&#8243;][et_pb_text _builder_version=&#8221;3.0.76&#8243; text_font=&#8221;|||on|&#8221; text_text_color=&#8221;#ffffff&#8221;]<\/p>\n<p><span style=\"color: #008080;\">As \u00faltimas Not\u00edcias&#8230;<\/span><\/p>\n<p>[\/et_pb_text][\/et_pb_column][et_pb_column type=&#8221;1_4&#8243;][\/et_pb_column][et_pb_column type=&#8221;1_2&#8243;][\/et_pb_column][\/et_pb_row][et_pb_row][et_pb_column type=&#8221;4_4&#8243;][et_pb_blog admin_label=&#8221;Blog &#8211; \u00faltimos 3 artigos&#8221; fullwidth=&#8221;off&#8221; show_pagination=&#8221;off&#8221; posts_number=&#8221;3&#8243; show_thumbnail=&#8221;on&#8221; show_content=&#8221;off&#8221; show_author=&#8221;off&#8221; show_date=&#8221;on&#8221; show_categories=&#8221;off&#8221; _builder_version=&#8221;3.0.76&#8243; offset_number=&#8221;0&#8243; show_more=&#8221;off&#8221; show_comments=&#8221;off&#8221; use_dropshadow=&#8221;off&#8221; use_overlay=&#8221;off&#8221; background_layout=&#8221;light&#8221; pagination_font_size_tablet=&#8221;51&#8243; pagination_line_height_tablet=&#8221;2&#8243; border_style=&#8221;solid&#8221; body_line_height=&#8221;1.5em&#8221; meta_line_height=&#8221;1.2em&#8221; meta_font_size=&#8221;12&#8243; body_font_size=&#8221;12&#8243; header_font=&#8221;|on|||&#8221; saved_tabs=&#8221;all&#8221; \/][\/et_pb_column][\/et_pb_row][et_pb_row][et_pb_column type=&#8221;1_2&#8243;][et_pb_social_media_follow _builder_version=&#8221;3.0.69&#8243; link_shape=&#8221;rounded_rectangle&#8221; url_new_window=&#8221;off&#8221; follow_button=&#8221;off&#8221; background_layout=&#8221;light&#8221; saved_tabs=&#8221;all&#8221;] [et_pb_social_media_follow_network social_network=&#8221;facebook&#8221; url=&#8221;https:\/\/www.facebook.com\/maedagua.pt\/&#8221; bg_color=&#8221;#3b5998&#8243; _builder_version=&#8221;3.0.47&#8243; link_shape=&#8221;rounded_rectangle&#8221; follow_button=&#8221;off&#8221; url_new_window=&#8221;on&#8221;] Facebook [\/et_pb_social_media_follow_network][et_pb_social_media_follow_network social_network=&#8221;linkedin&#8221; url=&#8221;https:\/\/www.linkedin.com\/company\/11232353&#8243; bg_color=&#8221;#007bb6&#8243; _builder_version=&#8221;3.0.47&#8243; link_shape=&#8221;rounded_rectangle&#8221; follow_button=&#8221;off&#8221; url_new_window=&#8221;on&#8221; skype_action=&#8221;call&#8221;] LinkedIn [\/et_pb_social_media_follow_network] [\/et_pb_social_media_follow][\/et_pb_column][et_pb_column type=&#8221;1_2&#8243;][\/et_pb_column][\/et_pb_row][\/et_pb_section][et_pb_section bb_built=&#8221;1&#8243; _builder_version=&#8221;3.0.76&#8243; disabled=&#8221;on&#8221; disabled_on=&#8221;on|on|on&#8221;][et_pb_row background_position_1=&#8221;top_left&#8221; background_position_2=&#8221;top_left&#8221; background_position_3=&#8221;top_left&#8221; background_repeat_1=&#8221;no-repeat&#8221; background_repeat_2=&#8221;no-repeat&#8221; background_repeat_3=&#8221;no-repeat&#8221; _builder_version=&#8221;3.0.65&#8243;][et_pb_column type=&#8221;1_4&#8243;][\/et_pb_column][et_pb_column type=&#8221;1_4&#8243;][et_pb_image src=&#8221;https:\/\/maedagua.pt\/wp-content\/uploads\/2017\/09\/Mapa-baldios.jpg&#8221; _builder_version=&#8221;3.0.76&#8243; max_width=&#8221;175px&#8221; animation_style=&#8221;slide&#8221; animation_direction=&#8221;left&#8221; animation_duration=&#8221;500ms&#8221; animation_intensity_slide=&#8221;10%&#8221; sticky=&#8221;off&#8221; _i=&#8221;0&#8243; _address=&#8221;3.1.1.0&#8243; show_in_lightbox=&#8221;off&#8221; url_new_window=&#8221;off&#8221; use_overlay=&#8221;off&#8221; always_center_on_mobile=&#8221;on&#8221; border_style=&#8221;solid&#8221; force_fullwidth=&#8221;off&#8221; show_bottom_space=&#8221;on&#8221; \/][\/et_pb_column][et_pb_column type=&#8221;1_2&#8243;][et_pb_blurb admin_label=&#8221;baldios&#8221; url_new_window=&#8221;on&#8221; icon_placement=&#8221;left&#8221; _builder_version=&#8221;3.0.76&#8243; header_font=&#8221;|on|||&#8221; header_font_size=&#8221;15px&#8221; header_line_height=&#8221;1.4em&#8221; body_font_size=&#8221;15px&#8221; body_line_height=&#8221;1.4em&#8221; background_color=&#8221;#ffffff&#8221; max_width_last_edited=&#8221;on|desktop&#8221; custom_margin=&#8221;|||&#8221; custom_padding=&#8221;|||&#8221; use_icon=&#8221;off&#8221; use_circle=&#8221;off&#8221; use_circle_border=&#8221;off&#8221; use_icon_font_size=&#8221;off&#8221; background_layout=&#8221;light&#8221; border_style=&#8221;solid&#8221;]<\/p>\n<p style=\"text-align: left;\"><strong><span style=\"color: #333333;\">Um mapa, muitas quest\u00f5es\u2026<\/span><\/strong><\/p>\n<h5><span style=\"color: #008080;\">25 Setembro 2017<\/span><\/h5>\n<p><span style=\"color: #333333;\">Um documentos de 1938, ano da publica\u00e7\u00e3o da lei do Povoamento Florestal, que nos leva a pensar que tudo poderia ter sido diferente e que talvez agora tiv\u00e9ssemos outra realidade na nossa floresta&#8230;<\/span><\/p>\n<p><a href=\"https:\/\/maedagua.pt\/?p=1881\"><span style=\"color: #333333;\">Ler mais&#8230;<\/span><\/a><\/p>\n<p>[\/et_pb_blurb][\/et_pb_column][\/et_pb_row][et_pb_row background_position_1=&#8221;top_left&#8221; background_position_2=&#8221;top_left&#8221; background_position_3=&#8221;top_left&#8221; background_repeat_1=&#8221;no-repeat&#8221; background_repeat_2=&#8221;no-repeat&#8221; background_repeat_3=&#8221;no-repeat&#8221; _builder_version=&#8221;3.0.65&#8243;][et_pb_column type=&#8221;1_4&#8243;][\/et_pb_column][et_pb_column type=&#8221;1_4&#8243;][et_pb_image src=&#8221;https:\/\/maedagua.pt\/wp-content\/uploads\/2017\/09\/1.jpg&#8221; _builder_version=&#8221;3.0.76&#8243; max_width=&#8221;175px&#8221; animation_style=&#8221;slide&#8221; animation_direction=&#8221;left&#8221; animation_duration=&#8221;500ms&#8221; animation_intensity_slide=&#8221;10%&#8221; sticky=&#8221;off&#8221; _i=&#8221;0&#8243; _address=&#8221;3.1.1.0&#8243; \/][\/et_pb_column][et_pb_column type=&#8221;1_2&#8243;][et_pb_blurb admin_label=&#8221;camarinha&#8221; url_new_window=&#8221;on&#8221; icon_placement=&#8221;left&#8221; _builder_version=&#8221;3.0.76&#8243; header_font=&#8221;|on|||&#8221; header_font_size=&#8221;15px&#8221; header_line_height=&#8221;1.4em&#8221; body_font_size=&#8221;15px&#8221; body_line_height=&#8221;1.4em&#8221; background_color=&#8221;#ffffff&#8221; max_width_last_edited=&#8221;on|desktop&#8221; custom_margin=&#8221;|||&#8221; custom_padding=&#8221;|||&#8221;]<\/p>\n<p style=\"text-align: left;\"><strong><span style=\"color: #333333;\">Camarinhas, camarinheiras\u2026<\/span><\/strong><\/p>\n<h5><span style=\"color: #008080;\">04 Setembro 2017<\/span><\/h5>\n<p><span style=\"color: #333333;\">H\u00e1 camarinhas! Setembro \u00e9 o m\u00eas das camarinhas. Trazemos alguns temas ao redor desta planta das dunas&#8230;<\/span><\/p>\n<p><a href=\"https:\/\/maedagua.pt\/?p=1857\"><span style=\"color: #333333;\">Ler mais&#8230;<\/span><\/a><\/p>\n<p>[\/et_pb_blurb][\/et_pb_column][\/et_pb_row][et_pb_row background_position_1=&#8221;top_left&#8221; background_position_2=&#8221;top_left&#8221; background_position_3=&#8221;top_left&#8221; background_repeat_1=&#8221;no-repeat&#8221; background_repeat_2=&#8221;no-repeat&#8221; background_repeat_3=&#8221;no-repeat&#8221; _builder_version=&#8221;3.0.65&#8243;][et_pb_column type=&#8221;1_4&#8243;][\/et_pb_column][et_pb_column type=&#8221;1_4&#8243;][et_pb_image src=&#8221;https:\/\/maedagua.pt\/wp-content\/uploads\/2017\/08\/1-1.jpg&#8221; _builder_version=&#8221;3.0.69&#8243; max_width=&#8221;175px&#8221; animation_style=&#8221;slide&#8221; animation_direction=&#8221;left&#8221; animation_duration=&#8221;500ms&#8221; animation_intensity_slide=&#8221;10%&#8221; _i=&#8221;0&#8243; _address=&#8221;3.2.1.0&#8243; \/][\/et_pb_column][et_pb_column type=&#8221;1_2&#8243;][et_pb_blurb admin_label=&#8221;Urso-pardo&#8221; url_new_window=&#8221;on&#8221; icon_placement=&#8221;left&#8221; _builder_version=&#8221;3.0.69&#8243; header_font=&#8221;|on|||&#8221; header_font_size=&#8221;15px&#8221; header_line_height=&#8221;1.4em&#8221; body_font_size=&#8221;15px&#8221; body_line_height=&#8221;1.4em&#8221; background_color=&#8221;#ffffff&#8221; max_width_last_edited=&#8221;on|desktop&#8221; custom_margin=&#8221;|||&#8221; custom_padding=&#8221;|||&#8221;]<\/p>\n<p style=\"text-align: left;\"><strong><span style=\"color: #333333;\">Perdemos-lhe o rasto\u2026<\/span><\/strong><\/p>\n<h5><span style=\"color: #008080;\">28 Agosto 2017<\/span><\/h5>\n<p><span style=\"color: #333333;\">Seguimos o rasto do urso-pardo em Portugal, as marcas s\u00e3o t\u00e9nues, a pista \u00e9 curta e est\u00e1 muito apagada\u2026<\/span><\/p>\n<p><a href=\"https:\/\/maedagua.pt\/?p=1796\"><span style=\"color: #333333;\">Ler mais&#8230;<\/span><\/a><\/p>\n<p>[\/et_pb_blurb][\/et_pb_column][\/et_pb_row][et_pb_row background_position_1=&#8221;top_left&#8221; background_position_2=&#8221;top_left&#8221; background_position_3=&#8221;top_left&#8221; background_repeat_1=&#8221;no-repeat&#8221; background_repeat_2=&#8221;no-repeat&#8221; background_repeat_3=&#8221;no-repeat&#8221; disabled_on=&#8221;on|on|on&#8221; _builder_version=&#8221;3.0.76&#8243;][et_pb_column type=&#8221;1_4&#8243;][\/et_pb_column][et_pb_column type=&#8221;1_4&#8243;][et_pb_image src=&#8221;https:\/\/maedagua.pt\/wp-content\/uploads\/2017\/08\/1.jpg&#8221; _builder_version=&#8221;3.0.69&#8243; max_width=&#8221;175px&#8221; animation_style=&#8221;slide&#8221; animation_direction=&#8221;left&#8221; animation_duration=&#8221;500ms&#8221; animation_intensity_slide=&#8221;10%&#8221; _i=&#8221;0&#8243; _address=&#8221;3.3.1.0&#8243; \/][\/et_pb_column][et_pb_column type=&#8221;1_2&#8243;][et_pb_blurb admin_label=&#8221;Os primeiros j\u00e1 chegaram&#8221; url_new_window=&#8221;on&#8221; icon_placement=&#8221;left&#8221; _builder_version=&#8221;3.0.69&#8243; header_font=&#8221;|on|||&#8221; header_font_size=&#8221;15px&#8221; header_line_height=&#8221;1.4em&#8221; body_font_size=&#8221;15px&#8221; body_line_height=&#8221;1.4em&#8221; background_color=&#8221;#ffffff&#8221; max_width_last_edited=&#8221;on|desktop&#8221; custom_margin=&#8221;|||&#8221; custom_padding=&#8221;|||&#8221;]<\/p>\n<p style=\"text-align: left;\"><span style=\"color: #333333;\"><b>Os primeiros j\u00e1 chegaram!<\/b><\/span><\/p>\n<h5><span style=\"color: #008080;\">21 Agosto 2017<\/span><\/h5>\n<p><span style=\"color: #333333;\">S\u00e3o conhecidos por tralh\u00f5es, taralh\u00f5es, piscos-d\u2019asa-branca, ou mais eruditamente por papa-moscas-pretos (<em>Ficedula hypoleuca<\/em>)&#8230;<\/span><\/p>\n<p><a href=\"https:\/\/maedagua.pt\/?p=1766\"><span style=\"color: #333333;\">Ler mais&#8230;<\/span><\/a><\/p>\n<p>[\/et_pb_blurb][\/et_pb_column][\/et_pb_row][et_pb_row background_position_1=&#8221;top_left&#8221; background_position_2=&#8221;top_left&#8221; background_position_3=&#8221;top_left&#8221; background_repeat_1=&#8221;no-repeat&#8221; background_repeat_2=&#8221;no-repeat&#8221; background_repeat_3=&#8221;no-repeat&#8221; disabled_on=&#8221;on|on|on&#8221; _builder_version=&#8221;3.0.69&#8243; disabled=&#8221;on&#8221;][et_pb_column type=&#8221;1_4&#8243;][\/et_pb_column][et_pb_column type=&#8221;1_4&#8243;][et_pb_image src=&#8221;https:\/\/maedagua.pt\/wp-content\/uploads\/2017\/08\/NaCl.jpg&#8221; _builder_version=&#8221;3.0.69&#8243; max_width=&#8221;175px&#8221; animation_style=&#8221;slide&#8221; animation_direction=&#8221;left&#8221; animation_duration=&#8221;500ms&#8221; animation_intensity_slide=&#8221;10%&#8221; _i=&#8221;0&#8243; _address=&#8221;3.4.1.0&#8243; \/][\/et_pb_column][et_pb_column type=&#8221;1_2&#8243;][et_pb_blurb admin_label=&#8221;NMSFF&#8221; url_new_window=&#8221;on&#8221; icon_placement=&#8221;left&#8221; _builder_version=&#8221;3.0.69&#8243; header_font=&#8221;|on|||&#8221; header_font_size=&#8221;15px&#8221; header_line_height=&#8221;1.4em&#8221; body_font_size=&#8221;15px&#8221; body_line_height=&#8221;1.4em&#8221; background_color=&#8221;#ffffff&#8221; max_width_last_edited=&#8221;on|desktop&#8221; custom_margin=&#8221;|||&#8221; custom_padding=&#8221;|||&#8221;]<\/p>\n<p style=\"text-align: left;\"><strong><span style=\"color: #333333;\">10 anos do NMSFF &#8211; N\u00facleo Museol\u00f3gico do Sal da Figueira da Foz<\/span><\/strong><\/p>\n<h5><span style=\"color: #008080;\">17 Agosto 2017<\/span><\/h5>\n<p><strong><span style=\"color: #333333;\">(um cristal de sal)\u2026 \u00e9 um sopro do vento, \u00e9 um peda\u00e7o do mar, \u00e9 um \u00e1tomo do sol, \u00e9 uma l\u00e1grima, \u00e9 uma gota de suor. \u00c9, por isso, \u00c1gua, Terra, Fogo, Ar, e tamb\u00e9m trabalho, muito trabalho, \u00e9 tudo, e \u00e9 apenas um pequeno cristal de sal\u2026<\/span><\/strong><\/p>\n<p><span style=\"color: #333333;\">Foram estas as palavras que escolhemos para a entrada da exposi\u00e7\u00e3o permanente do N\u00facleo Museol\u00f3gico do Sal da Figueira da Foz inaugurado em 17 de Agosto de 2007.<\/span><\/p>\n<p><a href=\"https:\/\/maedagua.pt\/?p=1732\"><span style=\"color: #333333;\">Ler mais&#8230;<\/span><\/a><\/p>\n<p>[\/et_pb_blurb][\/et_pb_column][\/et_pb_row][et_pb_row background_position_1=&#8221;top_left&#8221; background_position_2=&#8221;top_left&#8221; background_position_3=&#8221;top_left&#8221; background_repeat_1=&#8221;no-repeat&#8221; background_repeat_2=&#8221;no-repeat&#8221; background_repeat_3=&#8221;no-repeat&#8221; disabled_on=&#8221;on|on|on&#8221; _builder_version=&#8221;3.0.69&#8243; disabled=&#8221;on&#8221;][et_pb_column type=&#8221;1_4&#8243;][\/et_pb_column][et_pb_column type=&#8221;1_4&#8243;][et_pb_image src=&#8221;https:\/\/maedagua.pt\/wp-content\/uploads\/2017\/08\/noticia1.jpg&#8221; _builder_version=&#8221;3.0.65&#8243; max_width=&#8221;175px&#8221; animation_style=&#8221;slide&#8221; animation_direction=&#8221;left&#8221; animation_duration=&#8221;500ms&#8221; animation_intensity_slide=&#8221;10%&#8221; _i=&#8221;0&#8243; _address=&#8221;3.5.1.0&#8243; \/][\/et_pb_column][et_pb_column type=&#8221;1_2&#8243;][et_pb_blurb admin_label=&#8221;Gaivotas em Lx&#8221; url_new_window=&#8221;on&#8221; icon_placement=&#8221;left&#8221; _builder_version=&#8221;3.0.69&#8243; header_font=&#8221;|on|||&#8221; header_font_size=&#8221;15px&#8221; header_line_height=&#8221;1.4em&#8221; body_font_size=&#8221;15px&#8221; body_line_height=&#8221;1.4em&#8221; background_color=&#8221;#ffffff&#8221; max_width_last_edited=&#8221;on|desktop&#8221; custom_margin=&#8221;|||&#8221; custom_padding=&#8221;|||&#8221;]<\/p>\n<p style=\"text-align: left;\"><strong><span style=\"color: #333333;\">Recenseamento da popula\u00e7\u00e3o de gaivota-de-patas-amarelas <em>Larus michahellis<\/em> nidificante em Lisboa<\/span><\/strong><\/p>\n<h5><span style=\"color: #008080;\">04 Agosto 2017<\/span><\/h5>\n<p><span style=\"color: #333333;\">No \u00e2mbito de trabalhos em curso para a ANA \u2013 Aeroporto de Lisboa, a M\u00e3e d\u2019\u00e1gua realizou este ano (2017) um recenseamento da popula\u00e7\u00e3o de gaivota-de-patas-amarelas <em>Larus michahellis<\/em> nidificante em Lisboa.<\/span><\/p>\n<p><span style=\"color: #333333;\">Tivemos muitas surpresas, pelo n\u00famero de casais (mais de 100!), pela sua distribui\u00e7\u00e3o pela cidade, pelos locais de instala\u00e7\u00e3o dos ninhos\u2026 Vejam esta pobre \u201calma penada\u201d nascida num jazigo do cemit\u00e9rio dos Prazeres!<\/span><\/p>\n<p><a href=\"https:\/\/maedagua.pt\/?p=1575\"><span style=\"color: #333333;\">Ler mais&#8230;<\/span><\/a><\/p>\n<p>[\/et_pb_blurb][\/et_pb_column][\/et_pb_row][et_pb_row _builder_version=&#8221;3.0.47&#8243; background_size=&#8221;initial&#8221; background_position=&#8221;top_left&#8221; background_repeat=&#8221;repeat&#8221; _i=&#8221;6&#8243; _address=&#8221;3.6&#8243;][et_pb_column type=&#8221;1_3&#8243;][\/et_pb_column][et_pb_column type=&#8221;1_3&#8243;][\/et_pb_column][et_pb_column type=&#8221;1_3&#8243;][et_pb_social_media_follow _builder_version=&#8221;3.0.65&#8243;] [et_pb_social_media_follow_network social_network=&#8221;facebook&#8221; url=&#8221;https:\/\/www.facebook.com\/maedagua.pt\/posts\/698426513690662#&#8221; _builder_version=&#8221;3.0.47&#8243; background_color=&#8221;#3b5998&#8243; bg_color=&#8221;#3b5998&#8243; link_shape=&#8221;rounded_rectangle&#8221; follow_button=&#8221;off&#8221; url_new_window=&#8221;on&#8221;] Facebook [\/et_pb_social_media_follow_network][et_pb_social_media_follow_network social_network=&#8221;linkedin&#8221; url=&#8221;https:\/\/www.linkedin.com\/feed\/update\/urn:li:activity:6300712915032895488&#8243; _builder_version=&#8221;3.0.47&#8243; background_color=&#8221;#007bb6&#8243; bg_color=&#8221;#007bb6&#8243; link_shape=&#8221;rounded_rectangle&#8221; follow_button=&#8221;off&#8221; url_new_window=&#8221;on&#8221;] LinkedIn [\/et_pb_social_media_follow_network] [\/et_pb_social_media_follow][\/et_pb_column][\/et_pb_row][\/et_pb_section]<\/p>\n","protected":false},"excerpt":{"rendered":"<p>[et_pb_section bb_built=&#8221;1&#8243; _builder_version=&#8221;3.0.65&#8243;][et_pb_row _builder_version=&#8221;3.0.47&#8243; background_size=&#8221;initial&#8221; background_position=&#8221;top_left&#8221; background_repeat=&#8221;repeat&#8221; _i=&#8221;0&#8243; _address=&#8221;0.0&#8243;][et_pb_column type=&#8221;4_4&#8243;][et_pb_text _builder_version=&#8221;3.0.65&#8243; text_font=&#8221;||||&#8221; text_font_size=&#8221;17px&#8221; text_line_height=&#8221;1em&#8221; text_orientation=&#8221;center&#8221; module_alignment=&#8221;center&#8221;] M\u00c3E D&#8217;\u00c1GUA, Lda. Consultoria t\u00e9cnica em \u00e1reas de interesse natural [\/et_pb_text][et_pb_text admin_label=&#8221;maedagua&#8221; _builder_version=&#8221;3.0.65&#8243; text_font_size=&#8221;13px&#8221; text_line_height=&#8221;1.2em&#8221; text_orientation=&#8221;center&#8221; module_alignment=&#8221;center&#8221;] M\u00e3e d\u00b4\u00e1gua,\u00a0nome feminino: a)\u00a0nascente de \u00e1gua; b)\u00a0reservat\u00f3rio de \u00e1gua em local elevado, a partir de onde seguem canais e tubagens secund\u00e1rios que [&hellip;]<\/p>\n","protected":false},"author":1,"featured_media":0,"parent":0,"menu_order":0,"comment_status":"closed","ping_status":"closed","template":"","meta":{"_et_pb_use_builder":"on","_et_pb_old_content":"","_et_gb_content_width":"","_mi_skip_tracking":false,"footnotes":""},"class_list":["post-1177","page","type-page","status-publish","hentry"],"_links":{"self":[{"href":"https:\/\/maedagua.pt\/index.php?rest_route=\/wp\/v2\/pages\/1177","targetHints":{"allow":["GET"]}}],"collection":[{"href":"https:\/\/maedagua.pt\/index.php?rest_route=\/wp\/v2\/pages"}],"about":[{"href":"https:\/\/maedagua.pt\/index.php?rest_route=\/wp\/v2\/types\/page"}],"author":[{"embeddable":true,"href":"https:\/\/maedagua.pt\/index.php?rest_route=\/wp\/v2\/users\/1"}],"replies":[{"embeddable":true,"href":"https:\/\/maedagua.pt\/index.php?rest_route=%2Fwp%2Fv2%2Fcomments&post=1177"}],"version-history":[{"count":64,"href":"https:\/\/maedagua.pt\/index.php?rest_route=\/wp\/v2\/pages\/1177\/revisions"}],"predecessor-version":[{"id":1910,"href":"https:\/\/maedagua.pt\/index.php?rest_route=\/wp\/v2\/pages\/1177\/revisions\/1910"}],"wp:attachment":[{"href":"https:\/\/maedagua.pt\/index.php?rest_route=%2Fwp%2Fv2%2Fmedia&parent=1177"}],"curies":[{"name":"wp","href":"https:\/\/api.w.org\/{rel}","templated":true}]}}